{"id":30423,"date":"2026-02-05T10:05:27","date_gmt":"2026-02-05T07:05:27","guid":{"rendered":"https:\/\/www.noynoybaby.com\/?post_type=product&#038;p=30423"},"modified":"2026-04-01T11:07:58","modified_gmt":"2026-04-01T08:07:58","slug":"erkek-bebek-limon-nakisli-kot-bahcivan-salopet-ve-cizgili-tisort-3lu-takim-9-24-ay","status":"publish","type":"product","link":"https:\/\/www.noynoybaby.com\/pt\/produto\/erkek-bebek-limon-nakisli-kot-bahcivan-salopet-ve-cizgili-tisort-3lu-takim-9-24-ay\/","title":{"rendered":"Conjunto de 3 pe\u00e7as para beb\u00ea menino: jardineira jeans bordada com lim\u00f5es e camiseta listrada (9-24 meses)"},"content":{"rendered":"<p data-path-to-node=\"5\"><b data-path-to-node=\"5\" data-index-in-node=\"0\">A energia do lim\u00e3o e o estilo do jeans, tudo em um s\u00f3!<\/b><\/p>\n<p data-path-to-node=\"6\">Este item faz parte da cole\u00e7\u00e3o mais querida da Noynoy Baby. <b data-path-to-node=\"6\" data-index-in-node=\"51\">Conjunto de 3 pe\u00e7as de macac\u00e3o para beb\u00ea<\/b>, Este conjunto eleva o conforto e o estilo a um novo patamar para os pequenos. Sua textura macia \u00e9 delicada para a pele do beb\u00ea, enquanto seu design certamente atrair\u00e1 todos os olhares.<\/p>\n<h3 data-path-to-node=\"7\">Especifica\u00e7\u00f5es do produto:<\/h3>\n<ul data-path-to-node=\"8\">\n<li>\n<p data-path-to-node=\"8,0,0\"><b data-path-to-node=\"8,0,0\" data-index-in-node=\"0\">Conjunto de 3 pe\u00e7as:<\/b> O pacote inclui 1 jardineira jeans, 1 camiseta de manga curta listrada em amarelo e branco e 1 par de meias combinando.<\/p>\n<\/li>\n<li>\n<p data-path-to-node=\"8,1,0\"><b data-path-to-node=\"8,1,0\" data-index-in-node=\"0\">Detalhes fofos:<\/b> A sensa\u00e7\u00e3o artesanal na \u00e1rea do peito <b data-path-to-node=\"8,1,0\" data-index-in-node=\"57\">bordado de lim\u00e3o<\/b>, Isso confere um toque alegre \u00e0 combina\u00e7\u00e3o.<\/p>\n<\/li>\n<li>\n<p data-path-to-node=\"8,2,0\"><b data-path-to-node=\"8,2,0\" data-index-in-node=\"0\">Design ergon\u00f4mico:<\/b> Os detalhes dos bot\u00f5es nos ombros e a estrutura flex\u00edvel do macac\u00e3o facilitam na hora de vestir e trocar as fraldas.<\/p>\n<\/li>\n<li>\n<p data-path-to-node=\"8,3,0\"><b data-path-to-node=\"8,3,0\" data-index-in-node=\"0\">Tecido de alta qualidade:<\/b> Feito com tecido de malha de algod\u00e3o e denim respir\u00e1vel de alta qualidade que n\u00e3o restringe a liberdade de movimento do seu beb\u00ea.<\/p>\n<\/li>\n<li>\n<p data-path-to-node=\"8,4,0\"><b data-path-to-node=\"8,4,0\" data-index-in-node=\"0\">Uso vers\u00e1til:<\/b> Seja em festas de anivers\u00e1rio ou em passeios casuais no parque, seu beb\u00ea aproveitar\u00e1 cada momento com estilo.<\/p>\n<\/li>\n<\/ul>\n<h3 data-path-to-node=\"9\">Instru\u00e7\u00f5es de manuten\u00e7\u00e3o:<\/h3>\n<ul data-path-to-node=\"10\">\n<li>\n<p data-path-to-node=\"10,0,0\">Recomenda-se lavar do avesso com cores semelhantes a 30 graus Celsius.<\/p>\n<\/li>\n<li>\n<p data-path-to-node=\"10,1,0\">N\u00e3o utilize \u00e1gua sanit\u00e1ria.<\/p>\n<\/li>\n<\/ul>\n<blockquote data-path-to-node=\"11\">\n<p data-path-to-node=\"11,0\"><b data-path-to-node=\"11,0\" data-index-in-node=\"0\">Nota do beb\u00ea Noynoy:<\/b> Combinando qualidade e fofura na moda infantil, este conjunto tamb\u00e9m \u00e9 uma \u00f3tima op\u00e7\u00e3o de presente!<\/p>\n<\/blockquote>\n<p data-path-to-node=\"12\"><strong>Observa\u00e7\u00e3o: Os pre\u00e7os s\u00e3o por unidade. Ao fazer o pedido, voc\u00ea receber\u00e1 4 unidades (9 meses, 12 meses, 18 meses e 24 meses).<\/strong>.<\/p>\n<p data-path-to-node=\"12\">","protected":false},"excerpt":{"rendered":"<p>Destacando-se pelo seu design elegante e fofo, o vestido para menina com detalhes em renda e gola de babados completa a eleg\u00e2ncia do seu beb\u00ea com seu elegante bordado de renda e gola com detalhes em babados. Gra\u00e7as ao seu tecido macio e respir\u00e1vel, adapta-se \u00e0 pele sens\u00edvel e proporciona conforto durante todo o dia. Este vestido \u00e9 a escolha perfeita para ocasi\u00f5es especiais, como anivers\u00e1rios, feriados e sess\u00f5es de fotos, e tamb\u00e9m manter\u00e1 seu beb\u00ea estiloso e confort\u00e1vel no uso di\u00e1rio. Pe\u00e7a agora e adicione um toque de eleg\u00e2ncia ao guarda-roupa do seu beb\u00ea!<\/p>","protected":false},"featured_media":30427,"comment_status":"closed","ping_status":"closed","template":"","meta":[],"product_brand":[74],"product_cat":[114,20,113,87],"product_tag":[],"class_list":{"0":"post-30423","1":"product","2":"type-product","3":"status-publish","4":"has-post-thumbnail","6":"product_brand-noy-noy","7":"product_cat-erkek-cocuk","8":"product_cat-genel","9":"product_cat-kiz-cocuk","10":"product_cat-tulum","11":"pa_renk-beden","12":"pa_renk-bej","13":"pa_renk-beyaz","14":"pa_renk-camel","15":"pa_renk-ekru","16":"pa_renk-fume","17":"pa_renk-gri","18":"pa_renk-gul-kurusu","19":"pa_renk-hardal","20":"pa_renk-indigo","21":"pa_renk-kahverengi","22":"pa_renk-karamel","23":"pa_renk-kiremit","24":"pa_renk-kirmizi","25":"pa_renk-kot","26":"pa_renk-koyu-kahve","27":"pa_renk-krem","28":"pa_renk-mavi","29":"pa_renk-mint-yesili","30":"pa_renk-pembe","31":"pa_renk-pudra","32":"pa_renk-sari","33":"pa_renk-somon","34":"pa_renk-sutlu-kahve","36":"first","37":"outofstock","38":"taxable","39":"shipping-taxable","40":"purchasable","41":"product-type-variable"},"_links":{"self":[{"href":"https:\/\/www.noynoybaby.com\/pt\/wp-json\/wp\/v2\/product\/30423","targetHints":{"allow":["GET"]}}],"collection":[{"href":"https:\/\/www.noynoybaby.com\/pt\/wp-json\/wp\/v2\/product"}],"about":[{"href":"https:\/\/www.noynoybaby.com\/pt\/wp-json\/wp\/v2\/types\/product"}],"replies":[{"embeddable":true,"href":"https:\/\/www.noynoybaby.com\/pt\/wp-json\/wp\/v2\/comments?post=30423"}],"version-history":[{"count":2,"href":"https:\/\/www.noynoybaby.com\/pt\/wp-json\/wp\/v2\/product\/30423\/revisions"}],"predecessor-version":[{"id":30738,"href":"https:\/\/www.noynoybaby.com\/pt\/wp-json\/wp\/v2\/product\/30423\/revisions\/30738"}],"wp:featuredmedia":[{"embeddable":true,"href":"https:\/\/www.noynoybaby.com\/pt\/wp-json\/wp\/v2\/media\/30427"}],"wp:attachment":[{"href":"https:\/\/www.noynoybaby.com\/pt\/wp-json\/wp\/v2\/media?parent=30423"}],"wp:term":[{"taxonomy":"product_brand","embeddable":true,"href":"https:\/\/www.noynoybaby.com\/pt\/wp-json\/wp\/v2\/product_brand?post=30423"},{"taxonomy":"product_cat","embeddable":true,"href":"https:\/\/www.noynoybaby.com\/pt\/wp-json\/wp\/v2\/product_cat?post=30423"},{"taxonomy":"product_tag","embeddable":true,"href":"https:\/\/www.noynoybaby.com\/pt\/wp-json\/wp\/v2\/product_tag?post=30423"}],"curies":[{"name":"wp","href":"https:\/\/api.w.org\/{rel}","templated":true}]}}