{"id":30374,"date":"2026-02-04T12:08:35","date_gmt":"2026-02-04T09:08:35","guid":{"rendered":"https:\/\/www.noynoybaby.com\/?post_type=product&#038;p=30374"},"modified":"2026-04-01T11:09:57","modified_gmt":"2026-04-01T08:09:57","slug":"cizgili-vintage-bebek-elbisesi-dantel-yakali-ve-bandanali-takim-9-24-ay","status":"publish","type":"product","link":"https:\/\/www.noynoybaby.com\/pt\/produto\/cizgili-vintage-bebek-elbisesi-dantel-yakali-ve-bandanali-takim-9-24-ay\/","title":{"rendered":"Vestido listrado vintage para beb\u00ea \u2013 Conjunto com gola de renda e bandana, tamanhos 9 a 24 meses."},"content":{"rendered":"<h3 data-path-to-node=\"5\"><b data-path-to-node=\"5\" data-index-in-node=\"0\">Eleg\u00e2ncia e conforto combinados: Cole\u00e7\u00e3o Vintage para Beb\u00eas da Noynoy<\/b><\/h3>\n<p data-path-to-node=\"6\">Que tal adicionar um toque cl\u00e1ssico ao guarda-roupa do seu beb\u00ea? <b data-path-to-node=\"6\" data-index-in-node=\"66\">Beb\u00ea Noynoy<\/b> Este vestido exclusivo, com design especial, combina padr\u00f5es cl\u00e1ssicos de listras com conforto moderno. Com sua textura macia e detalhes elegantes, ele far\u00e1 seu beb\u00ea brilhar como uma estrela, tanto no dia a dia quanto em ocasi\u00f5es especiais.<\/p>\n<h3 data-path-to-node=\"7\"><b data-path-to-node=\"7\" data-index-in-node=\"0\">Principais caracter\u00edsticas:<\/b><\/h3>\n<ul data-path-to-node=\"8\">\n<li>\n<p data-path-to-node=\"8,0,0\"><b data-path-to-node=\"8,0,0\" data-index-in-node=\"0\">Coleira feita sob medida:<\/b> Detalhes elegantes em renda, um amplo modelo de gola Peter Pan adornado com bordados florais.<\/p>\n<\/li>\n<li>\n<p data-path-to-node=\"8,1,0\"><b data-path-to-node=\"8,1,0\" data-index-in-node=\"0\">Conjunto completo:<\/b> Acompanha uma elegante faixa de cabelo com la\u00e7o de renda que combina perfeitamente com o vestido, oferecida como presente.<\/p>\n<\/li>\n<li>\n<p data-path-to-node=\"8,2,0\"><b data-path-to-node=\"8,2,0\" data-index-in-node=\"0\">Eleg\u00e2ncia nos detalhes:<\/b> As mangas curtas apresentam detalhes de la\u00e7o e um corte franzido, oferecendo liberdade de movimento.<\/p>\n<\/li>\n<li>\n<p data-path-to-node=\"8,3,0\"><b data-path-to-node=\"8,3,0\" data-index-in-node=\"0\">Tecido de alta qualidade:<\/b> Tecido de algod\u00e3o de alta qualidade que permite que a pele do seu beb\u00ea respire, evita a transpira\u00e7\u00e3o e n\u00e3o causa irrita\u00e7\u00f5es.<\/p>\n<\/li>\n<li>\n<p data-path-to-node=\"8,4,0\"><b data-path-to-node=\"8,4,0\" data-index-in-node=\"0\">Paleta de cores:<\/b> Um padr\u00e3o listrado em tons de vinho e creme que oferece eleg\u00e2ncia atemporal.<\/p>\n<\/li>\n<\/ul>\n<h3 data-path-to-node=\"9\"><b data-path-to-node=\"9\" data-index-in-node=\"0\">\u00c1reas de aplica\u00e7\u00e3o:<\/b><\/h3>\n<p data-path-to-node=\"10\">Este elegante fato; <b data-path-to-node=\"10\" data-index-in-node=\"14\">Ch\u00e1s de beb\u00ea, festas de anivers\u00e1rio, visitas familiares ou passeios de f\u00e9rias.<\/b> \u00c9 uma escolha perfeita. Ajuda voc\u00ea a capturar fotos incr\u00edveis em seus ensaios fotogr\u00e1ficos.<\/p>\n<hr data-path-to-node=\"11\" \/>\n<h3 data-path-to-node=\"12\"><b data-path-to-node=\"12\" data-index-in-node=\"0\">Instru\u00e7\u00f5es de lavagem e cuidados:<\/b><\/h3>\n<ul data-path-to-node=\"13\">\n<li>\n<p data-path-to-node=\"13,0,0\">Lavar em ciclo delicado a 30 graus Celsius com cores semelhantes.<\/p>\n<\/li>\n<li>\n<p data-path-to-node=\"13,1,0\">N\u00e3o utilize \u00e1gua sanit\u00e1ria.<\/p>\n<\/li>\n<li>\n<p data-path-to-node=\"13,2,0\">Recomenda-se passar a ferro pelo avesso em temperatura baixa.<\/p>\n<\/li>\n<\/ul>\n<blockquote data-path-to-node=\"14\">\n<p data-path-to-node=\"14,0\"><b data-path-to-node=\"14,0\" data-index-in-node=\"0\">Nota do beb\u00ea Noynoy:<\/b> Cada um dos nossos produtos foi cuidadosamente selecionado pensando na sensibilidade e no conforto do seu beb\u00ea.<\/p>\n<\/blockquote>\n<p data-path-to-node=\"12\"><strong>Observa\u00e7\u00e3o: Os pre\u00e7os s\u00e3o por unidade. Ao fazer o pedido, voc\u00ea receber\u00e1 4 unidades (9 meses, 12 meses, 18 meses e 24 meses).<\/strong>.<\/p>\n<p data-path-to-node=\"12\">","protected":false},"excerpt":{"rendered":"<p>Destacando-se pelo seu design elegante e fofo, o vestido para menina com detalhes em renda e gola de babados completa a eleg\u00e2ncia do seu beb\u00ea com seu elegante bordado de renda e gola com detalhes em babados. Gra\u00e7as ao seu tecido macio e respir\u00e1vel, adapta-se \u00e0 pele sens\u00edvel e proporciona conforto durante todo o dia. Este vestido \u00e9 a escolha perfeita para ocasi\u00f5es especiais, como anivers\u00e1rios, feriados e sess\u00f5es de fotos, e tamb\u00e9m manter\u00e1 seu beb\u00ea estiloso e confort\u00e1vel no uso di\u00e1rio. Pe\u00e7a agora e adicione um toque de eleg\u00e2ncia ao guarda-roupa do seu beb\u00ea!<\/p>","protected":false},"featured_media":30376,"comment_status":"closed","ping_status":"closed","template":"","meta":[],"product_brand":[74],"product_cat":[75,20,113],"product_tag":[],"class_list":{"0":"post-30374","1":"product","2":"type-product","3":"status-publish","4":"has-post-thumbnail","6":"product_brand-noy-noy","7":"product_cat-elbise","8":"product_cat-genel","9":"product_cat-kiz-cocuk","10":"pa_renk-beden","11":"pa_renk-bej","12":"pa_renk-beyaz","13":"pa_renk-camel","14":"pa_renk-ekru","15":"pa_renk-fume","16":"pa_renk-gri","17":"pa_renk-gul-kurusu","18":"pa_renk-hardal","19":"pa_renk-indigo","20":"pa_renk-kahverengi","21":"pa_renk-karamel","22":"pa_renk-kiremit","23":"pa_renk-kirmizi","24":"pa_renk-kot","25":"pa_renk-koyu-kahve","26":"pa_renk-krem","27":"pa_renk-mavi","28":"pa_renk-mint-yesili","29":"pa_renk-pembe","30":"pa_renk-pudra","31":"pa_renk-somon","32":"pa_renk-sutlu-kahve","34":"first","35":"outofstock","36":"taxable","37":"shipping-taxable","38":"purchasable","39":"product-type-variable"},"_links":{"self":[{"href":"https:\/\/www.noynoybaby.com\/pt\/wp-json\/wp\/v2\/product\/30374","targetHints":{"allow":["GET"]}}],"collection":[{"href":"https:\/\/www.noynoybaby.com\/pt\/wp-json\/wp\/v2\/product"}],"about":[{"href":"https:\/\/www.noynoybaby.com\/pt\/wp-json\/wp\/v2\/types\/product"}],"replies":[{"embeddable":true,"href":"https:\/\/www.noynoybaby.com\/pt\/wp-json\/wp\/v2\/comments?post=30374"}],"version-history":[{"count":2,"href":"https:\/\/www.noynoybaby.com\/pt\/wp-json\/wp\/v2\/product\/30374\/revisions"}],"predecessor-version":[{"id":30579,"href":"https:\/\/www.noynoybaby.com\/pt\/wp-json\/wp\/v2\/product\/30374\/revisions\/30579"}],"wp:featuredmedia":[{"embeddable":true,"href":"https:\/\/www.noynoybaby.com\/pt\/wp-json\/wp\/v2\/media\/30376"}],"wp:attachment":[{"href":"https:\/\/www.noynoybaby.com\/pt\/wp-json\/wp\/v2\/media?parent=30374"}],"wp:term":[{"taxonomy":"product_brand","embeddable":true,"href":"https:\/\/www.noynoybaby.com\/pt\/wp-json\/wp\/v2\/product_brand?post=30374"},{"taxonomy":"product_cat","embeddable":true,"href":"https:\/\/www.noynoybaby.com\/pt\/wp-json\/wp\/v2\/product_cat?post=30374"},{"taxonomy":"product_tag","embeddable":true,"href":"https:\/\/www.noynoybaby.com\/pt\/wp-json\/wp\/v2\/product_tag?post=30374"}],"curies":[{"name":"wp","href":"https:\/\/api.w.org\/{rel}","templated":true}]}}