{"id":30255,"date":"2026-02-03T12:04:43","date_gmt":"2026-02-03T09:04:43","guid":{"rendered":"https:\/\/www.noynoybaby.com\/?post_type=product&#038;p=30255"},"modified":"2026-04-01T11:20:51","modified_gmt":"2026-04-01T08:20:51","slug":"muslin-nakisli-bebek-tulum-seti-krem-orgu-hirka-ve-sapkali-4lu-takim-3-6-ay","status":"publish","type":"product","link":"https:\/\/www.noynoybaby.com\/pt\/produto\/muslin-nakisli-bebek-tulum-seti-krem-orgu-hirka-ve-sapkali-4lu-takim-3-6-ay\/","title":{"rendered":"Conjunto de body bordado em musselina para beb\u00ea \u2013 conjunto de casaquinho e gorro de tric\u00f4 creme, 4 pe\u00e7as, 3-6 meses"},"content":{"rendered":"<p data-path-to-node=\"7\"><b data-path-to-node=\"7\" data-index-in-node=\"0\">O primeiro look estiloso do seu beb\u00ea: Cole\u00e7\u00e3o Vintage da Noynoy Baby<\/b><\/p>\n<p data-path-to-node=\"8\">Combinamos o toque mais suave para a pele delicada do seu beb\u00ea com um design atemporal. Este conjunto especial de 4 pe\u00e7as da Noynoy Baby oferece eleg\u00e2ncia e conforto. Seu beb\u00ea brilhar\u00e1 tanto no dia a dia quanto em ocasi\u00f5es especiais, como batizados, sess\u00f5es de fotos ou alta hospitalar.<\/p>\n<h3 data-path-to-node=\"9\">\u2728 Conte\u00fado e recursos do conjunto<\/h3>\n<ul data-path-to-node=\"10\">\n<li>\n<p data-path-to-node=\"10,0,0\"><b data-path-to-node=\"10,0,0\" data-index-in-node=\"0\">Macac\u00e3o de musselina bordado:<\/b> Confeccionada em tecido de algod\u00e3o musselina 0 respir\u00e1vel. Apresenta bordados florais elegantes e detalhes em renda no peito, conferindo um toque vintage. Os bot\u00f5es de press\u00e3o na parte inferior facilitam a troca de fraldas.<\/p>\n<\/li>\n<li>\n<p data-path-to-node=\"10,1,0\"><b data-path-to-node=\"10,1,0\" data-index-in-node=\"0\">Cardig\u00e3 de tric\u00f4:<\/b> Um elegante casaquinho de tric\u00f4 com detalhes de bot\u00f5es e uma estampa chique, perfeito para manter seu beb\u00ea aquecido durante as esta\u00e7\u00f5es de transi\u00e7\u00e3o.<\/p>\n<\/li>\n<li>\n<p data-path-to-node=\"10,2,0\"><b data-path-to-node=\"10,2,0\" data-index-in-node=\"0\">Touca\/Chap\u00e9u de Musselina com Babados:<\/b> Um acess\u00f3rio elegante que completa o conjunto, com um design de amarrar que envolve delicadamente a cabe\u00e7a do seu beb\u00ea.<\/p>\n<\/li>\n<li>\n<p data-path-to-node=\"10,3,0\"><b data-path-to-node=\"10,3,0\" data-index-in-node=\"0\">Meias combinando para beb\u00eas:<\/b> Seu tecido de algod\u00e3o envolve confortavelmente os pezinhos.<\/p>\n<\/li>\n<\/ul>\n<h3 data-path-to-node=\"11\">\ud83c\udf1f Por que voc\u00ea deveria escolher esta equipe?<\/h3>\n<ul data-path-to-node=\"12\">\n<li>\n<p data-path-to-node=\"12,0,0\"><b data-path-to-node=\"12,0,0\" data-index-in-node=\"0\">Ingredientes naturais:<\/b> Tecidos naturais que n\u00e3o agridem a pele do seu beb\u00ea nem causam transpira\u00e7\u00e3o.<\/p>\n<\/li>\n<li>\n<p data-path-to-node=\"12,1,0\"><b data-path-to-node=\"12,1,0\" data-index-in-node=\"0\">Design elegante:<\/b> A eleg\u00e2ncia dos tons creme e os detalhes bo\u00eamios fazem dela a escolha perfeita para fotografias.<\/p>\n<\/li>\n<li>\n<p data-path-to-node=\"12,2,0\"><b data-path-to-node=\"12,2,0\" data-index-in-node=\"0\">Op\u00e7\u00e3o de presente:<\/b> Uma \u00f3tima op\u00e7\u00e3o de presente para visitas de rec\u00e9m-nascidos e ch\u00e1s de beb\u00ea.<\/p>\n<\/li>\n<\/ul>\n<p data-path-to-node=\"12\"><strong>Observa\u00e7\u00e3o: Os pre\u00e7os s\u00e3o por unidade. Ao fazer um pedido, voc\u00ea receber\u00e1 1 unidade (3 a 6 meses).<\/strong>.<\/p>\n<p data-path-to-node=\"12\">","protected":false},"excerpt":{"rendered":"<p>Destacando-se pelo seu design elegante e fofo, o vestido para menina com detalhes em renda e gola de babados completa a eleg\u00e2ncia do seu beb\u00ea com seu elegante bordado de renda e gola com detalhes em babados. Gra\u00e7as ao seu tecido macio e respir\u00e1vel, adapta-se \u00e0 pele sens\u00edvel e proporciona conforto durante todo o dia. Este vestido \u00e9 a escolha perfeita para ocasi\u00f5es especiais, como anivers\u00e1rios, feriados e sess\u00f5es de fotos, e tamb\u00e9m manter\u00e1 seu beb\u00ea estiloso e confort\u00e1vel no uso di\u00e1rio. Pe\u00e7a agora e adicione um toque de eleg\u00e2ncia ao guarda-roupa do seu beb\u00ea!<\/p>","protected":false},"featured_media":30256,"comment_status":"closed","ping_status":"closed","template":"","meta":[],"product_brand":[126],"product_cat":[83,20,113,87],"product_tag":[],"class_list":{"0":"post-30255","1":"product","2":"type-product","3":"status-publish","4":"has-post-thumbnail","6":"product_brand-noy-noy-kutu","7":"product_cat-bebek-takimi","8":"product_cat-genel","9":"product_cat-kiz-cocuk","10":"product_cat-tulum","11":"pa_renk-beden","12":"pa_renk-bej","13":"pa_renk-beyaz","14":"pa_renk-ekru","15":"pa_renk-gri","16":"pa_renk-kahverengi","17":"pa_renk-kirmizi","18":"pa_renk-kot","19":"pa_renk-krem","20":"pa_renk-pembe","21":"pa_renk-pudra","22":"pa_renk-somon","24":"first","25":"outofstock","26":"taxable","27":"shipping-taxable","28":"purchasable","29":"product-type-simple"},"_links":{"self":[{"href":"https:\/\/www.noynoybaby.com\/pt\/wp-json\/wp\/v2\/product\/30255","targetHints":{"allow":["GET"]}}],"collection":[{"href":"https:\/\/www.noynoybaby.com\/pt\/wp-json\/wp\/v2\/product"}],"about":[{"href":"https:\/\/www.noynoybaby.com\/pt\/wp-json\/wp\/v2\/types\/product"}],"replies":[{"embeddable":true,"href":"https:\/\/www.noynoybaby.com\/pt\/wp-json\/wp\/v2\/comments?post=30255"}],"version-history":[{"count":1,"href":"https:\/\/www.noynoybaby.com\/pt\/wp-json\/wp\/v2\/product\/30255\/revisions"}],"predecessor-version":[{"id":30258,"href":"https:\/\/www.noynoybaby.com\/pt\/wp-json\/wp\/v2\/product\/30255\/revisions\/30258"}],"wp:featuredmedia":[{"embeddable":true,"href":"https:\/\/www.noynoybaby.com\/pt\/wp-json\/wp\/v2\/media\/30256"}],"wp:attachment":[{"href":"https:\/\/www.noynoybaby.com\/pt\/wp-json\/wp\/v2\/media?parent=30255"}],"wp:term":[{"taxonomy":"product_brand","embeddable":true,"href":"https:\/\/www.noynoybaby.com\/pt\/wp-json\/wp\/v2\/product_brand?post=30255"},{"taxonomy":"product_cat","embeddable":true,"href":"https:\/\/www.noynoybaby.com\/pt\/wp-json\/wp\/v2\/product_cat?post=30255"},{"taxonomy":"product_tag","embeddable":true,"href":"https:\/\/www.noynoybaby.com\/pt\/wp-json\/wp\/v2\/product_tag?post=30255"}],"curies":[{"name":"wp","href":"https:\/\/api.w.org\/{rel}","templated":true}]}}