{"id":30222,"date":"2026-02-03T11:12:27","date_gmt":"2026-02-03T08:12:27","guid":{"rendered":"https:\/\/www.noynoybaby.com\/?post_type=product&#038;p=30222"},"modified":"2026-03-13T15:15:29","modified_gmt":"2026-03-13T12:15:29","slug":"kiz-bebek-kadife-jile-salopet-takimi-4-parca-bordo-3-6-ay","status":"publish","type":"product","link":"https:\/\/www.noynoybaby.com\/pt\/produto\/kiz-bebek-kadife-jile-salopet-takimi-4-parca-bordo-3-6-ay\/","title":{"rendered":"Conjunto de macac\u00e3o de veludo para beb\u00ea menina \u2013 4 pe\u00e7as, cor bord\u00f4, tamanho 3-6 meses"},"content":{"rendered":"<p data-path-to-node=\"5\"><b data-path-to-node=\"5\" data-index-in-node=\"0\">Eleg\u00e2ncia e conforto combinados: Conjunto de colete de veludo bord\u00f4 para beb\u00ea menina da Noynoy<\/b><\/p>\n<p data-path-to-node=\"6\">Este conjunto de 4 pe\u00e7as, concebido com a qualidade Noynoy Baby, far\u00e1 toda a diferen\u00e7a nos dias especiais do seu beb\u00e9 ou no seu estilo do dia a dia. Com a sua textura aveludada e a cor borgonha intemporal, a sua pequena princesa ficar\u00e1 elegante e confort\u00e1vel.<\/p>\n<h3 data-path-to-node=\"7\"><b data-path-to-node=\"7\" data-index-in-node=\"0\">Especifica\u00e7\u00f5es do produto:<\/b><\/h3>\n<ul data-path-to-node=\"8\">\n<li>\n<p data-path-to-node=\"8,0,0\"><b data-path-to-node=\"8,0,0\" data-index-in-node=\"0\">Conjunto completo de 4 pe\u00e7as:<\/b> O conjunto inclui: 1 item <b data-path-to-node=\"8,0,0\" data-index-in-node=\"45\">macac\u00e3o de veludo<\/b>, 1 pe\u00e7a <b data-path-to-node=\"8,0,0\" data-index-in-node=\"73\">body de beb\u00ea com gola bordada<\/b>, 1 pe\u00e7a <b data-path-to-node=\"8,0,0\" data-index-in-node=\"104\">Bandana com la\u00e7o<\/b> e 1 pe\u00e7a para completar o conjunto <b data-path-to-node=\"8,0,0\" data-index-in-node=\"149\">meia-cal\u00e7a<\/b> Est\u00e1 localizado.<\/p>\n<\/li>\n<li>\n<p data-path-to-node=\"8,1,0\"><b data-path-to-node=\"8,1,0\" data-index-in-node=\"0\">Tecido de alta qualidade:<\/b> Confeccionada com tecidos de algod\u00e3o respir\u00e1veis e material aveludado macio, ideal para a pele delicada do seu beb\u00ea.<\/p>\n<\/li>\n<li>\n<p data-path-to-node=\"8,2,0\"><b data-path-to-node=\"8,2,0\" data-index-in-node=\"0\">Detalhes elegantes:<\/b> O elegante bordado na gola do body e o pequeno detalhe floral no colete conferem \u00e0 pe\u00e7a um toque cl\u00e1ssico.<\/p>\n<\/li>\n<li>\n<p data-path-to-node=\"8,3,0\"><b data-path-to-node=\"8,3,0\" data-index-in-node=\"0\">Facilidade de uso:<\/b> Gra\u00e7as aos fechos de press\u00e3o na parte inferior e \u00e0 sua estrutura flex\u00edvel, proporciona grande facilidade na hora de vestir e trocar fraldas.<\/p>\n<\/li>\n<li>\n<p data-path-to-node=\"8,4,0\"><b data-path-to-node=\"8,4,0\" data-index-in-node=\"0\">Op\u00e7\u00e3o de presente:<\/b> Com seu design elegante, \u00e9 uma op\u00e7\u00e3o de presente perfeita para ch\u00e1s de beb\u00ea, anivers\u00e1rios ou visitas de fim de ano.<\/p>\n<\/li>\n<\/ul>\n<p data-path-to-node=\"12\"><strong>Observa\u00e7\u00e3o: Os pre\u00e7os s\u00e3o por unidade. Ao fazer um pedido, voc\u00ea receber\u00e1 1 unidade (3 a 6 meses).<\/strong>.<\/p>\n<p data-path-to-node=\"12\">","protected":false},"excerpt":{"rendered":"<p>Destacando-se pelo seu design elegante e fofo, o vestido para menina com detalhes em renda e gola de babados completa a eleg\u00e2ncia do seu beb\u00ea com seu elegante bordado de renda e gola com detalhes em babados. Gra\u00e7as ao seu tecido macio e respir\u00e1vel, adapta-se \u00e0 pele sens\u00edvel e proporciona conforto durante todo o dia. Este vestido \u00e9 a escolha perfeita para ocasi\u00f5es especiais, como anivers\u00e1rios, feriados e sess\u00f5es de fotos, e tamb\u00e9m manter\u00e1 seu beb\u00ea estiloso e confort\u00e1vel no uso di\u00e1rio. Pe\u00e7a agora e adicione um toque de eleg\u00e2ncia ao guarda-roupa do seu beb\u00ea!<\/p>","protected":false},"featured_media":30223,"comment_status":"closed","ping_status":"closed","template":"","meta":[],"product_brand":[126],"product_cat":[83,20,113,87],"product_tag":[],"class_list":{"0":"post-30222","1":"product","2":"type-product","3":"status-publish","4":"has-post-thumbnail","6":"product_brand-noy-noy-kutu","7":"product_cat-bebek-takimi","8":"product_cat-genel","9":"product_cat-kiz-cocuk","10":"product_cat-tulum","11":"pa_renk-beden","12":"pa_renk-bej","13":"pa_renk-beyaz","14":"pa_renk-ekru","15":"pa_renk-gri","16":"pa_renk-kahverengi","17":"pa_renk-kirmizi","18":"pa_renk-kot","19":"pa_renk-krem","20":"pa_renk-pembe","21":"pa_renk-pudra","22":"pa_renk-somon","24":"first","25":"instock","26":"taxable","27":"shipping-taxable","28":"purchasable","29":"product-type-simple"},"_links":{"self":[{"href":"https:\/\/www.noynoybaby.com\/pt\/wp-json\/wp\/v2\/product\/30222","targetHints":{"allow":["GET"]}}],"collection":[{"href":"https:\/\/www.noynoybaby.com\/pt\/wp-json\/wp\/v2\/product"}],"about":[{"href":"https:\/\/www.noynoybaby.com\/pt\/wp-json\/wp\/v2\/types\/product"}],"replies":[{"embeddable":true,"href":"https:\/\/www.noynoybaby.com\/pt\/wp-json\/wp\/v2\/comments?post=30222"}],"version-history":[{"count":1,"href":"https:\/\/www.noynoybaby.com\/pt\/wp-json\/wp\/v2\/product\/30222\/revisions"}],"predecessor-version":[{"id":30224,"href":"https:\/\/www.noynoybaby.com\/pt\/wp-json\/wp\/v2\/product\/30222\/revisions\/30224"}],"wp:featuredmedia":[{"embeddable":true,"href":"https:\/\/www.noynoybaby.com\/pt\/wp-json\/wp\/v2\/media\/30223"}],"wp:attachment":[{"href":"https:\/\/www.noynoybaby.com\/pt\/wp-json\/wp\/v2\/media?parent=30222"}],"wp:term":[{"taxonomy":"product_brand","embeddable":true,"href":"https:\/\/www.noynoybaby.com\/pt\/wp-json\/wp\/v2\/product_brand?post=30222"},{"taxonomy":"product_cat","embeddable":true,"href":"https:\/\/www.noynoybaby.com\/pt\/wp-json\/wp\/v2\/product_cat?post=30222"},{"taxonomy":"product_tag","embeddable":true,"href":"https:\/\/www.noynoybaby.com\/pt\/wp-json\/wp\/v2\/product_tag?post=30222"}],"curies":[{"name":"wp","href":"https:\/\/api.w.org\/{rel}","templated":true}]}}