{"id":30183,"date":"2026-02-03T09:42:01","date_gmt":"2026-02-03T06:42:01","guid":{"rendered":"https:\/\/www.noynoybaby.com\/?post_type=product&#038;p=30183"},"modified":"2026-04-01T11:30:34","modified_gmt":"2026-04-01T08:30:34","slug":"kiz-bebek-somon-dantelli-tul-elbise-takimi-4lu-set-bandana-sort-ve-corap-dahil-3-6-ay","status":"publish","type":"product","link":"https:\/\/www.noynoybaby.com\/pt\/produto\/kiz-bebek-somon-dantelli-tul-elbise-takimi-4lu-set-bandana-sort-ve-corap-dahil-3-6-ay\/","title":{"rendered":"Conjunto de vestido de tule com renda salm\u00e3o para beb\u00ea menina \u2013 Conjunto de 4 pe\u00e7as (inclui bandana, shorts e meias) 3-6 meses"},"content":{"rendered":"<p data-path-to-node=\"6\"><b data-path-to-node=\"6\" data-index-in-node=\"0\">Eleg\u00e2ncia para pequenas princesas: Conjunto de vestido de renda salm\u00e3o de 4 pe\u00e7as Noynoy Baby<\/b><\/p>\n<p data-path-to-node=\"7\">Criado para tornar os momentos mais especiais do seu beb\u00ea inesquec\u00edveis, este conjunto elegante combina sofistica\u00e7\u00e3o e conforto. Com suas cores suaves e acabamento impec\u00e1vel, \u00e9 a escolha perfeita para anivers\u00e1rios, batizados, casamentos e todas as ocasi\u00f5es especiais!<\/p>\n<h3 data-path-to-node=\"8\">Conte\u00fado e caracter\u00edsticas do produto:<\/h3>\n<ul data-path-to-node=\"9\">\n<li>\n<p data-path-to-node=\"9,0,0\"><b data-path-to-node=\"9,0,0\" data-index-in-node=\"0\">Vestido de renda e tule:<\/b> A parte de cima \u00e9 adornada com elegantes detalhes em renda floral, enquanto a parte de baixo apresenta tule volumoso e macio. Um grande la\u00e7o de cetim no busto adiciona um toque rom\u00e2ntico ao design.<\/p>\n<\/li>\n<li>\n<p data-path-to-node=\"9,1,0\"><b data-path-to-node=\"9,1,0\" data-index-in-node=\"0\">Bandana estilosa:<\/b> Um acess\u00f3rio flex\u00edvel que combina com os detalhes de renda do vestido e n\u00e3o aperta a cabe\u00e7a do beb\u00ea.<\/p>\n<\/li>\n<li>\n<p data-path-to-node=\"9,2,0\"><b data-path-to-node=\"9,2,0\" data-index-in-node=\"0\">Calcinhas\/Calcinhas para Beb\u00ea:<\/b> Um modelo confort\u00e1vel que pode ser usado por baixo da roupa, cobrindo elegantemente a \u00e1rea da fralda.<\/p>\n<\/li>\n<li>\n<p data-path-to-node=\"9,3,0\"><b data-path-to-node=\"9,3,0\" data-index-in-node=\"0\">Meias at\u00e9 o joelho com la\u00e7os:<\/b> Para completar o look, meias de algod\u00e3o com detalhes de la\u00e7o de renda, combinando com o vestido.<\/p>\n<\/li>\n<\/ul>\n<h3 data-path-to-node=\"10\">Por que voc\u00ea deveria escolher esta equipe?<\/h3>\n<ul data-path-to-node=\"11\">\n<li>\n<p data-path-to-node=\"11,0,0\"><b data-path-to-node=\"11,0,0\" data-index-in-node=\"0\">Amigo da pele:<\/b> O forro interno foi projetado para ser suave e n\u00e3o irritante para a pele delicada do seu beb\u00ea.<\/p>\n<\/li>\n<li>\n<p data-path-to-node=\"11,1,0\"><b data-path-to-node=\"11,1,0\" data-index-in-node=\"0\">Tecido respir\u00e1vel:<\/b> Tecido de alta qualidade que impede que seu beb\u00ea sue durante todo o seu dia especial.<\/p>\n<\/li>\n<li>\n<p data-path-to-node=\"11,2,0\"><b data-path-to-node=\"11,2,0\" data-index-in-node=\"0\">Op\u00e7\u00e3o de presente:<\/b> Sua embalagem elegante a torna um presente perfeito para rec\u00e9m-nascidos ou anivers\u00e1rios.<\/p>\n<\/li>\n<\/ul>\n<p data-path-to-node=\"12\"><strong>Observa\u00e7\u00e3o: Os pre\u00e7os s\u00e3o por unidade. Ao fazer um pedido, voc\u00ea receber\u00e1 1 unidade (3 a 6 meses).<\/strong>.<\/p>\n<p data-path-to-node=\"12\">","protected":false},"excerpt":{"rendered":"<p>Destacando-se pelo seu design elegante e fofo, o vestido para menina com detalhes em renda e gola de babados completa a eleg\u00e2ncia do seu beb\u00ea com seu elegante bordado de renda e gola com detalhes em babados. Gra\u00e7as ao seu tecido macio e respir\u00e1vel, adapta-se \u00e0 pele sens\u00edvel e proporciona conforto durante todo o dia. Este vestido \u00e9 a escolha perfeita para ocasi\u00f5es especiais, como anivers\u00e1rios, feriados e sess\u00f5es de fotos, e tamb\u00e9m manter\u00e1 seu beb\u00ea estiloso e confort\u00e1vel no uso di\u00e1rio. Pe\u00e7a agora e adicione um toque de eleg\u00e2ncia ao guarda-roupa do seu beb\u00ea!<\/p>","protected":false},"featured_media":30184,"comment_status":"closed","ping_status":"closed","template":"","meta":[],"product_brand":[126],"product_cat":[75,20,113],"product_tag":[],"class_list":{"0":"post-30183","1":"product","2":"type-product","3":"status-publish","4":"has-post-thumbnail","6":"product_brand-noy-noy-kutu","7":"product_cat-elbise","8":"product_cat-genel","9":"product_cat-kiz-cocuk","10":"pa_renk-beden","11":"pa_renk-bej","12":"pa_renk-beyaz","13":"pa_renk-ekru","14":"pa_renk-gri","15":"pa_renk-kahverengi","16":"pa_renk-kirmizi","17":"pa_renk-kot","18":"pa_renk-krem","19":"pa_renk-pembe","20":"pa_renk-pudra","21":"pa_renk-somon","23":"first","24":"outofstock","25":"taxable","26":"shipping-taxable","27":"purchasable","28":"product-type-simple"},"_links":{"self":[{"href":"https:\/\/www.noynoybaby.com\/pt\/wp-json\/wp\/v2\/product\/30183","targetHints":{"allow":["GET"]}}],"collection":[{"href":"https:\/\/www.noynoybaby.com\/pt\/wp-json\/wp\/v2\/product"}],"about":[{"href":"https:\/\/www.noynoybaby.com\/pt\/wp-json\/wp\/v2\/types\/product"}],"replies":[{"embeddable":true,"href":"https:\/\/www.noynoybaby.com\/pt\/wp-json\/wp\/v2\/comments?post=30183"}],"version-history":[{"count":3,"href":"https:\/\/www.noynoybaby.com\/pt\/wp-json\/wp\/v2\/product\/30183\/revisions"}],"predecessor-version":[{"id":30686,"href":"https:\/\/www.noynoybaby.com\/pt\/wp-json\/wp\/v2\/product\/30183\/revisions\/30686"}],"wp:featuredmedia":[{"embeddable":true,"href":"https:\/\/www.noynoybaby.com\/pt\/wp-json\/wp\/v2\/media\/30184"}],"wp:attachment":[{"href":"https:\/\/www.noynoybaby.com\/pt\/wp-json\/wp\/v2\/media?parent=30183"}],"wp:term":[{"taxonomy":"product_brand","embeddable":true,"href":"https:\/\/www.noynoybaby.com\/pt\/wp-json\/wp\/v2\/product_brand?post=30183"},{"taxonomy":"product_cat","embeddable":true,"href":"https:\/\/www.noynoybaby.com\/pt\/wp-json\/wp\/v2\/product_cat?post=30183"},{"taxonomy":"product_tag","embeddable":true,"href":"https:\/\/www.noynoybaby.com\/pt\/wp-json\/wp\/v2\/product_tag?post=30183"}],"curies":[{"name":"wp","href":"https:\/\/api.w.org\/{rel}","templated":true}]}}