{"id":29612,"date":"2026-01-28T09:46:19","date_gmt":"2026-01-28T06:46:19","guid":{"rendered":"http:\/\/www.noynoybaby.com\/?post_type=product&#038;p=29612"},"modified":"2026-04-01T11:21:38","modified_gmt":"2026-04-01T08:21:38","slug":"yaprak-desenli-kiz-bebek-elbise-krem-renk","status":"publish","type":"product","link":"https:\/\/www.noynoybaby.com\/pt\/produto\/yaprak-desenli-kiz-bebek-elbise-krem-renk\/","title":{"rendered":"Vestido com babados nas mangas e detalhe de bot\u00f5es, tamanho 9-24 meses."},"content":{"rendered":"<p data-path-to-node=\"6\"><b data-path-to-node=\"6\" data-index-in-node=\"0\">Brisa de Ver\u00e3o com NoyNoy Baby: Vestido de Beb\u00ea Elegante com Bordados e Babados<\/b><\/p>\n<p data-path-to-node=\"7\">Este vestido especial, confeccionado com aten\u00e7\u00e3o aos detalhes para real\u00e7ar a eleg\u00e2ncia da sua beb\u00ea, combina o estilo cl\u00e1ssico com o conforto moderno. Com sua textura natural e modelagem fluida, ele tem tudo para se tornar uma pe\u00e7a favorita no guarda-roupa das pequenas.<\/p>\n<h3 data-path-to-node=\"8\"><b data-path-to-node=\"8\" data-index-in-node=\"0\">Principais detalhes do projeto:<\/b><\/h3>\n<ul data-path-to-node=\"9\">\n<li>\n<p data-path-to-node=\"9,0,0\"><b data-path-to-node=\"9,0,0\" data-index-in-node=\"0\">Magn\u00edfica gola com babados:<\/b> O decote amplo com babados, que se estende dos ombros at\u00e9 o busto, confere um toque nost\u00e1lgico e elegante ao vestido.<\/p>\n<\/li>\n<li>\n<p data-path-to-node=\"9,1,0\"><b data-path-to-node=\"9,1,0\" data-index-in-node=\"0\">Bordados florais elegantes:<\/b> Os detalhes de bordado tom sobre tom, delicadamente trabalhados no tecido, conferem profundidade e um toque sofisticado ao vestido.<\/p>\n<\/li>\n<li>\n<p data-path-to-node=\"9,2,0\"><b data-path-to-node=\"9,2,0\" data-index-in-node=\"0\">Saias fluidas:<\/b> O detalhe de babado na barra proporciona um balan\u00e7o elegante enquanto seu beb\u00ea se move.<\/p>\n<\/li>\n<li>\n<p data-path-to-node=\"9,3,0\"><b data-path-to-node=\"9,3,0\" data-index-in-node=\"0\">Detalhe do bot\u00e3o de p\u00e9rola:<\/b> Os elegantes bot\u00f5es na gola oferecem um toque est\u00e9tico e praticidade ao vestir.<\/p>\n<\/li>\n<li>\n<p data-path-to-node=\"9,4,0\"><b data-path-to-node=\"9,4,0\" data-index-in-node=\"0\">Bandana complementar:<\/b> O conjunto inclui uma bandana de renda com detalhe de la\u00e7o, combinando com a textura do vestido.<\/p>\n<\/li>\n<\/ul>\n<h3 data-path-to-node=\"10\"><b data-path-to-node=\"10\" data-index-in-node=\"0\">\u00c1reas de aplica\u00e7\u00e3o:<\/b><\/h3>\n<p data-path-to-node=\"11\">\u00c9 a escolha perfeita para anivers\u00e1rios, jantares em fam\u00edlia, visitas de f\u00e9rias ou passeios elegantes de ver\u00e3o. Gra\u00e7as ao seu tecido respir\u00e1vel, seu beb\u00ea se sentir\u00e1 confort\u00e1vel o dia todo.<\/p>\n<h5>Observa\u00e7\u00e3o: Os pre\u00e7os s\u00e3o por unidade. Ao fazer o pedido, voc\u00ea receber\u00e1 4 unidades (9 meses, 12 meses, 18 meses e 24 meses).<\/h5>","protected":false},"excerpt":{"rendered":"<p>Este elegante e charmoso vestido para beb\u00ea, com mangas franzidas, bot\u00f5es de renda estilosos e gola com babados, completa o visual da sua pequena. Seu tecido macio e respir\u00e1vel \u00e9 delicado para a pele sens\u00edvel e proporciona conforto durante todo o dia. Uma escolha perfeita para ocasi\u00f5es especiais como anivers\u00e1rios, feriados e ensaios fotogr\u00e1ficos, este vestido tamb\u00e9m garante que sua beb\u00ea fique estilosa e confort\u00e1vel no dia a dia. Encomende agora e adicione um toque de eleg\u00e2ncia ao guarda-roupa da sua beb\u00ea! Acompanha uma bandana de brinde.<\/p>\n<p>Observa\u00e7\u00e3o: Os pre\u00e7os s\u00e3o por unidade. Ao fazer o pedido, voc\u00ea receber\u00e1 4 unidades (9 meses, 12 meses, 18 meses e 24 meses).<\/p>","protected":false},"featured_media":29613,"comment_status":"closed","ping_status":"closed","template":"","meta":[],"product_brand":[74],"product_cat":[75,20,113],"product_tag":[],"class_list":{"0":"post-29612","1":"product","2":"type-product","3":"status-publish","4":"has-post-thumbnail","6":"product_brand-noy-noy","7":"product_cat-elbise","8":"product_cat-genel","9":"product_cat-kiz-cocuk","11":"first","12":"outofstock","13":"taxable","14":"shipping-taxable","15":"purchasable","16":"product-type-simple"},"_links":{"self":[{"href":"https:\/\/www.noynoybaby.com\/pt\/wp-json\/wp\/v2\/product\/29612","targetHints":{"allow":["GET"]}}],"collection":[{"href":"https:\/\/www.noynoybaby.com\/pt\/wp-json\/wp\/v2\/product"}],"about":[{"href":"https:\/\/www.noynoybaby.com\/pt\/wp-json\/wp\/v2\/types\/product"}],"replies":[{"embeddable":true,"href":"https:\/\/www.noynoybaby.com\/pt\/wp-json\/wp\/v2\/comments?post=29612"}],"version-history":[{"count":7,"href":"https:\/\/www.noynoybaby.com\/pt\/wp-json\/wp\/v2\/product\/29612\/revisions"}],"predecessor-version":[{"id":29713,"href":"https:\/\/www.noynoybaby.com\/pt\/wp-json\/wp\/v2\/product\/29612\/revisions\/29713"}],"wp:featuredmedia":[{"embeddable":true,"href":"https:\/\/www.noynoybaby.com\/pt\/wp-json\/wp\/v2\/media\/29613"}],"wp:attachment":[{"href":"https:\/\/www.noynoybaby.com\/pt\/wp-json\/wp\/v2\/media?parent=29612"}],"wp:term":[{"taxonomy":"product_brand","embeddable":true,"href":"https:\/\/www.noynoybaby.com\/pt\/wp-json\/wp\/v2\/product_brand?post=29612"},{"taxonomy":"product_cat","embeddable":true,"href":"https:\/\/www.noynoybaby.com\/pt\/wp-json\/wp\/v2\/product_cat?post=29612"},{"taxonomy":"product_tag","embeddable":true,"href":"https:\/\/www.noynoybaby.com\/pt\/wp-json\/wp\/v2\/product_tag?post=29612"}],"curies":[{"name":"wp","href":"https:\/\/api.w.org\/{rel}","templated":true}]}}