{"id":29585,"date":"2026-01-28T08:58:36","date_gmt":"2026-01-28T05:58:36","guid":{"rendered":"http:\/\/www.noynoybaby.com\/?post_type=product&#038;p=29585"},"modified":"2026-04-01T11:24:04","modified_gmt":"2026-04-01T08:24:04","slug":"cicek-desenli-kiz-bebek-elbise","status":"publish","type":"product","link":"https:\/\/www.noynoybaby.com\/pt\/produto\/cicek-desenli-kiz-bebek-elbise\/","title":{"rendered":"Vestido infantil feminino com gola preta e estampa floral, tamanhos de 9 a 24 meses."},"content":{"rendered":"<p data-path-to-node=\"6\"><b data-path-to-node=\"6\" data-index-in-node=\"0\">Os Pequenos Detalhes da Eleg\u00e2ncia: Vestido Bordado para Beb\u00ea NoyNoy<\/b><\/p>\n<p data-path-to-node=\"7\">Que tal adicionar um toque cl\u00e1ssico ao guarda-roupa da sua beb\u00ea? Este vestido especialmente desenhado combina cores contrastantes harmoniosas e detalhes de bordado feitos \u00e0 m\u00e3o para oferecer uma eleg\u00e2ncia encantadora \u00e0s pequenas damas.<\/p>\n<h3 data-path-to-node=\"8\"><b data-path-to-node=\"8\" data-index-in-node=\"0\">Detalhes e especifica\u00e7\u00f5es do produto:<\/b><\/h3>\n<ul data-path-to-node=\"9\">\n<li>\n<p data-path-to-node=\"9,0,0\"><b data-path-to-node=\"9,0,0\" data-index-in-node=\"0\">Coleira contrastante para beb\u00eas:<\/b> O destaque do vestido \u00e9 o amplo decote preto, que se sobressai com seu bordado floral branco e delicado acabamento em renda creme nas bordas.<\/p>\n<\/li>\n<li>\n<p data-path-to-node=\"9,1,0\"><b data-path-to-node=\"9,1,0\" data-index-in-node=\"0\">Padr\u00f5es florais delicados:<\/b> Os delicados padr\u00f5es florais e a textura de bolinhas no corpete do vestido conferem-lhe um toque vintage.<\/p>\n<\/li>\n<li>\n<p data-path-to-node=\"9,2,0\"><b data-path-to-node=\"9,2,0\" data-index-in-node=\"0\">Ajuste confort\u00e1vel:<\/b> Gra\u00e7as ao seu design sem mangas e ao corte em A ligeiramente evas\u00ea, seu beb\u00ea poder\u00e1 se movimentar confortavelmente o dia todo.<\/p>\n<\/li>\n<li>\n<p data-path-to-node=\"9,3,0\"><b data-path-to-node=\"9,3,0\" data-index-in-node=\"0\">Equipe Bandana:<\/b> O conjunto inclui uma bandana elegante e flex\u00edvel com um la\u00e7o que combina perfeitamente com os detalhes de renda do vestido.<\/p>\n<\/li>\n<li>\n<p data-path-to-node=\"9,4,0\"><b data-path-to-node=\"9,4,0\" data-index-in-node=\"0\">Tecido de alta qualidade:<\/b> Feito com tecido macio e respir\u00e1vel, adequado para a pele delicada do seu beb\u00ea.<\/p>\n<\/li>\n<\/ul>\n<h3 data-path-to-node=\"10\"><b data-path-to-node=\"10\" data-index-in-node=\"0\">\u00c1reas de aplica\u00e7\u00e3o:<\/b><\/h3>\n<p data-path-to-node=\"11\">Perfeito para sess\u00f5es de fotos, anivers\u00e1rios, reuni\u00f5es familiares ou qualquer ocasi\u00e3o em que voc\u00ea queira estar elegante.<\/p>\n<h5><strong>Observa\u00e7\u00e3o: Os pre\u00e7os s\u00e3o por unidade. Ao fazer o pedido, voc\u00ea receber\u00e1 4 unidades (9 meses, 12 meses, 18 meses e 24 meses).<\/strong><\/h5>","protected":false},"excerpt":{"rendered":"<p>Este elegante e charmoso vestido preto para beb\u00ea, com babados de renda e gola, complementar\u00e1 o visual estiloso da sua pequena com seus detalhes em renda e gola com babados. Feito de tecido de algod\u00e3o macio e respir\u00e1vel, \u00e9 delicado para a pele sens\u00edvel e proporciona conforto durante todo o dia. Uma escolha perfeita para ocasi\u00f5es especiais como anivers\u00e1rios, feriados e ensaios fotogr\u00e1ficos, este vestido tamb\u00e9m garante que sua beb\u00ea fique estilosa e confort\u00e1vel no dia a dia. Encomende agora e adicione um toque de eleg\u00e2ncia ao guarda-roupa da sua beb\u00ea! Acompanha uma bandana de brinde.<\/p>","protected":false},"featured_media":29586,"comment_status":"open","ping_status":"closed","template":"","meta":[],"product_brand":[74],"product_cat":[75,20,113],"product_tag":[109],"class_list":{"0":"post-29585","1":"product","2":"type-product","3":"status-publish","4":"has-post-thumbnail","6":"product_brand-noy-noy","7":"product_cat-elbise","8":"product_cat-genel","9":"product_cat-kiz-cocuk","10":"product_tag-elbise","12":"first","13":"outofstock","14":"taxable","15":"shipping-taxable","16":"purchasable","17":"product-type-simple"},"_links":{"self":[{"href":"https:\/\/www.noynoybaby.com\/pt\/wp-json\/wp\/v2\/product\/29585","targetHints":{"allow":["GET"]}}],"collection":[{"href":"https:\/\/www.noynoybaby.com\/pt\/wp-json\/wp\/v2\/product"}],"about":[{"href":"https:\/\/www.noynoybaby.com\/pt\/wp-json\/wp\/v2\/types\/product"}],"replies":[{"embeddable":true,"href":"https:\/\/www.noynoybaby.com\/pt\/wp-json\/wp\/v2\/comments?post=29585"}],"version-history":[{"count":10,"href":"https:\/\/www.noynoybaby.com\/pt\/wp-json\/wp\/v2\/product\/29585\/revisions"}],"predecessor-version":[{"id":30037,"href":"https:\/\/www.noynoybaby.com\/pt\/wp-json\/wp\/v2\/product\/29585\/revisions\/30037"}],"wp:featuredmedia":[{"embeddable":true,"href":"https:\/\/www.noynoybaby.com\/pt\/wp-json\/wp\/v2\/media\/29586"}],"wp:attachment":[{"href":"https:\/\/www.noynoybaby.com\/pt\/wp-json\/wp\/v2\/media?parent=29585"}],"wp:term":[{"taxonomy":"product_brand","embeddable":true,"href":"https:\/\/www.noynoybaby.com\/pt\/wp-json\/wp\/v2\/product_brand?post=29585"},{"taxonomy":"product_cat","embeddable":true,"href":"https:\/\/www.noynoybaby.com\/pt\/wp-json\/wp\/v2\/product_cat?post=29585"},{"taxonomy":"product_tag","embeddable":true,"href":"https:\/\/www.noynoybaby.com\/pt\/wp-json\/wp\/v2\/product_tag?post=29585"}],"curies":[{"name":"wp","href":"https:\/\/api.w.org\/{rel}","templated":true}]}}