{"id":30444,"date":"2026-02-05T10:32:49","date_gmt":"2026-02-05T07:32:49","guid":{"rendered":"https:\/\/www.noynoybaby.com\/?post_type=product&#038;p=30444"},"modified":"2026-04-01T11:06:50","modified_gmt":"2026-04-01T08:06:50","slug":"bebek-denim-sort-tulum-tenis-nakisli-polo-yaka-romper-9-24-ay","status":"publish","type":"product","link":"https:\/\/www.noynoybaby.com\/pl\/produkt\/bebek-denim-sort-tulum-tenis-nakisli-polo-yaka-romper-9-24-ay\/","title":{"rendered":"Kombinezon z szortami d\u017cinsowymi dla niemowl\u0105t \u2013 tenisowy haftowany ko\u0142nierzyk polo 9-24 miesi\u0105ce"},"content":{"rendered":"<h3 data-path-to-node=\"8\"><b data-path-to-node=\"8\" data-index-in-node=\"0\">Noynoy Baby Tennis, haftowany ko\u0142nierzyk polo, d\u017cinsowy kombinezon niemowl\u0119cy<\/b><\/h3>\n<p data-path-to-node=\"9\">Wygodne i bardzo stylowe dla ma\u0142ych sportowc\u00f3w! <b data-path-to-node=\"9\" data-index-in-node=\"50\">Noynoy Baby<\/b>\u2019Jest to produkt z ekskluzywnej kolekcji projektant\u00f3w. <b data-path-to-node=\"9\" data-index-in-node=\"103\">d\u017cinsowy kombinezon dla niemowl\u0105t<\/b>, \u0141\u0105czy w sobie styl retro tenisowy z nowoczesnym komfortem. Dzi\u0119ki mi\u0119kkiej fakturze nie podra\u017cnia sk\u00f3ry dziecka ani nie ogranicza jego swobody ruch\u00f3w.<\/p>\n<p data-path-to-node=\"10\"><b data-path-to-node=\"10\" data-index-in-node=\"0\">Dlaczego warto wybra\u0107 ten kombinezon?<\/b><\/p>\n<ul data-path-to-node=\"11\">\n<li>\n<p data-path-to-node=\"11,0,0\"><b data-path-to-node=\"11,0,0\" data-index-in-node=\"0\">Sportowy i stylowy design:<\/b> Dzi\u0119ki bia\u0142emu ko\u0142nierzykowi polo, r\u0119kawom typu raglan i wyj\u0105tkowemu haftowi przedstawiaj\u0105cemu rakiet\u0119 tenisow\u0105 na piersi (\u201cSport Noy Noy Club\u201d) koszulka ta b\u0119dzie \u015bwietnie wygl\u0105da\u0107 na ma\u0142ych d\u017centelmenach.<\/p>\n<\/li>\n<li>\n<p data-path-to-node=\"11,1,0\"><b data-path-to-node=\"11,1,0\" data-index-in-node=\"0\">Zastosowanie praktyczne:<\/b> Guziki z przodu i napy mi\u0119dzy nogawkami sprawiaj\u0105, \u017ce zmiana pieluszki i ubieranie s\u0105 bardzo \u0142atwe.<\/p>\n<\/li>\n<li>\n<p data-path-to-node=\"11,2,0\"><b data-path-to-node=\"11,2,0\" data-index-in-node=\"0\">Mi\u0119kka tkanina d\u017cinsowa:<\/b> W odr\u00f3\u017cnieniu od sztywnych tkanin d\u017cinsowych, charakteryzuje si\u0119 oddychaj\u0105c\u0105, mi\u0119kk\u0105 tekstur\u0105 d\u017cinsu, zaprojektowan\u0105 specjalnie dla delikatnej sk\u00f3ry niemowl\u0105t.<\/p>\n<\/li>\n<li>\n<p data-path-to-node=\"11,3,0\"><b data-path-to-node=\"11,3,0\" data-index-in-node=\"0\">Wszechstronny:<\/b> Stylowy wyb\u00f3r zar\u00f3wno na codzienne wyj\u015bcia do parku, jak i na specjalne przyj\u0119cia urodzinowe.<\/p>\n<\/li>\n<\/ul>\n<p data-path-to-node=\"12\"><b data-path-to-node=\"12\" data-index-in-node=\"0\">Szczeg\u00f3\u0142y produktu:<\/b><\/p>\n<ul data-path-to-node=\"13\">\n<li>\n<p data-path-to-node=\"13,0,0\"><b data-path-to-node=\"13,0,0\" data-index-in-node=\"0\">Kolor:<\/b> Jasnoniebieski denim \/ Bia\u0142e r\u0119kawy<\/p>\n<\/li>\n<li>\n<p data-path-to-node=\"13,1,0\"><b data-path-to-node=\"13,1,0\" data-index-in-node=\"0\">Tworzywo:<\/b> Mieszanka bawe\u0142ny, elastyczna i mi\u0119kka w dotyku.<\/p>\n<\/li>\n<li>\n<p data-path-to-node=\"13,2,0\"><b data-path-to-node=\"13,2,0\" data-index-in-node=\"0\">Szczeg\u00f3\u0142:<\/b> Ko\u0142nierzyk polo, haftowany kombinezon z kr\u00f3tkim r\u0119kawem.<\/p>\n<\/li>\n<li>\n<p data-path-to-node=\"13,3,0\"><b data-path-to-node=\"13,3,0\" data-index-in-node=\"0\">Piel\u0119gnacja:<\/b> Zaleca si\u0119 pra\u0107 na lewej stronie z podobnymi kolorami w temperaturze 30 stopni.<\/p>\n<\/li>\n<\/ul>\n<p data-path-to-node=\"12\"><strong>Uwaga: Ceny podane s\u0105 za sztuk\u0119. Po z\u0142o\u017ceniu zam\u00f3wienia otrzymasz 4 sztuki (9 miesi\u0119cy, 12 miesi\u0119cy, 18 miesi\u0119cy i 24 miesi\u0105ce).<\/strong>.<\/p>\n<p data-path-to-node=\"12\">","protected":false},"excerpt":{"rendered":"<p>Sukienka dla niemowl\u0105t dla dziewczynek, ozdobiona falbank\u0105 przy ko\u0142nierzyku i koronk\u0105, wyr\u00f3\u017cniaj\u0105ca si\u0119 eleganckim i uroczym wzorem, dope\u0142ni elegancji Twojego dziecka za spraw\u0105 stylowego koronkowego haftu i falbankowego ko\u0142nierzyka. Dzi\u0119ki mi\u0119kkiej i oddychaj\u0105cej tkaninie dopasowuje si\u0119 do wra\u017cliwej sk\u00f3ry i zapewnia komfort przez ca\u0142y dzie\u0144. Ta sukienka to idealny wyb\u00f3r na specjalne okazje, takie jak urodziny, \u015bwi\u0119ta czy sesje zdj\u0119ciowe. Twoje dziecko b\u0119dzie si\u0119 w niej czu\u0142o stylowo i wygodnie na co dzie\u0144. Zam\u00f3w ju\u017c dzi\u015b i dodaj odrobin\u0119 elegancji do garderoby swojego dziecka!<\/p>","protected":false},"featured_media":30446,"comment_status":"closed","ping_status":"closed","template":"","meta":[],"product_brand":[74],"product_cat":[20,113,87],"product_tag":[],"class_list":{"0":"post-30444","1":"product","2":"type-product","3":"status-publish","4":"has-post-thumbnail","6":"product_brand-noy-noy","7":"product_cat-genel","8":"product_cat-kiz-cocuk","9":"product_cat-tulum","10":"pa_renk-beden","11":"pa_renk-bej","12":"pa_renk-beyaz","13":"pa_renk-camel","14":"pa_renk-ekru","15":"pa_renk-fume","16":"pa_renk-gri","17":"pa_renk-gul-kurusu","18":"pa_renk-hardal","19":"pa_renk-indigo","20":"pa_renk-kahverengi","21":"pa_renk-karamel","22":"pa_renk-kiremit","23":"pa_renk-kirmizi","24":"pa_renk-kot","25":"pa_renk-koyu-kahve","26":"pa_renk-krem","27":"pa_renk-mavi","28":"pa_renk-mint-yesili","29":"pa_renk-pembe","30":"pa_renk-pudra","31":"pa_renk-sari","32":"pa_renk-somon","33":"pa_renk-sutlu-kahve","35":"first","36":"outofstock","37":"taxable","38":"shipping-taxable","39":"purchasable","40":"product-type-simple"},"_links":{"self":[{"href":"https:\/\/www.noynoybaby.com\/pl\/wp-json\/wp\/v2\/product\/30444","targetHints":{"allow":["GET"]}}],"collection":[{"href":"https:\/\/www.noynoybaby.com\/pl\/wp-json\/wp\/v2\/product"}],"about":[{"href":"https:\/\/www.noynoybaby.com\/pl\/wp-json\/wp\/v2\/types\/product"}],"replies":[{"embeddable":true,"href":"https:\/\/www.noynoybaby.com\/pl\/wp-json\/wp\/v2\/comments?post=30444"}],"version-history":[{"count":2,"href":"https:\/\/www.noynoybaby.com\/pl\/wp-json\/wp\/v2\/product\/30444\/revisions"}],"predecessor-version":[{"id":30736,"href":"https:\/\/www.noynoybaby.com\/pl\/wp-json\/wp\/v2\/product\/30444\/revisions\/30736"}],"wp:featuredmedia":[{"embeddable":true,"href":"https:\/\/www.noynoybaby.com\/pl\/wp-json\/wp\/v2\/media\/30446"}],"wp:attachment":[{"href":"https:\/\/www.noynoybaby.com\/pl\/wp-json\/wp\/v2\/media?parent=30444"}],"wp:term":[{"taxonomy":"product_brand","embeddable":true,"href":"https:\/\/www.noynoybaby.com\/pl\/wp-json\/wp\/v2\/product_brand?post=30444"},{"taxonomy":"product_cat","embeddable":true,"href":"https:\/\/www.noynoybaby.com\/pl\/wp-json\/wp\/v2\/product_cat?post=30444"},{"taxonomy":"product_tag","embeddable":true,"href":"https:\/\/www.noynoybaby.com\/pl\/wp-json\/wp\/v2\/product_tag?post=30444"}],"curies":[{"name":"wp","href":"https:\/\/api.w.org\/{rel}","templated":true}]}}