{"id":30430,"date":"2026-02-05T10:17:25","date_gmt":"2026-02-05T07:17:25","guid":{"rendered":"https:\/\/www.noynoybaby.com\/?post_type=product&#038;p=30430"},"modified":"2026-04-01T11:07:23","modified_gmt":"2026-04-01T08:07:23","slug":"bebek-kot-tulum-dantel-islemeli-ve-bandanali-denim-salopet-9-24-ay-fiyat","status":"publish","type":"product","link":"https:\/\/www.noynoybaby.com\/pl\/produkt\/bebek-kot-tulum-dantel-islemeli-ve-bandanali-denim-salopet-9-24-ay-fiyat\/","title":{"rendered":"Kombinezon d\u017cinsowy dla niemowl\u0105t \u2013 kombinezon d\u017cinsowy z koronkow\u0105 lam\u00f3wk\u0105 i bandan\u0105 9-24 miesi\u0105ce"},"content":{"rendered":"<p data-path-to-node=\"5\"><b data-path-to-node=\"5\" data-index-in-node=\"0\">Czeski akcent w garderobie Twojego dziecka: kombinezon z denimu z koronkowym haftem<\/b><\/p>\n<p data-path-to-node=\"6\">Ten wyj\u0105tkowy projekt, wykonany w jako\u015bci Noynoy Baby, \u0142\u0105czy w sobie mi\u0119kk\u0105 faktur\u0119 denimu z r\u0119cznie wykonanym wygl\u0105dem. <b data-path-to-node=\"6\" data-index-in-node=\"97\">szczeg\u00f3\u0142y szyde\u0142kowania<\/b> \u0141\u0105czy styl. Idealny zar\u00f3wno na co dzie\u0144, jak i na specjalne okazje, ten kombinezon zapewni Twojemu dziecku stylowy wygl\u0105d bez rezygnowania z wygody.<\/p>\n<h3 data-path-to-node=\"7\">Dlaczego warto wybra\u0107 ten produkt?<\/h3>\n<ul data-path-to-node=\"8\">\n<li>\n<p data-path-to-node=\"8,0,0\"><b data-path-to-node=\"8,0,0\" data-index-in-node=\"0\">Panel g\u00f3rny zaprojektowany na zam\u00f3wienie:<\/b> Potr\u00f3jna niebieska koronka na klatce piersiowej i kremowa szyde\u0142kowa rama dodaj\u0105 ubraniu nostalgicznego i eleganckiego akcentu.<\/p>\n<\/li>\n<li>\n<p data-path-to-node=\"8,1,0\"><b data-path-to-node=\"8,1,0\" data-index-in-node=\"0\">Mi\u0119kka tkanina d\u017cinsowa:<\/b> Wykonane z lekkiego i przewiewnego materia\u0142u jeansowego, odpowiedniego dla wra\u017cliwej sk\u00f3ry niemowl\u0105t i nie kr\u0119puj\u0105cego ruch\u00f3w.<\/p>\n<\/li>\n<li>\n<p data-path-to-node=\"8,2,0\"><b data-path-to-node=\"8,2,0\" data-index-in-node=\"0\">Eleganckie detale:<\/b> Falbanki na ramionach dope\u0142niaj\u0105 uroczy wygl\u0105d kombinezonu.<\/p>\n<\/li>\n<li>\n<p data-path-to-node=\"8,3,0\"><b data-path-to-node=\"8,3,0\" data-index-in-node=\"0\">Akcesoria uzupe\u0142niaj\u0105ce:<\/b> W komplecie znajduje si\u0119 koronkowa bandana z kokardk\u0105, pasuj\u0105ca do kombinezonu.<\/p>\n<\/li>\n<\/ul>\n<p data-path-to-node=\"12\"><strong>Uwaga: Ceny podane s\u0105 za sztuk\u0119. Po z\u0142o\u017ceniu zam\u00f3wienia otrzymasz 4 sztuki (9 miesi\u0119cy, 12 miesi\u0119cy, 18 miesi\u0119cy i 24 miesi\u0105ce).<\/strong>.<\/p>\n<p data-path-to-node=\"12\">","protected":false},"excerpt":{"rendered":"<p>Sukienka dla niemowl\u0105t dla dziewczynek, ozdobiona falbank\u0105 przy ko\u0142nierzyku i koronk\u0105, wyr\u00f3\u017cniaj\u0105ca si\u0119 eleganckim i uroczym wzorem, dope\u0142ni elegancji Twojego dziecka za spraw\u0105 stylowego koronkowego haftu i falbankowego ko\u0142nierzyka. Dzi\u0119ki mi\u0119kkiej i oddychaj\u0105cej tkaninie dopasowuje si\u0119 do wra\u017cliwej sk\u00f3ry i zapewnia komfort przez ca\u0142y dzie\u0144. Ta sukienka to idealny wyb\u00f3r na specjalne okazje, takie jak urodziny, \u015bwi\u0119ta czy sesje zdj\u0119ciowe. Twoje dziecko b\u0119dzie si\u0119 w niej czu\u0142o stylowo i wygodnie na co dzie\u0144. Zam\u00f3w ju\u017c dzi\u015b i dodaj odrobin\u0119 elegancji do garderoby swojego dziecka!<\/p>","protected":false},"featured_media":30433,"comment_status":"closed","ping_status":"closed","template":"","meta":[],"product_brand":[74],"product_cat":[20,113,87],"product_tag":[],"class_list":{"0":"post-30430","1":"product","2":"type-product","3":"status-publish","4":"has-post-thumbnail","6":"product_brand-noy-noy","7":"product_cat-genel","8":"product_cat-kiz-cocuk","9":"product_cat-tulum","10":"pa_renk-beden","11":"pa_renk-bej","12":"pa_renk-beyaz","13":"pa_renk-camel","14":"pa_renk-ekru","15":"pa_renk-fume","16":"pa_renk-gri","17":"pa_renk-gul-kurusu","18":"pa_renk-hardal","19":"pa_renk-indigo","20":"pa_renk-kahverengi","21":"pa_renk-karamel","22":"pa_renk-kiremit","23":"pa_renk-kirmizi","24":"pa_renk-kot","25":"pa_renk-koyu-kahve","26":"pa_renk-krem","27":"pa_renk-mavi","28":"pa_renk-mint-yesili","29":"pa_renk-pembe","30":"pa_renk-pudra","31":"pa_renk-sari","32":"pa_renk-somon","33":"pa_renk-sutlu-kahve","35":"first","36":"outofstock","37":"taxable","38":"shipping-taxable","39":"purchasable","40":"product-type-simple"},"_links":{"self":[{"href":"https:\/\/www.noynoybaby.com\/pl\/wp-json\/wp\/v2\/product\/30430","targetHints":{"allow":["GET"]}}],"collection":[{"href":"https:\/\/www.noynoybaby.com\/pl\/wp-json\/wp\/v2\/product"}],"about":[{"href":"https:\/\/www.noynoybaby.com\/pl\/wp-json\/wp\/v2\/types\/product"}],"replies":[{"embeddable":true,"href":"https:\/\/www.noynoybaby.com\/pl\/wp-json\/wp\/v2\/comments?post=30430"}],"version-history":[{"count":3,"href":"https:\/\/www.noynoybaby.com\/pl\/wp-json\/wp\/v2\/product\/30430\/revisions"}],"predecessor-version":[{"id":30755,"href":"https:\/\/www.noynoybaby.com\/pl\/wp-json\/wp\/v2\/product\/30430\/revisions\/30755"}],"wp:featuredmedia":[{"embeddable":true,"href":"https:\/\/www.noynoybaby.com\/pl\/wp-json\/wp\/v2\/media\/30433"}],"wp:attachment":[{"href":"https:\/\/www.noynoybaby.com\/pl\/wp-json\/wp\/v2\/media?parent=30430"}],"wp:term":[{"taxonomy":"product_brand","embeddable":true,"href":"https:\/\/www.noynoybaby.com\/pl\/wp-json\/wp\/v2\/product_brand?post=30430"},{"taxonomy":"product_cat","embeddable":true,"href":"https:\/\/www.noynoybaby.com\/pl\/wp-json\/wp\/v2\/product_cat?post=30430"},{"taxonomy":"product_tag","embeddable":true,"href":"https:\/\/www.noynoybaby.com\/pl\/wp-json\/wp\/v2\/product_tag?post=30430"}],"curies":[{"name":"wp","href":"https:\/\/api.w.org\/{rel}","templated":true}]}}