{"id":30408,"date":"2026-02-04T12:31:21","date_gmt":"2026-02-04T09:31:21","guid":{"rendered":"https:\/\/www.noynoybaby.com\/?post_type=product&#038;p=30408"},"modified":"2026-03-13T15:10:02","modified_gmt":"2026-03-13T12:10:02","slug":"firfir-detayli-nakis-islemeli-mavi-cizgili-kiz-bebek-elbise-ve-bandana-seti-9-24-ay","status":"publish","type":"product","link":"https:\/\/www.noynoybaby.com\/pl\/produkt\/firfir-detayli-nakis-islemeli-mavi-cizgili-kiz-bebek-elbise-ve-bandana-seti-9-24-ay\/","title":{"rendered":"Sukienka dla dziewczynki z falbank\u0105 i haftem w niebieskie paski oraz zestaw bandany 9-24 miesi\u0119cy"},"content":{"rendered":"<p data-path-to-node=\"5\"><b data-path-to-node=\"5\" data-index-in-node=\"0\">Elegancja i wygoda w jednym: haftowana sukienka dla niemowl\u0105t Noynoy Baby<\/b><\/p>\n<p data-path-to-node=\"6\">Ten wz\u00f3r, idealny na wyj\u0105tkowe dni Twojego dziecka, jak i na co dzie\u0144, przyci\u0105ga wzrok pastelowymi odcieniami b\u0142\u0119kitu i delikatnymi detalami. <b data-path-to-node=\"6\" data-index-in-node=\"132\">Noynoy Baby<\/b> Ta wysokiej jako\u015bci sukienka z pewno\u015bci\u0105 stanie si\u0119 ulubion\u0105 w\u015br\u00f3d rodzic\u00f3w dzi\u0119ki swojemu walorom estetycznym i strukturze materia\u0142u, kt\u00f3ra jest odpowiednia dla delikatnej sk\u00f3ry Twojego dziecka.<\/p>\n<h3 data-path-to-node=\"7\">G\u0142\u00f3wne cechy:<\/h3>\n<ul data-path-to-node=\"8\">\n<li>\n<p data-path-to-node=\"8,0,0\"><b data-path-to-node=\"8,0,0\" data-index-in-node=\"0\">Elegancki design:<\/b> Dzi\u0119ki mi\u0119kkiemu haftowi kwiatowemu na biu\u015bcie i falbaniastemu ko\u0142nierzykowi sukienka ta oferuje klasyczn\u0105 elegancj\u0119.<\/p>\n<\/li>\n<li>\n<p data-path-to-node=\"8,1,0\"><b data-path-to-node=\"8,1,0\" data-index-in-node=\"0\">Wysokiej jako\u015bci tkanina:<\/b> Oddychaj\u0105ca, odprowadzaj\u0105ca pot i przyjazna dla sk\u00f3ry dziecka bawe\u0142niana tkanina.<\/p>\n<\/li>\n<li>\n<p data-path-to-node=\"8,2,0\"><b data-path-to-node=\"8,2,0\" data-index-in-node=\"0\">Elegancja w szczeg\u00f3\u0142ach:<\/b> Bia\u0142e, pionowe paski na niebieskim tle nadaj\u0105 sukience nowoczesny i \u015bwie\u017cy wygl\u0105d, a rozszerzaj\u0105cy si\u0119 ku do\u0142owi kr\u00f3j zapewnia swobod\u0119 ruch\u00f3w.<\/p>\n<\/li>\n<li>\n<p data-path-to-node=\"8,3,0\"><b data-path-to-node=\"8,3,0\" data-index-in-node=\"0\">Akcesoria uzupe\u0142niaj\u0105ce:<\/b> Cz\u0119\u015bci\u0105 zestawu jest stylowa bandana z koronkowymi detalami, pasuj\u0105ca do fasonu sukienki.<\/p>\n<\/li>\n<\/ul>\n<h3 data-path-to-node=\"9\">U\u017cytkowanie i konserwacja:<\/h3>\n<ul data-path-to-node=\"10\">\n<li>\n<p data-path-to-node=\"10,0,0\">To doskona\u0142y wyb\u00f3r na urodziny, sesje zdj\u0119ciowe na \u015bwie\u017cym powietrzu lub wizyty \u015bwi\u0105teczne.<\/p>\n<\/li>\n<li>\n<p data-path-to-node=\"10,1,0\"><b data-path-to-node=\"10,1,0\" data-index-in-node=\"0\">W 30 stopniach<\/b> Zaleca si\u0119 pranie z podobnymi kolorami w delikatnym cyklu.<\/p>\n<\/li>\n<li>\n<p data-path-to-node=\"10,2,0\">Nie stosowa\u0107 wybielacza i nie prasowa\u0107 w niskiej temperaturze.<\/p>\n<\/li>\n<\/ul>\n<p data-path-to-node=\"12\"><strong>Uwaga: Ceny podane s\u0105 za sztuk\u0119. Po z\u0142o\u017ceniu zam\u00f3wienia otrzymasz 4 sztuki (9 miesi\u0119cy, 12 miesi\u0119cy, 18 miesi\u0119cy i 24 miesi\u0105ce).<\/strong>.<\/p>\n<p data-path-to-node=\"12\">","protected":false},"excerpt":{"rendered":"<p>Sukienka dla niemowl\u0105t dla dziewczynek, ozdobiona falbank\u0105 przy ko\u0142nierzyku i koronk\u0105, wyr\u00f3\u017cniaj\u0105ca si\u0119 eleganckim i uroczym wzorem, dope\u0142ni elegancji Twojego dziecka za spraw\u0105 stylowego koronkowego haftu i falbankowego ko\u0142nierzyka. Dzi\u0119ki mi\u0119kkiej i oddychaj\u0105cej tkaninie dopasowuje si\u0119 do wra\u017cliwej sk\u00f3ry i zapewnia komfort przez ca\u0142y dzie\u0144. Ta sukienka to idealny wyb\u00f3r na specjalne okazje, takie jak urodziny, \u015bwi\u0119ta czy sesje zdj\u0119ciowe. Twoje dziecko b\u0119dzie si\u0119 w niej czu\u0142o stylowo i wygodnie na co dzie\u0144. Zam\u00f3w ju\u017c dzi\u015b i dodaj odrobin\u0119 elegancji do garderoby swojego dziecka!<\/p>","protected":false},"featured_media":30412,"comment_status":"closed","ping_status":"closed","template":"","meta":[],"product_brand":[74],"product_cat":[75,20,113],"product_tag":[],"class_list":{"0":"post-30408","1":"product","2":"type-product","3":"status-publish","4":"has-post-thumbnail","6":"product_brand-noy-noy","7":"product_cat-elbise","8":"product_cat-genel","9":"product_cat-kiz-cocuk","10":"pa_renk-beden","11":"pa_renk-bej","12":"pa_renk-beyaz","13":"pa_renk-camel","14":"pa_renk-ekru","15":"pa_renk-fume","16":"pa_renk-gri","17":"pa_renk-gul-kurusu","18":"pa_renk-hardal","19":"pa_renk-indigo","20":"pa_renk-kahverengi","21":"pa_renk-karamel","22":"pa_renk-kiremit","23":"pa_renk-kirmizi","24":"pa_renk-kot","25":"pa_renk-koyu-kahve","26":"pa_renk-krem","27":"pa_renk-mavi","28":"pa_renk-mint-yesili","29":"pa_renk-pembe","30":"pa_renk-pudra","31":"pa_renk-somon","32":"pa_renk-sutlu-kahve","34":"first","35":"outofstock","36":"taxable","37":"shipping-taxable","38":"purchasable","39":"product-type-variable"},"_links":{"self":[{"href":"https:\/\/www.noynoybaby.com\/pl\/wp-json\/wp\/v2\/product\/30408","targetHints":{"allow":["GET"]}}],"collection":[{"href":"https:\/\/www.noynoybaby.com\/pl\/wp-json\/wp\/v2\/product"}],"about":[{"href":"https:\/\/www.noynoybaby.com\/pl\/wp-json\/wp\/v2\/types\/product"}],"replies":[{"embeddable":true,"href":"https:\/\/www.noynoybaby.com\/pl\/wp-json\/wp\/v2\/comments?post=30408"}],"version-history":[{"count":2,"href":"https:\/\/www.noynoybaby.com\/pl\/wp-json\/wp\/v2\/product\/30408\/revisions"}],"predecessor-version":[{"id":30580,"href":"https:\/\/www.noynoybaby.com\/pl\/wp-json\/wp\/v2\/product\/30408\/revisions\/30580"}],"wp:featuredmedia":[{"embeddable":true,"href":"https:\/\/www.noynoybaby.com\/pl\/wp-json\/wp\/v2\/media\/30412"}],"wp:attachment":[{"href":"https:\/\/www.noynoybaby.com\/pl\/wp-json\/wp\/v2\/media?parent=30408"}],"wp:term":[{"taxonomy":"product_brand","embeddable":true,"href":"https:\/\/www.noynoybaby.com\/pl\/wp-json\/wp\/v2\/product_brand?post=30408"},{"taxonomy":"product_cat","embeddable":true,"href":"https:\/\/www.noynoybaby.com\/pl\/wp-json\/wp\/v2\/product_cat?post=30408"},{"taxonomy":"product_tag","embeddable":true,"href":"https:\/\/www.noynoybaby.com\/pl\/wp-json\/wp\/v2\/product_tag?post=30408"}],"curies":[{"name":"wp","href":"https:\/\/api.w.org\/{rel}","templated":true}]}}