{"id":30338,"date":"2026-02-03T17:41:16","date_gmt":"2026-02-03T14:41:16","guid":{"rendered":"https:\/\/www.noynoybaby.com\/?post_type=product&#038;p=30338"},"modified":"2026-04-01T11:18:53","modified_gmt":"2026-04-01T08:18:53","slug":"fisto-nakisli-krem-bebek-elbisesi-bandana-hediyeli-9-24-ay","status":"publish","type":"product","link":"https:\/\/www.noynoybaby.com\/pl\/produkt\/fisto-nakisli-krem-bebek-elbisesi-bandana-hediyeli-9-24-ay\/","title":{"rendered":"Kremowa sukienka dla niemowl\u0105t z koronkowym haftem \u2013 w zestawie bandana gratis, 9-24 miesi\u0105ce"},"content":{"rendered":"<p data-path-to-node=\"6\"><b data-path-to-node=\"6\" data-index-in-node=\"0\">Elegancja i wygoda w jednym: haftowana sukienka dla niemowl\u0105t Noynoy Baby w stylu vintage<\/b><\/p>\n<p data-path-to-node=\"7\">Ponadczasowy wz\u00f3r, kt\u00f3ry b\u0119dzie towarzyszy\u0142 najwspanialszym chwilom Twojego dziecka! Ten wyj\u0105tkowy element kolekcji Noynoy Baby zachwyca zar\u00f3wno klasycznymi koronkowymi detalami, jak i nowoczesnym krojem.<\/p>\n<h3 data-path-to-node=\"8\">Dlaczego warto wybra\u0107 t\u0119 sukienk\u0119?<\/h3>\n<ul data-path-to-node=\"9\">\n<li>\n<p data-path-to-node=\"9,0,0\"><b data-path-to-node=\"9,0,0\" data-index-in-node=\"0\">Eleganckie detale:<\/b> Delikatny kwiatowy haft na biu\u015bcie i falbaniasty ko\u0142nierzyk nadaj\u0105 sukience charakter vintage.<\/p>\n<\/li>\n<li>\n<p data-path-to-node=\"9,1,0\"><b data-path-to-node=\"9,1,0\" data-index-in-node=\"0\">Wygodna konstrukcja:<\/b> Dzi\u0119ki mi\u0119kkiej jak u dziecka, lekkiej i oddychaj\u0105cej tkaninie Twoje dziecko b\u0119dzie czu\u0142o si\u0119 komfortowo przez ca\u0142y dzie\u0144.<\/p>\n<\/li>\n<li>\n<p data-path-to-node=\"9,2,0\"><b data-path-to-node=\"9,2,0\" data-index-in-node=\"0\">Stylowy dodatek:<\/b> Bandana z kokard\u0105 i koronkowymi zdobieniami idealnie pasuje do sukienki i dope\u0142nia ca\u0142y look (w zestawie).<\/p>\n<\/li>\n<li>\n<p data-path-to-node=\"9,3,0\"><b data-path-to-node=\"9,3,0\" data-index-in-node=\"0\">Regulowane ramiona:<\/b> Detale w postaci wi\u0105zania przy mankietach dodaj\u0105 stylu i u\u0142atwiaj\u0105 u\u017cytkowanie.<\/p>\n<\/li>\n<\/ul>\n<h3 data-path-to-node=\"10\">Obszary zastosowa\u0144<\/h3>\n<p data-path-to-node=\"11\">Ten stylowy garnitur; <b data-path-to-node=\"11\" data-index-in-node=\"14\">ceremonie nadania imienia dzieciom, przyj\u0119cia urodzinowe, wesela<\/b> I <b data-path-to-node=\"11\" data-index-in-node=\"66\">sesje zdj\u0119ciowe<\/b> To idealny wyb\u00f3r. Dzi\u0119ki delikatnemu kremowemu kolorowi pasuje na ka\u017cd\u0105 por\u0119 roku i do ka\u017cdej koncepcji.<\/p>\n<h3 data-path-to-node=\"12\">Cechy produktu<\/h3>\n<ul data-path-to-node=\"13\">\n<li>\n<p data-path-to-node=\"13,0,0\"><b data-path-to-node=\"13,0,0\" data-index-in-node=\"0\">Kolor:<\/b> Kremowy \/ Kremowy<\/p>\n<\/li>\n<li>\n<p data-path-to-node=\"13,1,0\"><b data-path-to-node=\"13,1,0\" data-index-in-node=\"0\">Liczba sztuk:<\/b> 2 sztuki (sukienka + bandana)<\/p>\n<\/li>\n<li>\n<p data-path-to-node=\"13,2,0\"><b data-path-to-node=\"13,2,0\" data-index-in-node=\"0\">Rodzaj tkaniny:<\/b> Wysokiej jako\u015bci haftowana koronka\/szyfon.<\/p>\n<\/li>\n<li>\n<p data-path-to-node=\"13,3,0\"><b data-path-to-node=\"13,3,0\" data-index-in-node=\"0\">Instrukcja prania:<\/b> Aby produkt s\u0142u\u017cy\u0142 d\u0142u\u017cej, zaleca si\u0119 pranie w delikatnym cyklu lub pranie r\u0119czne.<\/p>\n<\/li>\n<\/ul>\n<p data-path-to-node=\"12\"><strong>Uwaga: Ceny podane s\u0105 za sztuk\u0119. Po z\u0142o\u017ceniu zam\u00f3wienia otrzymasz 4 sztuki (9 miesi\u0119cy, 12 miesi\u0119cy, 18 miesi\u0119cy i 24 miesi\u0105ce).<\/strong>.<\/p>\n<p data-path-to-node=\"12\">","protected":false},"excerpt":{"rendered":"<p>Sukienka dla niemowl\u0105t dla dziewczynek, ozdobiona falbank\u0105 przy ko\u0142nierzyku i koronk\u0105, wyr\u00f3\u017cniaj\u0105ca si\u0119 eleganckim i uroczym wzorem, dope\u0142ni elegancji Twojego dziecka za spraw\u0105 stylowego koronkowego haftu i falbankowego ko\u0142nierzyka. Dzi\u0119ki mi\u0119kkiej i oddychaj\u0105cej tkaninie dopasowuje si\u0119 do wra\u017cliwej sk\u00f3ry i zapewnia komfort przez ca\u0142y dzie\u0144. Ta sukienka to idealny wyb\u00f3r na specjalne okazje, takie jak urodziny, \u015bwi\u0119ta czy sesje zdj\u0119ciowe. Twoje dziecko b\u0119dzie si\u0119 w niej czu\u0142o stylowo i wygodnie na co dzie\u0144. Zam\u00f3w ju\u017c dzi\u015b i dodaj odrobin\u0119 elegancji do garderoby swojego dziecka!<\/p>","protected":false},"featured_media":30339,"comment_status":"closed","ping_status":"closed","template":"","meta":[],"product_brand":[74],"product_cat":[75,20,113],"product_tag":[],"class_list":{"0":"post-30338","1":"product","2":"type-product","3":"status-publish","4":"has-post-thumbnail","6":"product_brand-noy-noy","7":"product_cat-elbise","8":"product_cat-genel","9":"product_cat-kiz-cocuk","10":"pa_renk-beden","11":"pa_renk-bej","12":"pa_renk-beyaz","13":"pa_renk-camel","14":"pa_renk-ekru","15":"pa_renk-fume","16":"pa_renk-gri","17":"pa_renk-gul-kurusu","18":"pa_renk-hardal","19":"pa_renk-indigo","20":"pa_renk-kahverengi","21":"pa_renk-karamel","22":"pa_renk-kiremit","23":"pa_renk-kirmizi","24":"pa_renk-kot","25":"pa_renk-koyu-kahve","26":"pa_renk-krem","27":"pa_renk-mavi","28":"pa_renk-mint-yesili","29":"pa_renk-pembe","30":"pa_renk-pudra","31":"pa_renk-somon","32":"pa_renk-sutlu-kahve","34":"first","35":"outofstock","36":"taxable","37":"shipping-taxable","38":"purchasable","39":"product-type-simple"},"_links":{"self":[{"href":"https:\/\/www.noynoybaby.com\/pl\/wp-json\/wp\/v2\/product\/30338","targetHints":{"allow":["GET"]}}],"collection":[{"href":"https:\/\/www.noynoybaby.com\/pl\/wp-json\/wp\/v2\/product"}],"about":[{"href":"https:\/\/www.noynoybaby.com\/pl\/wp-json\/wp\/v2\/types\/product"}],"replies":[{"embeddable":true,"href":"https:\/\/www.noynoybaby.com\/pl\/wp-json\/wp\/v2\/comments?post=30338"}],"version-history":[{"count":2,"href":"https:\/\/www.noynoybaby.com\/pl\/wp-json\/wp\/v2\/product\/30338\/revisions"}],"predecessor-version":[{"id":30680,"href":"https:\/\/www.noynoybaby.com\/pl\/wp-json\/wp\/v2\/product\/30338\/revisions\/30680"}],"wp:featuredmedia":[{"embeddable":true,"href":"https:\/\/www.noynoybaby.com\/pl\/wp-json\/wp\/v2\/media\/30339"}],"wp:attachment":[{"href":"https:\/\/www.noynoybaby.com\/pl\/wp-json\/wp\/v2\/media?parent=30338"}],"wp:term":[{"taxonomy":"product_brand","embeddable":true,"href":"https:\/\/www.noynoybaby.com\/pl\/wp-json\/wp\/v2\/product_brand?post=30338"},{"taxonomy":"product_cat","embeddable":true,"href":"https:\/\/www.noynoybaby.com\/pl\/wp-json\/wp\/v2\/product_cat?post=30338"},{"taxonomy":"product_tag","embeddable":true,"href":"https:\/\/www.noynoybaby.com\/pl\/wp-json\/wp\/v2\/product_tag?post=30338"}],"curies":[{"name":"wp","href":"https:\/\/api.w.org\/{rel}","templated":true}]}}