{"id":30228,"date":"2026-02-03T11:21:21","date_gmt":"2026-02-03T08:21:21","guid":{"rendered":"https:\/\/www.noynoybaby.com\/?post_type=product&#038;p=30228"},"modified":"2026-03-13T15:14:57","modified_gmt":"2026-03-13T12:14:57","slug":"kozalak-nakisli-triko-kazak-ve-askili-kadife-pantolon-bebek-takimi-3-6-ay","status":"publish","type":"product","link":"https:\/\/www.noynoybaby.com\/pl\/produkt\/kozalak-nakisli-triko-kazak-ve-askili-kadife-pantolon-bebek-takimi-3-6-ay\/","title":{"rendered":"Komplet niemowl\u0119cy: sweter z haftem w szyszki sosnowe i aksamitne spodnie na szelkach, 3-6 miesi\u0119cy"},"content":{"rendered":"<p data-path-to-node=\"7\">Priorytetem jest zapewnienie dziecku wygody i komfortu. <b data-path-to-node=\"7\" data-index-in-node=\"64\">Zestaw szyszek sosnowych Noynoy Baby z haftem<\/b>, \u0141\u0105czy elegancj\u0119 z naturalnymi tonami w miesi\u0105cach zimowych i jesiennych. Jego mi\u0119kka konsystencja nie podra\u017cnia sk\u00f3ry, a ponadczasowy design sprawdzi si\u0119 zar\u00f3wno na specjalne okazje, jak i na co dzie\u0144.<\/p>\n<h3 data-path-to-node=\"8\">G\u0142\u00f3wne cechy:<\/h3>\n<ul data-path-to-node=\"9\">\n<li>\n<p data-path-to-node=\"9,0,0\"><b data-path-to-node=\"9,0,0\" data-index-in-node=\"0\">Stylowe detale:<\/b> Elegancki haft przedstawiaj\u0105cy szyszk\u0119 sosnow\u0105 na swetrze i czapce dodaje projektowi artystycznego i naturalnego charakteru.<\/p>\n<\/li>\n<li>\n<p data-path-to-node=\"9,1,0\"><b data-path-to-node=\"9,1,0\" data-index-in-node=\"0\">Wysoki komfort:<\/b> Elastyczna i przewiewna dzianinowa bluzka oraz mi\u0119kkie, aksamitne spodnie na szelkach nie ogranicz\u0105 swobody ruch\u00f3w Twojego dziecka.<\/p>\n<\/li>\n<li>\n<p data-path-to-node=\"9,2,0\"><b data-path-to-node=\"9,2,0\" data-index-in-node=\"0\">Kompletny str\u00f3j:<\/b> Zestaw zawiera: 1 sweter dzianinowy, 1 par\u0119 aksamitnych ogrodniczek, 1 pasuj\u0105c\u0105 czapk\u0119 i 1 par\u0119 bucik\u00f3w.<\/p>\n<\/li>\n<li>\n<p data-path-to-node=\"9,3,0\"><b data-path-to-node=\"9,3,0\" data-index-in-node=\"0\">\u0141atwo\u015b\u0107 u\u017cytkowania:<\/b> Guziki na ramionach swetra znacznie u\u0142atwiaj\u0105 ubieranie i rozbieranie dziecka. Spodnie na szelkach nie zsuwaj\u0105 si\u0119 i utrzymuj\u0105 ciep\u0142o w talii dziecka.<\/p>\n<\/li>\n<\/ul>\n<p data-path-to-node=\"12\"><strong>Uwaga: Ceny podane s\u0105 za sztuk\u0119. Po z\u0142o\u017ceniu zam\u00f3wienia otrzymasz 1 sztuk\u0119 (3-6 miesi\u0119cy).<\/strong>.<\/p>\n<p data-path-to-node=\"12\">","protected":false},"excerpt":{"rendered":"<p>Sukienka dla niemowl\u0105t dla dziewczynek, ozdobiona falbank\u0105 przy ko\u0142nierzyku i koronk\u0105, wyr\u00f3\u017cniaj\u0105ca si\u0119 eleganckim i uroczym wzorem, dope\u0142ni elegancji Twojego dziecka za spraw\u0105 stylowego koronkowego haftu i falbankowego ko\u0142nierzyka. Dzi\u0119ki mi\u0119kkiej i oddychaj\u0105cej tkaninie dopasowuje si\u0119 do wra\u017cliwej sk\u00f3ry i zapewnia komfort przez ca\u0142y dzie\u0144. Ta sukienka to idealny wyb\u00f3r na specjalne okazje, takie jak urodziny, \u015bwi\u0119ta czy sesje zdj\u0119ciowe. Twoje dziecko b\u0119dzie si\u0119 w niej czu\u0142o stylowo i wygodnie na co dzie\u0144. Zam\u00f3w ju\u017c dzi\u015b i dodaj odrobin\u0119 elegancji do garderoby swojego dziecka!<\/p>","protected":false},"featured_media":30229,"comment_status":"closed","ping_status":"closed","template":"","meta":[],"product_brand":[126],"product_cat":[83,114,20,113,87],"product_tag":[],"class_list":{"0":"post-30228","1":"product","2":"type-product","3":"status-publish","4":"has-post-thumbnail","6":"product_brand-noy-noy-kutu","7":"product_cat-bebek-takimi","8":"product_cat-erkek-cocuk","9":"product_cat-genel","10":"product_cat-kiz-cocuk","11":"product_cat-tulum","12":"pa_renk-beden","13":"pa_renk-bej","14":"pa_renk-beyaz","15":"pa_renk-ekru","16":"pa_renk-gri","17":"pa_renk-kahverengi","18":"pa_renk-kirmizi","19":"pa_renk-kot","20":"pa_renk-krem","21":"pa_renk-pembe","22":"pa_renk-pudra","23":"pa_renk-somon","25":"first","26":"instock","27":"taxable","28":"shipping-taxable","29":"purchasable","30":"product-type-simple"},"_links":{"self":[{"href":"https:\/\/www.noynoybaby.com\/pl\/wp-json\/wp\/v2\/product\/30228","targetHints":{"allow":["GET"]}}],"collection":[{"href":"https:\/\/www.noynoybaby.com\/pl\/wp-json\/wp\/v2\/product"}],"about":[{"href":"https:\/\/www.noynoybaby.com\/pl\/wp-json\/wp\/v2\/types\/product"}],"replies":[{"embeddable":true,"href":"https:\/\/www.noynoybaby.com\/pl\/wp-json\/wp\/v2\/comments?post=30228"}],"version-history":[{"count":1,"href":"https:\/\/www.noynoybaby.com\/pl\/wp-json\/wp\/v2\/product\/30228\/revisions"}],"predecessor-version":[{"id":30230,"href":"https:\/\/www.noynoybaby.com\/pl\/wp-json\/wp\/v2\/product\/30228\/revisions\/30230"}],"wp:featuredmedia":[{"embeddable":true,"href":"https:\/\/www.noynoybaby.com\/pl\/wp-json\/wp\/v2\/media\/30229"}],"wp:attachment":[{"href":"https:\/\/www.noynoybaby.com\/pl\/wp-json\/wp\/v2\/media?parent=30228"}],"wp:term":[{"taxonomy":"product_brand","embeddable":true,"href":"https:\/\/www.noynoybaby.com\/pl\/wp-json\/wp\/v2\/product_brand?post=30228"},{"taxonomy":"product_cat","embeddable":true,"href":"https:\/\/www.noynoybaby.com\/pl\/wp-json\/wp\/v2\/product_cat?post=30228"},{"taxonomy":"product_tag","embeddable":true,"href":"https:\/\/www.noynoybaby.com\/pl\/wp-json\/wp\/v2\/product_tag?post=30228"}],"curies":[{"name":"wp","href":"https:\/\/api.w.org\/{rel}","templated":true}]}}