{"id":30174,"date":"2026-02-03T09:32:18","date_gmt":"2026-02-03T06:32:18","guid":{"rendered":"https:\/\/www.noynoybaby.com\/?post_type=product&#038;p=30174"},"modified":"2026-03-26T16:42:49","modified_gmt":"2026-03-26T13:42:49","slug":"erkek-bebek-denizci-temali-4lu-set-kot-salopet-yengec-nakisli-gomlek-sapka-ve-corap-3-6-ay-fiyat","status":"publish","type":"product","link":"https:\/\/www.noynoybaby.com\/pl\/produkt\/erkek-bebek-denizci-temali-4lu-set-kot-salopet-yengec-nakisli-gomlek-sapka-ve-corap-3-6-ay-fiyat\/","title":{"rendered":"4-cz\u0119\u015bciowy zestaw dla ch\u0142opca z motywem marynarskim \u2013 ogrodniczki jeansowe, koszula z haftem kraba, czapeczka i skarpetki, 3-6 miesi\u0119cy"},"content":{"rendered":"<p data-path-to-node=\"7\"><b data-path-to-node=\"7\" data-index-in-node=\"0\">Letnia bryza dla ma\u0142ych kapitan\u00f3w: seria Noynoy Baby Sailor!<\/b><\/p>\n<p data-path-to-node=\"8\">Ten wyj\u0105tkowy, 4-cz\u0119\u015bciowy zestaw, oferuj\u0105cy Twojemu dziecku zar\u00f3wno styl, jak i wygod\u0119, b\u0119dzie niezast\u0105piony na letnie dni i wyj\u0105tkowe uroczysto\u015bci. Dzi\u0119ki mi\u0119kkiej fakturze i uroczym detalom, poczujesz jako\u015b\u0107 Noynoy Baby w ka\u017cdym \u015bciegu.<\/p>\n<h3 data-path-to-node=\"9\">\u2693 Zawarto\u015b\u0107 zestawu:<\/h3>\n<ul data-path-to-node=\"10\">\n<li>\n<p data-path-to-node=\"10,0,0\"><b data-path-to-node=\"10,0,0\" data-index-in-node=\"0\">Jasnoniebieskie jeansowe ogrodniczki:<\/b> Regulowane paski i boczne guziki u\u0142atwiaj\u0105 noszenie. Zmi\u0119kczony materia\u0142 denimowy zapewnia nieograniczon\u0105 swobod\u0119 ruch\u00f3w.<\/p>\n<\/li>\n<li>\n<p data-path-to-node=\"10,1,0\"><b data-path-to-node=\"10,1,0\" data-index-in-node=\"0\">Koszula marynarska z haftem kraba:<\/b> Oferuje klasyczny styl z szerokim ko\u0142nierzem marynarskim i uroczym haftem w kszta\u0142cie kraba. Wykonana jest z przewiewnego, lekkiego materia\u0142u.<\/p>\n<\/li>\n<li>\n<p data-path-to-node=\"10,2,0\"><b data-path-to-node=\"10,2,0\" data-index-in-node=\"0\">Kapelusz typu bucket z d\u017cinsu:<\/b> Najbardziej stylowy dodatek, kt\u00f3ry dope\u0142ni Tw\u00f3j str\u00f3j i ochroni Ci\u0119 przed s\u0142o\u0144cem.<\/p>\n<\/li>\n<li>\n<p data-path-to-node=\"10,3,0\"><b data-path-to-node=\"10,3,0\" data-index-in-node=\"0\">Bawe\u0142niane bia\u0142e skarpetki:<\/b> Mi\u0119kka tkanina otulaj\u0105ca stopy dziecka, nie powoduj\u0105c przy tym pocenia si\u0119.<\/p>\n<\/li>\n<\/ul>\n<h3 data-path-to-node=\"11\">\u2728 Dlaczego warto wybra\u0107 ten zesp\u00f3\u0142?<\/h3>\n<ul data-path-to-node=\"12\">\n<li>\n<p data-path-to-node=\"12,0,0\"><b data-path-to-node=\"12,0,0\" data-index-in-node=\"0\">Naturalne sk\u0142adniki:<\/b> Do produkcji wykorzystano wysokiej jako\u015bci tkaniny, kt\u00f3re nie powoduj\u0105 podra\u017cnie\u0144 i s\u0105 odpowiednie dla wra\u017cliwej sk\u00f3ry Twojego dziecka.<\/p>\n<\/li>\n<li>\n<p data-path-to-node=\"12,1,0\"><b data-path-to-node=\"12,1,0\" data-index-in-node=\"0\">Stylowy i funkcjonalny:<\/b> Niezale\u017cnie od tego, czy nadajesz si\u0119 na przyj\u0119cie urodzinowe czy spacer po pla\u017cy, jest to ponadczasowy projekt, kt\u00f3ry pasuje na ka\u017cd\u0105 okazj\u0119.<\/p>\n<\/li>\n<li>\n<p data-path-to-node=\"12,2,0\"><b data-path-to-node=\"12,2,0\" data-index-in-node=\"0\">Idealne na prezent:<\/b> Dla os\u00f3b poszukuj\u0105cych prezentu dla noworodka lub niemowl\u0119cia jest to zar\u00f3wno praktyczna, jak i przyci\u0105gaj\u0105ca wzrok opcja.<\/p>\n<\/li>\n<\/ul>\n<p data-path-to-node=\"12\"><strong>Uwaga: Ceny podane s\u0105 za sztuk\u0119. Po z\u0142o\u017ceniu zam\u00f3wienia otrzymasz 1 sztuk\u0119 (3-6 miesi\u0119cy).<\/strong>.<\/p>\n<p data-path-to-node=\"12\">","protected":false},"excerpt":{"rendered":"<p>Sukienka dla niemowl\u0105t dla dziewczynek, ozdobiona falbank\u0105 przy ko\u0142nierzyku i koronk\u0105, wyr\u00f3\u017cniaj\u0105ca si\u0119 eleganckim i uroczym wzorem, dope\u0142ni elegancji Twojego dziecka za spraw\u0105 stylowego koronkowego haftu i falbankowego ko\u0142nierzyka. Dzi\u0119ki mi\u0119kkiej i oddychaj\u0105cej tkaninie dopasowuje si\u0119 do wra\u017cliwej sk\u00f3ry i zapewnia komfort przez ca\u0142y dzie\u0144. Ta sukienka to idealny wyb\u00f3r na specjalne okazje, takie jak urodziny, \u015bwi\u0119ta czy sesje zdj\u0119ciowe. Twoje dziecko b\u0119dzie si\u0119 w niej czu\u0142o stylowo i wygodnie na co dzie\u0144. Zam\u00f3w ju\u017c dzi\u015b i dodaj odrobin\u0119 elegancji do garderoby swojego dziecka!<\/p>","protected":false},"featured_media":30175,"comment_status":"closed","ping_status":"closed","template":"","meta":[],"product_brand":[126],"product_cat":[83,114,20,87],"product_tag":[],"class_list":{"0":"post-30174","1":"product","2":"type-product","3":"status-publish","4":"has-post-thumbnail","6":"product_brand-noy-noy-kutu","7":"product_cat-bebek-takimi","8":"product_cat-erkek-cocuk","9":"product_cat-genel","10":"product_cat-tulum","11":"pa_renk-beden","12":"pa_renk-bej","13":"pa_renk-beyaz","14":"pa_renk-ekru","15":"pa_renk-gri","16":"pa_renk-kahverengi","17":"pa_renk-kirmizi","18":"pa_renk-kot","19":"pa_renk-krem","20":"pa_renk-pembe","21":"pa_renk-pudra","22":"pa_renk-somon","24":"first","25":"instock","26":"taxable","27":"shipping-taxable","28":"purchasable","29":"product-type-simple"},"_links":{"self":[{"href":"https:\/\/www.noynoybaby.com\/pl\/wp-json\/wp\/v2\/product\/30174","targetHints":{"allow":["GET"]}}],"collection":[{"href":"https:\/\/www.noynoybaby.com\/pl\/wp-json\/wp\/v2\/product"}],"about":[{"href":"https:\/\/www.noynoybaby.com\/pl\/wp-json\/wp\/v2\/types\/product"}],"replies":[{"embeddable":true,"href":"https:\/\/www.noynoybaby.com\/pl\/wp-json\/wp\/v2\/comments?post=30174"}],"version-history":[{"count":3,"href":"https:\/\/www.noynoybaby.com\/pl\/wp-json\/wp\/v2\/product\/30174\/revisions"}],"predecessor-version":[{"id":30597,"href":"https:\/\/www.noynoybaby.com\/pl\/wp-json\/wp\/v2\/product\/30174\/revisions\/30597"}],"wp:featuredmedia":[{"embeddable":true,"href":"https:\/\/www.noynoybaby.com\/pl\/wp-json\/wp\/v2\/media\/30175"}],"wp:attachment":[{"href":"https:\/\/www.noynoybaby.com\/pl\/wp-json\/wp\/v2\/media?parent=30174"}],"wp:term":[{"taxonomy":"product_brand","embeddable":true,"href":"https:\/\/www.noynoybaby.com\/pl\/wp-json\/wp\/v2\/product_brand?post=30174"},{"taxonomy":"product_cat","embeddable":true,"href":"https:\/\/www.noynoybaby.com\/pl\/wp-json\/wp\/v2\/product_cat?post=30174"},{"taxonomy":"product_tag","embeddable":true,"href":"https:\/\/www.noynoybaby.com\/pl\/wp-json\/wp\/v2\/product_tag?post=30174"}],"curies":[{"name":"wp","href":"https:\/\/api.w.org\/{rel}","templated":true}]}}