{"id":29608,"date":"2026-01-28T09:28:49","date_gmt":"2026-01-28T06:28:49","guid":{"rendered":"http:\/\/www.noynoybaby.com\/?post_type=product&#038;p=29608"},"modified":"2026-04-01T11:21:49","modified_gmt":"2026-04-01T08:21:49","slug":"cicek-dokumali-kiz-bebek-elbise","status":"publish","type":"product","link":"https:\/\/www.noynoybaby.com\/pl\/produkt\/cicek-dokumali-kiz-bebek-elbise\/","title":{"rendered":"Sukienka z haftem kwiatowym, 9-24 miesi\u0105ce"},"content":{"rendered":"<p data-path-to-node=\"6\"><b data-path-to-node=\"6\" data-index-in-node=\"0\">Najczystsza forma elegancji: sukienka dla niemowl\u0105t NoyNoy o specjalnym designie z kwiatowym haftem<\/b><\/p>\n<p data-path-to-node=\"7\">Zaprojektowana z dba\u0142o\u015bci\u0105 o szczeg\u00f3\u0142y, aby najszcz\u0119\u015bliwsze dni Twojego dziecka by\u0142y niezapomniane, ta sukienka \u0142\u0105czy klasyczn\u0105 elegancj\u0119 z nowoczesnymi akcentami. Wyr\u00f3\u017cnia si\u0119 zar\u00f3wno szykownym stylem, jak i mi\u0119kk\u0105 faktur\u0105.<\/p>\n<h3 data-path-to-node=\"8\"><b data-path-to-node=\"8\" data-index-in-node=\"0\">Szczeg\u00f3\u0142y i najwa\u017cniejsze cechy produktu:<\/b><\/h3>\n<ul data-path-to-node=\"9\">\n<li>\n<p data-path-to-node=\"9,0,0\"><b data-path-to-node=\"9,0,0\" data-index-in-node=\"0\">Wspania\u0142y ko\u0142nierzyk dla dziecka:<\/b> Dzi\u0119ki falbaniastym kraw\u0119dziom i szerokiemu ko\u0142nierzykowi w stylu Piotrusia Pana twarz nabiera jasnego i niewinnego wyrazu.<\/p>\n<\/li>\n<li>\n<p data-path-to-node=\"9,1,0\"><b data-path-to-node=\"9,1,0\" data-index-in-node=\"0\">Wzory haftowanych kwiat\u00f3w:<\/b> Wyt\u0142oczone bia\u0142e kwiaty na dole i gorsecie, a tak\u017ce haft przedstawiaj\u0105cy ga\u0142\u0105zki w kolorze z\u0142ota, dodaj\u0105 sukience wielowymiarowo\u015bci i luksusowego wygl\u0105du.<\/p>\n<\/li>\n<li>\n<p data-path-to-node=\"9,2,0\"><b data-path-to-node=\"9,2,0\" data-index-in-node=\"0\">Elegancki brzeg:<\/b> Falbaniasty koronkowy brzeg w po\u0142\u0105czeniu z warstw\u0105 tiulu tworzy bajkow\u0105 obj\u0119to\u015b\u0107.<\/p>\n<\/li>\n<li>\n<p data-path-to-node=\"9,3,0\"><b data-path-to-node=\"9,3,0\" data-index-in-node=\"0\">Komfort i jako\u015b\u0107:<\/b> Wn\u0119trze wy\u015bcie\u0142ane jest mi\u0119kkim materia\u0142em, kt\u00f3ry zapobiega podra\u017cnieniom sk\u00f3ry dziecka. Zamek b\u0142yskawiczny z ty\u0142u u\u0142atwia zak\u0142adanie.<\/p>\n<\/li>\n<li>\n<p data-path-to-node=\"9,4,0\"><b data-path-to-node=\"9,4,0\" data-index-in-node=\"0\">Stylowy dodatek:<\/b> W zestawie znajduje si\u0119 specjalnie zaprojektowana bandana z koronkow\u0105 kokard\u0105, dopasowan\u0105 do faktury sukienki.<\/p>\n<\/li>\n<\/ul>\n<h3 data-path-to-node=\"10\"><b data-path-to-node=\"10\" data-index-in-node=\"0\">Obszary zastosowa\u0144:<\/b><\/h3>\n<p data-path-to-node=\"11\">To doskona\u0142y wyb\u00f3r na uroczysto\u015bci rodzinne, takie jak zar\u0119czyny, \u015bluby, pierwsze urodziny i spotkania religijne.<\/p>\n<h5>Uwaga: Ceny podane s\u0105 za sztuk\u0119. Po z\u0142o\u017ceniu zam\u00f3wienia otrzymasz 4 sztuki (9 miesi\u0119cy, 12 miesi\u0119cy, 18 miesi\u0119cy i 24 miesi\u0105ce).<\/h5>\n<p>&nbsp;<\/p>","protected":false},"excerpt":{"rendered":"<p>Sukienka dla niemowl\u0105t dla dziewczynek, ozdobiona falbank\u0105 przy ko\u0142nierzyku i koronk\u0105, wyr\u00f3\u017cniaj\u0105ca si\u0119 eleganckim i uroczym wzorem, dope\u0142ni elegancji Twojego dziecka za spraw\u0105 stylowego koronkowego haftu i falbankowego ko\u0142nierzyka. Dzi\u0119ki mi\u0119kkiej i oddychaj\u0105cej tkaninie dopasowuje si\u0119 do wra\u017cliwej sk\u00f3ry i zapewnia komfort przez ca\u0142y dzie\u0144. Ta sukienka to idealny wyb\u00f3r na specjalne okazje, takie jak urodziny, \u015bwi\u0119ta czy sesje zdj\u0119ciowe. Twoje dziecko b\u0119dzie si\u0119 w niej czu\u0142o stylowo i wygodnie na co dzie\u0144. Zam\u00f3w ju\u017c dzi\u015b i dodaj odrobin\u0119 elegancji do garderoby swojego dziecka!<\/p>","protected":false},"featured_media":29609,"comment_status":"closed","ping_status":"closed","template":"","meta":[],"product_brand":[74],"product_cat":[75,20,113],"product_tag":[],"class_list":{"0":"post-29608","1":"product","2":"type-product","3":"status-publish","4":"has-post-thumbnail","6":"product_brand-noy-noy","7":"product_cat-elbise","8":"product_cat-genel","9":"product_cat-kiz-cocuk","11":"first","12":"outofstock","13":"taxable","14":"shipping-taxable","15":"purchasable","16":"product-type-simple"},"_links":{"self":[{"href":"https:\/\/www.noynoybaby.com\/pl\/wp-json\/wp\/v2\/product\/29608","targetHints":{"allow":["GET"]}}],"collection":[{"href":"https:\/\/www.noynoybaby.com\/pl\/wp-json\/wp\/v2\/product"}],"about":[{"href":"https:\/\/www.noynoybaby.com\/pl\/wp-json\/wp\/v2\/types\/product"}],"replies":[{"embeddable":true,"href":"https:\/\/www.noynoybaby.com\/pl\/wp-json\/wp\/v2\/comments?post=29608"}],"version-history":[{"count":9,"href":"https:\/\/www.noynoybaby.com\/pl\/wp-json\/wp\/v2\/product\/29608\/revisions"}],"predecessor-version":[{"id":30075,"href":"https:\/\/www.noynoybaby.com\/pl\/wp-json\/wp\/v2\/product\/29608\/revisions\/30075"}],"wp:featuredmedia":[{"embeddable":true,"href":"https:\/\/www.noynoybaby.com\/pl\/wp-json\/wp\/v2\/media\/29609"}],"wp:attachment":[{"href":"https:\/\/www.noynoybaby.com\/pl\/wp-json\/wp\/v2\/media?parent=29608"}],"wp:term":[{"taxonomy":"product_brand","embeddable":true,"href":"https:\/\/www.noynoybaby.com\/pl\/wp-json\/wp\/v2\/product_brand?post=29608"},{"taxonomy":"product_cat","embeddable":true,"href":"https:\/\/www.noynoybaby.com\/pl\/wp-json\/wp\/v2\/product_cat?post=29608"},{"taxonomy":"product_tag","embeddable":true,"href":"https:\/\/www.noynoybaby.com\/pl\/wp-json\/wp\/v2\/product_tag?post=29608"}],"curies":[{"name":"wp","href":"https:\/\/api.w.org\/{rel}","templated":true}]}}