{"id":30492,"date":"2026-02-05T11:17:15","date_gmt":"2026-02-05T08:17:15","guid":{"rendered":"https:\/\/www.noynoybaby.com\/?post_type=product&#038;p=30492"},"modified":"2026-04-01T11:02:32","modified_gmt":"2026-04-01T08:02:32","slug":"fisto-detayli-yakali-bebek-elbisesi-ve-sac-bandi-seti-9-24-ay","status":"publish","type":"product","link":"https:\/\/www.noynoybaby.com\/de\/produkt\/fisto-detayli-yakali-bebek-elbisesi-ve-sac-bandi-seti-9-24-ay\/","title":{"rendered":"Babykleid und Stirnband-Set mit Spitzenkragen, Gr\u00f6\u00dfe 9-24 Monate"},"content":{"rendered":"<p data-path-to-node=\"5\"><b data-path-to-node=\"5\" data-index-in-node=\"0\">Mit Noynoy Baby wird die Eleganz Ihres Babys perfektioniert!<\/b><\/p>\n<p data-path-to-node=\"6\">W\u00fcnschen Sie sich nicht auch, dass sich Ihr Baby bei besonderen Anl\u00e4ssen, im Urlaub oder bei einem schicken Marktbesuch wohlf\u00fchlt und bezaubernd aussieht? Dieses Set vereint nostalgische Spitzendetails mit einem modernen Schnitt und wurde sorgf\u00e4ltig f\u00fcr kleine Prinzessinnen entworfen.<\/p>\n<h3 data-path-to-node=\"7\">Hauptmerkmale:<\/h3>\n<ul data-path-to-node=\"8\">\n<li>\n<p data-path-to-node=\"8,0,0\"><b data-path-to-node=\"8,0,0\" data-index-in-node=\"0\">Elegantes Design:<\/b> Mit seinem wei\u00dfen R\u00fcschenkragen und den Spitzendetails am Oberteil bietet es eine elegante Vintage-Note.<\/p>\n<\/li>\n<li>\n<p data-path-to-node=\"8,1,0\"><b data-path-to-node=\"8,1,0\" data-index-in-node=\"0\">Weichteilgewebe:<\/b> Hergestellt aus atmungsaktivem und nicht schwei\u00dftreibendem Material, das f\u00fcr die empfindliche Haut Ihres Babys geeignet ist.<\/p>\n<\/li>\n<li>\n<p data-path-to-node=\"8,2,0\"><b data-path-to-node=\"8,2,0\" data-index-in-node=\"0\">Passendes Zubeh\u00f6r:<\/b> Im Paket enthalten ist ein weiches Haarband mit Schleifendetail, das die Eleganz des Kleides unterstreicht.<\/p>\n<\/li>\n<li>\n<p data-path-to-node=\"8,3,0\"><b data-path-to-node=\"8,3,0\" data-index-in-node=\"0\">Benutzerfreundlichkeit:<\/b> Dank des versteckten Rei\u00dfverschluss-\/Knopfmechanismus auf der R\u00fcckseite l\u00e4sst es sich leicht an- und ausziehen.<\/p>\n<\/li>\n<li>\n<p data-path-to-node=\"8,4,0\"><b data-path-to-node=\"8,4,0\" data-index-in-node=\"0\">Weiter Rockschnitt:<\/b> Es hat ein flauschiges und luftiges Rockdesign, das die Bewegungsfreiheit des Babys nicht einschr\u00e4nkt.<\/p>\n<\/li>\n<\/ul>\n<h3 data-path-to-node=\"9\">Produktinhalt:<\/h3>\n<ol start=\"1\" data-path-to-node=\"10\">\n<li>\n<p data-path-to-node=\"10,0,0\">1 Babykleid mit Spitzenkragen<\/p>\n<\/li>\n<li>\n<p data-path-to-node=\"10,1,0\">1 Stilvolles Haarband<\/p>\n<\/li>\n<\/ol>\n<blockquote data-path-to-node=\"11\">\n<p data-path-to-node=\"11,0\"><b data-path-to-node=\"11,0\" data-index-in-node=\"0\">Waschanleitung:<\/b> Um Form und leuchtende Farben zu erhalten, empfiehlt es sich, das Kleidungsst\u00fcck bei 30 Grad Celsius auf links mit \u00e4hnlichen Farben zu waschen.<\/p>\n<\/blockquote>\n<p data-path-to-node=\"12\"><strong>Hinweis: Die Preise verstehen sich pro Einheit. Bei Ihrer Bestellung erhalten Sie 4 Einheiten (9 Monate, 12 Monate, 18 Monate, 24 Monate).<\/strong>.<\/p>\n<p data-path-to-node=\"12\">","protected":false},"excerpt":{"rendered":"<p>Das Babykleid mit R\u00fcschenkragen und Spitzendetails besticht durch sein elegantes und s\u00fc\u00dfes Design und vervollst\u00e4ndigt mit seiner stilvollen Spitzenstickerei und dem R\u00fcschenkragen die Eleganz Ihres Babys. Dank seines weichen und atmungsaktiven Gewebes passt es sich der empfindlichen Haut an und bietet den ganzen Tag lang Komfort. Dieses Kleid ist die perfekte Wahl f\u00fcr besondere Anl\u00e4sse wie Geburtstage, Feiertage und Fotoshootings und sorgt auch im Alltag f\u00fcr ein stilvolles und bequemes Aussehen Ihres Babys. Bestellen Sie jetzt und verleihen Sie der Garderobe Ihres Babys einen Hauch von Eleganz!<\/p>","protected":false},"featured_media":30493,"comment_status":"closed","ping_status":"closed","template":"","meta":[],"product_brand":[74],"product_cat":[75,20,113],"product_tag":[],"class_list":{"0":"post-30492","1":"product","2":"type-product","3":"status-publish","4":"has-post-thumbnail","6":"product_brand-noy-noy","7":"product_cat-elbise","8":"product_cat-genel","9":"product_cat-kiz-cocuk","10":"pa_renk-beden","11":"pa_renk-bej","12":"pa_renk-beyaz","13":"pa_renk-camel","14":"pa_renk-ekru","15":"pa_renk-fume","16":"pa_renk-gri","17":"pa_renk-gul-kurusu","18":"pa_renk-hardal","19":"pa_renk-indigo","20":"pa_renk-kahverengi","21":"pa_renk-karamel","22":"pa_renk-kiremit","23":"pa_renk-kirmizi","24":"pa_renk-kot","25":"pa_renk-koyu-kahve","26":"pa_renk-krem","27":"pa_renk-mavi","28":"pa_renk-mint-yesili","29":"pa_renk-pembe","30":"pa_renk-pudra","31":"pa_renk-sari","32":"pa_renk-somon","33":"pa_renk-sutlu-kahve","35":"first","36":"outofstock","37":"taxable","38":"shipping-taxable","39":"purchasable","40":"product-type-simple"},"_links":{"self":[{"href":"https:\/\/www.noynoybaby.com\/de\/wp-json\/wp\/v2\/product\/30492","targetHints":{"allow":["GET"]}}],"collection":[{"href":"https:\/\/www.noynoybaby.com\/de\/wp-json\/wp\/v2\/product"}],"about":[{"href":"https:\/\/www.noynoybaby.com\/de\/wp-json\/wp\/v2\/types\/product"}],"replies":[{"embeddable":true,"href":"https:\/\/www.noynoybaby.com\/de\/wp-json\/wp\/v2\/comments?post=30492"}],"version-history":[{"count":2,"href":"https:\/\/www.noynoybaby.com\/de\/wp-json\/wp\/v2\/product\/30492\/revisions"}],"predecessor-version":[{"id":30683,"href":"https:\/\/www.noynoybaby.com\/de\/wp-json\/wp\/v2\/product\/30492\/revisions\/30683"}],"wp:featuredmedia":[{"embeddable":true,"href":"https:\/\/www.noynoybaby.com\/de\/wp-json\/wp\/v2\/media\/30493"}],"wp:attachment":[{"href":"https:\/\/www.noynoybaby.com\/de\/wp-json\/wp\/v2\/media?parent=30492"}],"wp:term":[{"taxonomy":"product_brand","embeddable":true,"href":"https:\/\/www.noynoybaby.com\/de\/wp-json\/wp\/v2\/product_brand?post=30492"},{"taxonomy":"product_cat","embeddable":true,"href":"https:\/\/www.noynoybaby.com\/de\/wp-json\/wp\/v2\/product_cat?post=30492"},{"taxonomy":"product_tag","embeddable":true,"href":"https:\/\/www.noynoybaby.com\/de\/wp-json\/wp\/v2\/product_tag?post=30492"}],"curies":[{"name":"wp","href":"https:\/\/api.w.org\/{rel}","templated":true}]}}