{"id":30468,"date":"2026-02-05T10:52:09","date_gmt":"2026-02-05T07:52:09","guid":{"rendered":"https:\/\/www.noynoybaby.com\/?post_type=product&#038;p=30468"},"modified":"2026-04-01T11:06:16","modified_gmt":"2026-04-01T08:06:16","slug":"cicek-desenli-bebek-takimi-pamuklu-bluz-ve-kot-pantolon-2li-set-9-24-ay-fiyat","status":"publish","type":"product","link":"https:\/\/www.noynoybaby.com\/de\/produkt\/cicek-desenli-bebek-takimi-pamuklu-bluz-ve-kot-pantolon-2li-set-9-24-ay-fiyat\/","title":{"rendered":"Baby-Set mit Blumenmuster \u2013 Baumwollbluse und Jeans, 2-teiliges Set, 9\u201324 Monate"},"content":{"rendered":"<p data-path-to-node=\"6\"><b data-path-to-node=\"6\" data-index-in-node=\"0\">Ein Hauch von Fr\u00fchling f\u00fcr kleine Damen mit Noynoy Baby!<\/b><\/p>\n<p data-path-to-node=\"7\">Dieses speziell entworfene Set vereint Komfort und Stil f\u00fcr Ihr Baby und ist die ideale Wahl f\u00fcr den Alltag und besondere Anl\u00e4sse. Mit nat\u00fcrlichen Texturen und nostalgischen Details besticht es durch die gewohnte Noynoy Baby-Qualit\u00e4t.<\/p>\n<h3 data-path-to-node=\"8\"><b data-path-to-node=\"8\" data-index-in-node=\"0\">Produktspezifikationen:<\/b><\/h3>\n<ul data-path-to-node=\"9\">\n<li>\n<p data-path-to-node=\"9,0,0\"><b data-path-to-node=\"9,0,0\" data-index-in-node=\"0\">Bluse mit Blumenmuster:<\/b> Aus atmungsaktivem, hochwertigem Baumwollstoff gefertigt. Die Schleife am Kragen und die kleinen Pompons (Tulpen) an den Enden verleihen dem Set eine handgemachte, warme Note.<\/p>\n<\/li>\n<li>\n<p data-path-to-node=\"9,1,0\"><b data-path-to-node=\"9,1,0\" data-index-in-node=\"0\">Jeans mit l\u00e4ssiger Passform:<\/b> Diese Jeans f\u00fcr Babys haben einen elastischen Bund und ein weiches Material, das uneingeschr\u00e4nkte Bewegungsfreiheit erm\u00f6glicht. Die Details am Bein verleihen ihnen einen modernen Look.<\/p>\n<\/li>\n<li>\n<p data-path-to-node=\"9,2,0\"><b data-path-to-node=\"9,2,0\" data-index-in-node=\"0\">Vorteil des 3-teiligen Sets:<\/b> Das Set beinhaltet eine stylische Bluse, eine bequeme Hose und ein mit Spitze verziertes Haarband, um den Look abzurunden.<\/p>\n<\/li>\n<li>\n<p data-path-to-node=\"9,3,0\"><b data-path-to-node=\"9,3,0\" data-index-in-node=\"0\">Hautfreundlich:<\/b> Die verwendeten Stoffe bestehen aus nat\u00fcrlichen Inhaltsstoffen, die die empfindliche Haut Ihres Babys nicht sch\u00e4digen und kein Schwitzen verursachen.<\/p>\n<\/li>\n<\/ul>\n<h3 data-path-to-node=\"10\"><b data-path-to-node=\"10\" data-index-in-node=\"0\">Waschen und Pflege:<\/b><\/h3>\n<ul data-path-to-node=\"11\">\n<li>\n<p data-path-to-node=\"11,0,0\">Schonendes Waschen bei 30 Grad wird empfohlen.<\/p>\n<\/li>\n<li>\n<p data-path-to-node=\"11,1,0\">Eisen von innen nach au\u00dfen.<\/p>\n<\/li>\n<\/ul>\n<blockquote data-path-to-node=\"12\">\n<p data-path-to-node=\"12,0\"><b data-path-to-node=\"12,0\" data-index-in-node=\"0\">Anmerkung der Redaktion:<\/b> Dieses Set l\u00e4sst sich mit Strickjacken aus der Noynoy Baby Kollektion kombinieren und ist somit ideal f\u00fcr k\u00fchlere Tage. Es eignet sich perfekt f\u00fcr Fotoshootings!<\/p>\n<\/blockquote>\n<p data-path-to-node=\"12\"><strong>Hinweis: Die Preise verstehen sich pro Einheit. Bei Ihrer Bestellung erhalten Sie 4 Einheiten (9 Monate, 12 Monate, 18 Monate, 24 Monate).<\/strong>.<\/p>\n<p data-path-to-node=\"12\">","protected":false},"excerpt":{"rendered":"<p>Das Babykleid mit R\u00fcschenkragen und Spitzendetails besticht durch sein elegantes und s\u00fc\u00dfes Design und vervollst\u00e4ndigt mit seiner stilvollen Spitzenstickerei und dem R\u00fcschenkragen die Eleganz Ihres Babys. Dank seines weichen und atmungsaktiven Gewebes passt es sich der empfindlichen Haut an und bietet den ganzen Tag lang Komfort. Dieses Kleid ist die perfekte Wahl f\u00fcr besondere Anl\u00e4sse wie Geburtstage, Feiertage und Fotoshootings und sorgt auch im Alltag f\u00fcr ein stilvolles und bequemes Aussehen Ihres Babys. Bestellen Sie jetzt und verleihen Sie der Garderobe Ihres Babys einen Hauch von Eleganz!<\/p>","protected":false},"featured_media":30469,"comment_status":"closed","ping_status":"closed","template":"","meta":[],"product_brand":[74],"product_cat":[79,20,113],"product_tag":[],"class_list":{"0":"post-30468","1":"product","2":"type-product","3":"status-publish","4":"has-post-thumbnail","6":"product_brand-noy-noy","7":"product_cat-alt-ust-takim","8":"product_cat-genel","9":"product_cat-kiz-cocuk","10":"pa_renk-beden","11":"pa_renk-bej","12":"pa_renk-beyaz","13":"pa_renk-camel","14":"pa_renk-ekru","15":"pa_renk-fume","16":"pa_renk-gri","17":"pa_renk-gul-kurusu","18":"pa_renk-hardal","19":"pa_renk-indigo","20":"pa_renk-kahverengi","21":"pa_renk-karamel","22":"pa_renk-kiremit","23":"pa_renk-kirmizi","24":"pa_renk-kot","25":"pa_renk-koyu-kahve","26":"pa_renk-krem","27":"pa_renk-mavi","28":"pa_renk-mint-yesili","29":"pa_renk-pembe","30":"pa_renk-pudra","31":"pa_renk-sari","32":"pa_renk-somon","33":"pa_renk-sutlu-kahve","35":"first","36":"outofstock","37":"taxable","38":"shipping-taxable","39":"purchasable","40":"product-type-simple"},"_links":{"self":[{"href":"https:\/\/www.noynoybaby.com\/de\/wp-json\/wp\/v2\/product\/30468","targetHints":{"allow":["GET"]}}],"collection":[{"href":"https:\/\/www.noynoybaby.com\/de\/wp-json\/wp\/v2\/product"}],"about":[{"href":"https:\/\/www.noynoybaby.com\/de\/wp-json\/wp\/v2\/types\/product"}],"replies":[{"embeddable":true,"href":"https:\/\/www.noynoybaby.com\/de\/wp-json\/wp\/v2\/comments?post=30468"}],"version-history":[{"count":2,"href":"https:\/\/www.noynoybaby.com\/de\/wp-json\/wp\/v2\/product\/30468\/revisions"}],"predecessor-version":[{"id":30506,"href":"https:\/\/www.noynoybaby.com\/de\/wp-json\/wp\/v2\/product\/30468\/revisions\/30506"}],"wp:featuredmedia":[{"embeddable":true,"href":"https:\/\/www.noynoybaby.com\/de\/wp-json\/wp\/v2\/media\/30469"}],"wp:attachment":[{"href":"https:\/\/www.noynoybaby.com\/de\/wp-json\/wp\/v2\/media?parent=30468"}],"wp:term":[{"taxonomy":"product_brand","embeddable":true,"href":"https:\/\/www.noynoybaby.com\/de\/wp-json\/wp\/v2\/product_brand?post=30468"},{"taxonomy":"product_cat","embeddable":true,"href":"https:\/\/www.noynoybaby.com\/de\/wp-json\/wp\/v2\/product_cat?post=30468"},{"taxonomy":"product_tag","embeddable":true,"href":"https:\/\/www.noynoybaby.com\/de\/wp-json\/wp\/v2\/product_tag?post=30468"}],"curies":[{"name":"wp","href":"https:\/\/api.w.org\/{rel}","templated":true}]}}