{"id":30444,"date":"2026-02-05T10:32:49","date_gmt":"2026-02-05T07:32:49","guid":{"rendered":"https:\/\/www.noynoybaby.com\/?post_type=product&#038;p=30444"},"modified":"2026-04-01T11:06:50","modified_gmt":"2026-04-01T08:06:50","slug":"bebek-denim-sort-tulum-tenis-nakisli-polo-yaka-romper-9-24-ay","status":"publish","type":"product","link":"https:\/\/www.noynoybaby.com\/de\/produkt\/bebek-denim-sort-tulum-tenis-nakisli-polo-yaka-romper-9-24-ay\/","title":{"rendered":"Baby-Jeansshorts-Overall \u2013 Tennis-Strampler mit besticktem Polokragen, Gr\u00f6\u00dfe 9-24 Monate"},"content":{"rendered":"<h3 data-path-to-node=\"8\"><b data-path-to-node=\"8\" data-index-in-node=\"0\">Noynoy Baby Tennis bestickter Polokragen Denim Baby-Strampler<\/b><\/h3>\n<p data-path-to-node=\"9\">Sowohl bequem als auch sehr stylisch f\u00fcr kleine Sportler! <b data-path-to-node=\"9\" data-index-in-node=\"50\">Noynoy Baby<\/b>\u2019Dies stammt aus der exklusiven Designkollektion von [Marke\/Hersteller]. <b data-path-to-node=\"9\" data-index-in-node=\"103\">Baby-Strampler aus Jeansstoff<\/b>, Es vereint Retro-Tennis-Stil mit modernem Komfort. Dank seiner weichen Textur reizt es die Haut Ihres Babys nicht und schr\u00e4nkt seine Bewegungsfreiheit nicht ein.<\/p>\n<p data-path-to-node=\"10\"><b data-path-to-node=\"10\" data-index-in-node=\"0\">Warum sollten Sie sich f\u00fcr diesen Jumpsuit entscheiden?<\/b><\/p>\n<ul data-path-to-node=\"11\">\n<li>\n<p data-path-to-node=\"11,0,0\"><b data-path-to-node=\"11,0,0\" data-index-in-node=\"0\">Sportliches und stilvolles Design:<\/b> Mit seinem wei\u00dfen Polokragen, den Raglan\u00e4rmeln und der einzigartigen Tennisschl\u00e4ger-Stickerei auf der Brust (\u201cSport Noy Noy Club\u201d) wird dieses Kleidungsst\u00fcck an kleinen Herren gro\u00dfartig aussehen.<\/p>\n<\/li>\n<li>\n<p data-path-to-node=\"11,1,0\"><b data-path-to-node=\"11,1,0\" data-index-in-node=\"0\">Praktische Anwendung:<\/b> Die Kn\u00f6pfe vorne und die Druckkn\u00f6pfe zwischen den Beinen erleichtern das Windelwechseln und Anziehen sehr.<\/p>\n<\/li>\n<li>\n<p data-path-to-node=\"11,2,0\"><b data-path-to-node=\"11,2,0\" data-index-in-node=\"0\">Weicher Denim-Stoff:<\/b> Im Gegensatz zu steifen Denimstoffen zeichnet es sich durch eine atmungsaktive, weiche Denim-Textur aus, die speziell f\u00fcr die zarte Haut von Babys entwickelt wurde.<\/p>\n<\/li>\n<li>\n<p data-path-to-node=\"11,3,0\"><b data-path-to-node=\"11,3,0\" data-index-in-node=\"0\">Vielseitig:<\/b> Eine stilvolle Wahl, egal ob f\u00fcr allt\u00e4gliche Parkbesuche oder besondere Geburtstagsfeiern.<\/p>\n<\/li>\n<\/ul>\n<p data-path-to-node=\"12\"><b data-path-to-node=\"12\" data-index-in-node=\"0\">Produktdetails:<\/b><\/p>\n<ul data-path-to-node=\"13\">\n<li>\n<p data-path-to-node=\"13,0,0\"><b data-path-to-node=\"13,0,0\" data-index-in-node=\"0\">Farbe:<\/b> Hellblauer Denim \/ Wei\u00dfe \u00c4rmel<\/p>\n<\/li>\n<li>\n<p data-path-to-node=\"13,1,0\"><b data-path-to-node=\"13,1,0\" data-index-in-node=\"0\">Material:<\/b> Baumwollmischung, flexible und weiche Textur.<\/p>\n<\/li>\n<li>\n<p data-path-to-node=\"13,2,0\"><b data-path-to-node=\"13,2,0\" data-index-in-node=\"0\">Detail:<\/b> Strampler mit Polokragen, Stickerei und kurzen \u00c4rmeln.<\/p>\n<\/li>\n<li>\n<p data-path-to-node=\"13,3,0\"><b data-path-to-node=\"13,3,0\" data-index-in-node=\"0\">Pflege:<\/b> Es wird empfohlen, das Kleidungsst\u00fcck bei 30 Grad mit \u00e4hnlichen Farben auf links zu waschen.<\/p>\n<\/li>\n<\/ul>\n<p data-path-to-node=\"12\"><strong>Hinweis: Die Preise verstehen sich pro Einheit. Bei Ihrer Bestellung erhalten Sie 4 Einheiten (9 Monate, 12 Monate, 18 Monate, 24 Monate).<\/strong>.<\/p>\n<p data-path-to-node=\"12\">","protected":false},"excerpt":{"rendered":"<p>Das Babykleid mit R\u00fcschenkragen und Spitzendetails besticht durch sein elegantes und s\u00fc\u00dfes Design und vervollst\u00e4ndigt mit seiner stilvollen Spitzenstickerei und dem R\u00fcschenkragen die Eleganz Ihres Babys. Dank seines weichen und atmungsaktiven Gewebes passt es sich der empfindlichen Haut an und bietet den ganzen Tag lang Komfort. Dieses Kleid ist die perfekte Wahl f\u00fcr besondere Anl\u00e4sse wie Geburtstage, Feiertage und Fotoshootings und sorgt auch im Alltag f\u00fcr ein stilvolles und bequemes Aussehen Ihres Babys. Bestellen Sie jetzt und verleihen Sie der Garderobe Ihres Babys einen Hauch von Eleganz!<\/p>","protected":false},"featured_media":30446,"comment_status":"closed","ping_status":"closed","template":"","meta":[],"product_brand":[74],"product_cat":[20,113,87],"product_tag":[],"class_list":{"0":"post-30444","1":"product","2":"type-product","3":"status-publish","4":"has-post-thumbnail","6":"product_brand-noy-noy","7":"product_cat-genel","8":"product_cat-kiz-cocuk","9":"product_cat-tulum","10":"pa_renk-beden","11":"pa_renk-bej","12":"pa_renk-beyaz","13":"pa_renk-camel","14":"pa_renk-ekru","15":"pa_renk-fume","16":"pa_renk-gri","17":"pa_renk-gul-kurusu","18":"pa_renk-hardal","19":"pa_renk-indigo","20":"pa_renk-kahverengi","21":"pa_renk-karamel","22":"pa_renk-kiremit","23":"pa_renk-kirmizi","24":"pa_renk-kot","25":"pa_renk-koyu-kahve","26":"pa_renk-krem","27":"pa_renk-mavi","28":"pa_renk-mint-yesili","29":"pa_renk-pembe","30":"pa_renk-pudra","31":"pa_renk-sari","32":"pa_renk-somon","33":"pa_renk-sutlu-kahve","35":"first","36":"outofstock","37":"taxable","38":"shipping-taxable","39":"purchasable","40":"product-type-simple"},"_links":{"self":[{"href":"https:\/\/www.noynoybaby.com\/de\/wp-json\/wp\/v2\/product\/30444","targetHints":{"allow":["GET"]}}],"collection":[{"href":"https:\/\/www.noynoybaby.com\/de\/wp-json\/wp\/v2\/product"}],"about":[{"href":"https:\/\/www.noynoybaby.com\/de\/wp-json\/wp\/v2\/types\/product"}],"replies":[{"embeddable":true,"href":"https:\/\/www.noynoybaby.com\/de\/wp-json\/wp\/v2\/comments?post=30444"}],"version-history":[{"count":2,"href":"https:\/\/www.noynoybaby.com\/de\/wp-json\/wp\/v2\/product\/30444\/revisions"}],"predecessor-version":[{"id":30736,"href":"https:\/\/www.noynoybaby.com\/de\/wp-json\/wp\/v2\/product\/30444\/revisions\/30736"}],"wp:featuredmedia":[{"embeddable":true,"href":"https:\/\/www.noynoybaby.com\/de\/wp-json\/wp\/v2\/media\/30446"}],"wp:attachment":[{"href":"https:\/\/www.noynoybaby.com\/de\/wp-json\/wp\/v2\/media?parent=30444"}],"wp:term":[{"taxonomy":"product_brand","embeddable":true,"href":"https:\/\/www.noynoybaby.com\/de\/wp-json\/wp\/v2\/product_brand?post=30444"},{"taxonomy":"product_cat","embeddable":true,"href":"https:\/\/www.noynoybaby.com\/de\/wp-json\/wp\/v2\/product_cat?post=30444"},{"taxonomy":"product_tag","embeddable":true,"href":"https:\/\/www.noynoybaby.com\/de\/wp-json\/wp\/v2\/product_tag?post=30444"}],"curies":[{"name":"wp","href":"https:\/\/api.w.org\/{rel}","templated":true}]}}