{"id":30436,"date":"2026-02-05T10:22:28","date_gmt":"2026-02-05T07:22:28","guid":{"rendered":"https:\/\/www.noynoybaby.com\/?post_type=product&#038;p=30436"},"modified":"2026-04-01T11:07:01","modified_gmt":"2026-04-01T08:07:01","slug":"kiz-bebek-kot-jile-elbise-nakisli-yakali-ve-corap-setli-9-24-ay-fiyat","status":"publish","type":"product","link":"https:\/\/www.noynoybaby.com\/de\/produkt\/kiz-bebek-kot-jile-elbise-nakisli-yakali-ve-corap-setli-9-24-ay-fiyat\/","title":{"rendered":"Jeansweste f\u00fcr Babys \u2013 Set mit besticktem Kragen und Socken (9\u201324 Monate)"},"content":{"rendered":"<p data-path-to-node=\"6\"><b data-path-to-node=\"6\" data-index-in-node=\"0\">Noynoy Baby verleiht der Babymode einen Hauch von Vintage: Set aus besticktem Jeanskleid und Socken mit Erdbeermotiv.<\/b><\/p>\n<p data-path-to-node=\"7\">Wie w\u00e4re es, der Garderobe Ihrer kleinen Prinzessin einen Hauch von Nostalgie und modernen Komfort zu verleihen? Dieses sorgf\u00e4ltig ausgew\u00e4hlte, speziell entworfene Set von Noynoy Baby bietet beides: Stil und Qualit\u00e4t.<\/p>\n<h3 data-path-to-node=\"8\">\u2728 Hauptmerkmale:<\/h3>\n<ul data-path-to-node=\"9\">\n<li>\n<p data-path-to-node=\"9,0,0\"><b data-path-to-node=\"9,0,0\" data-index-in-node=\"0\">Elegante Details:<\/b> Dieses Kleidchen ist f\u00fcr die zarte Haut von Babys geeignet und besticht durch zeitlose Eleganz mit seinem breiten, wei\u00dfen, spitzenbesetzten Kragen, der mit einer lebhaften Erdbeer- und Blumenstickerei verziert ist.<\/p>\n<\/li>\n<li>\n<p data-path-to-node=\"9,1,0\"><b data-path-to-node=\"9,1,0\" data-index-in-node=\"0\">Design:<\/b> Mit ihrem flie\u00dfenden, dreilagigen R\u00fcschenrock und der roten Schleife am Dekollet\u00e9 sorgt sie bei jedem Schritt f\u00fcr einen charmanten Look.<\/p>\n<\/li>\n<li>\n<p data-path-to-node=\"9,2,0\"><b data-path-to-node=\"9,2,0\" data-index-in-node=\"0\">Hochwertiger Stoff:<\/b> Dank des weichen Denim-Stoffs kann sich Ihr Baby den ganzen Tag bequem bewegen.<\/p>\n<\/li>\n<li>\n<p data-path-to-node=\"9,3,0\"><b data-path-to-node=\"9,3,0\" data-index-in-node=\"0\">Erg\u00e4nzendes Set:<\/b> Passend zum Stil des Kleides ersparen Sie sich die M\u00fche, es mit diesen eleganten wei\u00dfen Socken mit roter Schleife abzustimmen!<\/p>\n<\/li>\n<\/ul>\n<h3 data-path-to-node=\"10\">\ud83e\uddfa Produktinhaltsstoffe und Pflegehinweise:<\/h3>\n<ul data-path-to-node=\"11\">\n<li>\n<p data-path-to-node=\"11,0,0\"><b data-path-to-node=\"11,0,0\" data-index-in-node=\"0\">Lieferinhalt:<\/b> 1 besticktes Jeanskleid, 1 Paar Babysocken mit Schleifen.<\/p>\n<\/li>\n<li>\n<p data-path-to-node=\"11,1,0\"><b data-path-to-node=\"11,1,0\" data-index-in-node=\"0\">Anwendungsbereich:<\/b> Eine perfekte Wahl f\u00fcr Geburtstagsfeiern, Urlaubsbesuche, besondere Fotoshootings oder einen stilvollen Sonntagsausflug.<\/p>\n<\/li>\n<li>\n<p data-path-to-node=\"11,2,0\"><b data-path-to-node=\"11,2,0\" data-index-in-node=\"0\">Waschanleitung:<\/b> Um Form und Farben zu erhalten, empfiehlt es sich, das Kleidungsst\u00fcck bei 30 Grad Celsius auf links zu waschen.<\/p>\n<\/li>\n<\/ul>\n<blockquote data-path-to-node=\"12\">\n<p data-path-to-node=\"12,0\"><b data-path-to-node=\"12,0\" data-index-in-node=\"0\">Noynoy Baby Note:<\/b> Die ersten Erinnerungen Ihres Babys sollten so besonders sein, wie sie sind. Selbst Jahre sp\u00e4ter, wenn Sie die mit diesem Set aufgenommenen Fotos betrachten, werden Sie von seiner Eleganz begeistert sein!<\/p>\n<\/blockquote>\n<p data-path-to-node=\"12\"><strong>Hinweis: Die Preise verstehen sich pro Einheit. Bei Ihrer Bestellung erhalten Sie 4 Einheiten (9 Monate, 12 Monate, 18 Monate, 24 Monate).<\/strong>.<\/p>\n<p data-path-to-node=\"12\">","protected":false},"excerpt":{"rendered":"<p>Das Babykleid mit R\u00fcschenkragen und Spitzendetails besticht durch sein elegantes und s\u00fc\u00dfes Design und vervollst\u00e4ndigt mit seiner stilvollen Spitzenstickerei und dem R\u00fcschenkragen die Eleganz Ihres Babys. Dank seines weichen und atmungsaktiven Gewebes passt es sich der empfindlichen Haut an und bietet den ganzen Tag lang Komfort. Dieses Kleid ist die perfekte Wahl f\u00fcr besondere Anl\u00e4sse wie Geburtstage, Feiertage und Fotoshootings und sorgt auch im Alltag f\u00fcr ein stilvolles und bequemes Aussehen Ihres Babys. Bestellen Sie jetzt und verleihen Sie der Garderobe Ihres Babys einen Hauch von Eleganz!<\/p>","protected":false},"featured_media":30437,"comment_status":"closed","ping_status":"closed","template":"","meta":[],"product_brand":[74],"product_cat":[75,20,113],"product_tag":[],"class_list":{"0":"post-30436","1":"product","2":"type-product","3":"status-publish","4":"has-post-thumbnail","6":"product_brand-noy-noy","7":"product_cat-elbise","8":"product_cat-genel","9":"product_cat-kiz-cocuk","10":"pa_renk-beden","11":"pa_renk-bej","12":"pa_renk-beyaz","13":"pa_renk-camel","14":"pa_renk-ekru","15":"pa_renk-fume","16":"pa_renk-gri","17":"pa_renk-gul-kurusu","18":"pa_renk-hardal","19":"pa_renk-indigo","20":"pa_renk-kahverengi","21":"pa_renk-karamel","22":"pa_renk-kiremit","23":"pa_renk-kirmizi","24":"pa_renk-kot","25":"pa_renk-koyu-kahve","26":"pa_renk-krem","27":"pa_renk-mavi","28":"pa_renk-mint-yesili","29":"pa_renk-pembe","30":"pa_renk-pudra","31":"pa_renk-sari","32":"pa_renk-somon","33":"pa_renk-sutlu-kahve","35":"first","36":"outofstock","37":"taxable","38":"shipping-taxable","39":"purchasable","40":"product-type-simple"},"_links":{"self":[{"href":"https:\/\/www.noynoybaby.com\/de\/wp-json\/wp\/v2\/product\/30436","targetHints":{"allow":["GET"]}}],"collection":[{"href":"https:\/\/www.noynoybaby.com\/de\/wp-json\/wp\/v2\/product"}],"about":[{"href":"https:\/\/www.noynoybaby.com\/de\/wp-json\/wp\/v2\/types\/product"}],"replies":[{"embeddable":true,"href":"https:\/\/www.noynoybaby.com\/de\/wp-json\/wp\/v2\/comments?post=30436"}],"version-history":[{"count":2,"href":"https:\/\/www.noynoybaby.com\/de\/wp-json\/wp\/v2\/product\/30436\/revisions"}],"predecessor-version":[{"id":30753,"href":"https:\/\/www.noynoybaby.com\/de\/wp-json\/wp\/v2\/product\/30436\/revisions\/30753"}],"wp:featuredmedia":[{"embeddable":true,"href":"https:\/\/www.noynoybaby.com\/de\/wp-json\/wp\/v2\/media\/30437"}],"wp:attachment":[{"href":"https:\/\/www.noynoybaby.com\/de\/wp-json\/wp\/v2\/media?parent=30436"}],"wp:term":[{"taxonomy":"product_brand","embeddable":true,"href":"https:\/\/www.noynoybaby.com\/de\/wp-json\/wp\/v2\/product_brand?post=30436"},{"taxonomy":"product_cat","embeddable":true,"href":"https:\/\/www.noynoybaby.com\/de\/wp-json\/wp\/v2\/product_cat?post=30436"},{"taxonomy":"product_tag","embeddable":true,"href":"https:\/\/www.noynoybaby.com\/de\/wp-json\/wp\/v2\/product_tag?post=30436"}],"curies":[{"name":"wp","href":"https:\/\/api.w.org\/{rel}","templated":true}]}}