{"id":30430,"date":"2026-02-05T10:17:25","date_gmt":"2026-02-05T07:17:25","guid":{"rendered":"https:\/\/www.noynoybaby.com\/?post_type=product&#038;p=30430"},"modified":"2026-04-01T11:07:23","modified_gmt":"2026-04-01T08:07:23","slug":"bebek-kot-tulum-dantel-islemeli-ve-bandanali-denim-salopet-9-24-ay-fiyat","status":"publish","type":"product","link":"https:\/\/www.noynoybaby.com\/de\/produkt\/bebek-kot-tulum-dantel-islemeli-ve-bandanali-denim-salopet-9-24-ay-fiyat\/","title":{"rendered":"Baby-Jeansoverall \u2013 Jeans-Latzhose mit Spitzenbesatz und Halstuch, 9\u201324 Monate"},"content":{"rendered":"<p data-path-to-node=\"5\"><b data-path-to-node=\"5\" data-index-in-node=\"0\">Ein Hauch von Boh\u00e8me f\u00fcr die Babygarderobe: Jeans-Strampler-Set mit Spitzenstickerei<\/b><\/p>\n<p data-path-to-node=\"6\">Dieses besondere Design, pr\u00e4sentiert in Noynoy Baby Qualit\u00e4t, vereint eine weiche Denim-Textur mit einem handgefertigten Look. <b data-path-to-node=\"6\" data-index-in-node=\"97\">H\u00e4keldetails<\/b> Dieser Strampler vereint Stil und Eleganz. Er ist ideal f\u00fcr den Alltag und besondere Anl\u00e4sse und sorgt daf\u00fcr, dass Ihr Baby stilvoll aussieht, ohne auf Komfort verzichten zu m\u00fcssen.<\/p>\n<h3 data-path-to-node=\"7\">Warum sollten Sie sich f\u00fcr dieses Produkt entscheiden?<\/h3>\n<ul data-path-to-node=\"8\">\n<li>\n<p data-path-to-node=\"8,0,0\"><b data-path-to-node=\"8,0,0\" data-index-in-node=\"0\">Ma\u00dfgefertigte obere Platte:<\/b> Die dreifache blaue Spitzenborte auf der Brust und der cremefarbene H\u00e4kelrahmen verleihen dem Kleidungsst\u00fcck eine nostalgische und elegante Note.<\/p>\n<\/li>\n<li>\n<p data-path-to-node=\"8,1,0\"><b data-path-to-node=\"8,1,0\" data-index-in-node=\"0\">Weicher Denim-Stoff:<\/b> Hergestellt aus leichtem und atmungsaktivem Denim-Stoff, geeignet f\u00fcr die empfindliche Haut von Babys und erm\u00f6glicht uneingeschr\u00e4nkte Bewegungsfreiheit.<\/p>\n<\/li>\n<li>\n<p data-path-to-node=\"8,2,0\"><b data-path-to-node=\"8,2,0\" data-index-in-node=\"0\">Elegante Details:<\/b> Die R\u00fcschendetails an den Schultern runden den niedlichen Look des Jumpsuits ab.<\/p>\n<\/li>\n<li>\n<p data-path-to-node=\"8,3,0\"><b data-path-to-node=\"8,3,0\" data-index-in-node=\"0\">Passendes Zubeh\u00f6r:<\/b> Im Paket enthalten ist ein Spitzen-Bandana mit Schleifendetail, passend zum Jumpsuit.<\/p>\n<\/li>\n<\/ul>\n<p data-path-to-node=\"12\"><strong>Hinweis: Die Preise verstehen sich pro Einheit. Bei Ihrer Bestellung erhalten Sie 4 Einheiten (9 Monate, 12 Monate, 18 Monate, 24 Monate).<\/strong>.<\/p>\n<p data-path-to-node=\"12\">","protected":false},"excerpt":{"rendered":"<p>Das Babykleid mit R\u00fcschenkragen und Spitzendetails besticht durch sein elegantes und s\u00fc\u00dfes Design und vervollst\u00e4ndigt mit seiner stilvollen Spitzenstickerei und dem R\u00fcschenkragen die Eleganz Ihres Babys. Dank seines weichen und atmungsaktiven Gewebes passt es sich der empfindlichen Haut an und bietet den ganzen Tag lang Komfort. Dieses Kleid ist die perfekte Wahl f\u00fcr besondere Anl\u00e4sse wie Geburtstage, Feiertage und Fotoshootings und sorgt auch im Alltag f\u00fcr ein stilvolles und bequemes Aussehen Ihres Babys. Bestellen Sie jetzt und verleihen Sie der Garderobe Ihres Babys einen Hauch von Eleganz!<\/p>","protected":false},"featured_media":30433,"comment_status":"closed","ping_status":"closed","template":"","meta":[],"product_brand":[74],"product_cat":[20,113,87],"product_tag":[],"class_list":{"0":"post-30430","1":"product","2":"type-product","3":"status-publish","4":"has-post-thumbnail","6":"product_brand-noy-noy","7":"product_cat-genel","8":"product_cat-kiz-cocuk","9":"product_cat-tulum","10":"pa_renk-beden","11":"pa_renk-bej","12":"pa_renk-beyaz","13":"pa_renk-camel","14":"pa_renk-ekru","15":"pa_renk-fume","16":"pa_renk-gri","17":"pa_renk-gul-kurusu","18":"pa_renk-hardal","19":"pa_renk-indigo","20":"pa_renk-kahverengi","21":"pa_renk-karamel","22":"pa_renk-kiremit","23":"pa_renk-kirmizi","24":"pa_renk-kot","25":"pa_renk-koyu-kahve","26":"pa_renk-krem","27":"pa_renk-mavi","28":"pa_renk-mint-yesili","29":"pa_renk-pembe","30":"pa_renk-pudra","31":"pa_renk-sari","32":"pa_renk-somon","33":"pa_renk-sutlu-kahve","35":"first","36":"outofstock","37":"taxable","38":"shipping-taxable","39":"purchasable","40":"product-type-simple"},"_links":{"self":[{"href":"https:\/\/www.noynoybaby.com\/de\/wp-json\/wp\/v2\/product\/30430","targetHints":{"allow":["GET"]}}],"collection":[{"href":"https:\/\/www.noynoybaby.com\/de\/wp-json\/wp\/v2\/product"}],"about":[{"href":"https:\/\/www.noynoybaby.com\/de\/wp-json\/wp\/v2\/types\/product"}],"replies":[{"embeddable":true,"href":"https:\/\/www.noynoybaby.com\/de\/wp-json\/wp\/v2\/comments?post=30430"}],"version-history":[{"count":3,"href":"https:\/\/www.noynoybaby.com\/de\/wp-json\/wp\/v2\/product\/30430\/revisions"}],"predecessor-version":[{"id":30755,"href":"https:\/\/www.noynoybaby.com\/de\/wp-json\/wp\/v2\/product\/30430\/revisions\/30755"}],"wp:featuredmedia":[{"embeddable":true,"href":"https:\/\/www.noynoybaby.com\/de\/wp-json\/wp\/v2\/media\/30433"}],"wp:attachment":[{"href":"https:\/\/www.noynoybaby.com\/de\/wp-json\/wp\/v2\/media?parent=30430"}],"wp:term":[{"taxonomy":"product_brand","embeddable":true,"href":"https:\/\/www.noynoybaby.com\/de\/wp-json\/wp\/v2\/product_brand?post=30430"},{"taxonomy":"product_cat","embeddable":true,"href":"https:\/\/www.noynoybaby.com\/de\/wp-json\/wp\/v2\/product_cat?post=30430"},{"taxonomy":"product_tag","embeddable":true,"href":"https:\/\/www.noynoybaby.com\/de\/wp-json\/wp\/v2\/product_tag?post=30430"}],"curies":[{"name":"wp","href":"https:\/\/api.w.org\/{rel}","templated":true}]}}