{"id":30401,"date":"2026-02-04T12:26:14","date_gmt":"2026-02-04T09:26:14","guid":{"rendered":"https:\/\/www.noynoybaby.com\/?post_type=product&#038;p=30401"},"modified":"2026-04-01T11:08:25","modified_gmt":"2026-04-01T08:08:25","slug":"erkek-bebek-cizgili-keten-romper-fularli-yazlik-tulum-9-24-ay","status":"publish","type":"product","link":"https:\/\/www.noynoybaby.com\/de\/produkt\/erkek-bebek-cizgili-keten-romper-fularli-yazlik-tulum-9-24-ay\/","title":{"rendered":"Gestreifter Leinen-Strampler f\u00fcr Jungen \u2013 Sommer-Overall mit Schal, 9\u201324 Monate"},"content":{"rendered":"<p data-path-to-node=\"6\"><b data-path-to-node=\"6\" data-index-in-node=\"0\">Die Wahl f\u00fcr M\u00fctter, die Wert auf Stil und Komfort legen: Noynoy Baby-Streifen-Strampler<\/b><\/p>\n<p data-path-to-node=\"7\">Wie w\u00e4re es, der Garderobe Ihres Babys sowohl einen klassischen Touch als auch ein modernes Flair zu verleihen? <b data-path-to-node=\"7\" data-index-in-node=\"91\">Noynoy Baby<\/b> Dieses besondere St\u00fcck aus der Kollektion ist aus atmungsaktiven, hochwertigen Stoffen gefertigt, wobei die zarte Haut der Kleinen besonders ber\u00fccksichtigt wurde.<\/p>\n<h3 data-path-to-node=\"8\">\u2728 Hauptmerkmale:<\/h3>\n<ul data-path-to-node=\"9\">\n<li>\n<p data-path-to-node=\"9,0,0\"><b data-path-to-node=\"9,0,0\" data-index-in-node=\"0\">Nat\u00fcrliche Textur:<\/b> Der atmungsaktive Stoff in Leinenoptik sorgt daf\u00fcr, dass Ihr Baby an hei\u00dfen Sommertagen k\u00fchl bleibt.<\/p>\n<\/li>\n<li>\n<p data-path-to-node=\"9,1,0\"><b data-path-to-node=\"9,1,0\" data-index-in-node=\"0\">Stilvolle Details:<\/b> Der wei\u00dfe Schal am Hals und die niedliche Figur auf der Brusttasche sorgen f\u00fcr einen stilvollen Look.<\/p>\n<\/li>\n<li>\n<p data-path-to-node=\"9,2,0\"><b data-path-to-node=\"9,2,0\" data-index-in-node=\"0\">Praktische Anwendung:<\/b> Die Kn\u00f6pfe in Holzoptik vorne und die Druckkn\u00f6pfe unten erm\u00f6glichen ein schnelles und einfaches An- und Ausziehen sowie ein problemloses Windelwechseln.<\/p>\n<\/li>\n<li>\n<p data-path-to-node=\"9,3,0\"><b data-path-to-node=\"9,3,0\" data-index-in-node=\"0\">Zeitloses Design:<\/b> Die blau-wei\u00dfen L\u00e4ngsstreifen lassen Ihr Baby sowohl im Alltag als auch bei besonderen Anl\u00e4ssen wie einen Star strahlen.<\/p>\n<\/li>\n<\/ul>\n<h3 data-path-to-node=\"10\">\ud83e\uddfa Pflegehinweise:<\/h3>\n<p data-path-to-node=\"11\">F\u00fcr eine l\u00e4ngere Haltbarkeit empfiehlt es sich, das Kleidungsst\u00fcck auf links mit \u00e4hnlichen Farben bei 30 Grad Celsius und ohne Bleichmittel zu waschen.<\/p>\n<blockquote data-path-to-node=\"12\">\n<p data-path-to-node=\"12,0\"><b data-path-to-node=\"12,0\" data-index-in-node=\"0\">Noynoy Baby Note:<\/b> \u201cDas Wohlbefinden Ihres Babys liegt uns am Herzen. Jeder Stich wird mit Liebe und Sorgfalt ausgef\u00fchrt!\u201d<\/p>\n<\/blockquote>\n<p data-path-to-node=\"12\"><strong>Hinweis: Die Preise verstehen sich pro Einheit. Bei Ihrer Bestellung erhalten Sie 4 Einheiten (9 Monate, 12 Monate, 18 Monate, 24 Monate).<\/strong>.<\/p>\n<p data-path-to-node=\"12\">","protected":false},"excerpt":{"rendered":"<p>Das Babykleid mit R\u00fcschenkragen und Spitzendetails besticht durch sein elegantes und s\u00fc\u00dfes Design und vervollst\u00e4ndigt mit seiner stilvollen Spitzenstickerei und dem R\u00fcschenkragen die Eleganz Ihres Babys. Dank seines weichen und atmungsaktiven Gewebes passt es sich der empfindlichen Haut an und bietet den ganzen Tag lang Komfort. Dieses Kleid ist die perfekte Wahl f\u00fcr besondere Anl\u00e4sse wie Geburtstage, Feiertage und Fotoshootings und sorgt auch im Alltag f\u00fcr ein stilvolles und bequemes Aussehen Ihres Babys. Bestellen Sie jetzt und verleihen Sie der Garderobe Ihres Babys einen Hauch von Eleganz!<\/p>","protected":false},"featured_media":30406,"comment_status":"closed","ping_status":"closed","template":"","meta":[],"product_brand":[74],"product_cat":[114,20,87],"product_tag":[],"class_list":{"0":"post-30401","1":"product","2":"type-product","3":"status-publish","4":"has-post-thumbnail","6":"product_brand-noy-noy","7":"product_cat-erkek-cocuk","8":"product_cat-genel","9":"product_cat-tulum","10":"pa_renk-beden","11":"pa_renk-bej","12":"pa_renk-beyaz","13":"pa_renk-camel","14":"pa_renk-ekru","15":"pa_renk-fume","16":"pa_renk-gri","17":"pa_renk-gul-kurusu","18":"pa_renk-hardal","19":"pa_renk-indigo","20":"pa_renk-kahverengi","21":"pa_renk-karamel","22":"pa_renk-kiremit","23":"pa_renk-kirmizi","24":"pa_renk-kot","25":"pa_renk-koyu-kahve","26":"pa_renk-krem","27":"pa_renk-mavi","28":"pa_renk-mint-yesili","29":"pa_renk-pembe","30":"pa_renk-pudra","31":"pa_renk-somon","32":"pa_renk-sutlu-kahve","34":"first","35":"outofstock","36":"taxable","37":"shipping-taxable","38":"purchasable","39":"product-type-variable"},"_links":{"self":[{"href":"https:\/\/www.noynoybaby.com\/de\/wp-json\/wp\/v2\/product\/30401","targetHints":{"allow":["GET"]}}],"collection":[{"href":"https:\/\/www.noynoybaby.com\/de\/wp-json\/wp\/v2\/product"}],"about":[{"href":"https:\/\/www.noynoybaby.com\/de\/wp-json\/wp\/v2\/types\/product"}],"replies":[{"embeddable":true,"href":"https:\/\/www.noynoybaby.com\/de\/wp-json\/wp\/v2\/comments?post=30401"}],"version-history":[{"count":3,"href":"https:\/\/www.noynoybaby.com\/de\/wp-json\/wp\/v2\/product\/30401\/revisions"}],"predecessor-version":[{"id":30754,"href":"https:\/\/www.noynoybaby.com\/de\/wp-json\/wp\/v2\/product\/30401\/revisions\/30754"}],"wp:featuredmedia":[{"embeddable":true,"href":"https:\/\/www.noynoybaby.com\/de\/wp-json\/wp\/v2\/media\/30406"}],"wp:attachment":[{"href":"https:\/\/www.noynoybaby.com\/de\/wp-json\/wp\/v2\/media?parent=30401"}],"wp:term":[{"taxonomy":"product_brand","embeddable":true,"href":"https:\/\/www.noynoybaby.com\/de\/wp-json\/wp\/v2\/product_brand?post=30401"},{"taxonomy":"product_cat","embeddable":true,"href":"https:\/\/www.noynoybaby.com\/de\/wp-json\/wp\/v2\/product_cat?post=30401"},{"taxonomy":"product_tag","embeddable":true,"href":"https:\/\/www.noynoybaby.com\/de\/wp-json\/wp\/v2\/product_tag?post=30401"}],"curies":[{"name":"wp","href":"https:\/\/api.w.org\/{rel}","templated":true}]}}