{"id":30259,"date":"2026-02-03T12:08:33","date_gmt":"2026-02-03T09:08:33","guid":{"rendered":"https:\/\/www.noynoybaby.com\/?post_type=product&#038;p=30259"},"modified":"2026-04-01T11:20:32","modified_gmt":"2026-04-01T08:20:32","slug":"kiz-bebek-krem-dantel-detayli-elbise-ve-hirka-takimi-4lu-set-3-6-ay","status":"publish","type":"product","link":"https:\/\/www.noynoybaby.com\/de\/produkt\/kiz-bebek-krem-dantel-detayli-elbise-ve-hirka-takimi-4lu-set-3-6-ay\/","title":{"rendered":"Baby M\u00e4dchen Kleid und Strickjacke in Creme mit Spitzendetails \u2013 4-teiliges Set 3-6 Monate"},"content":{"rendered":"<p data-path-to-node=\"6\"><b data-path-to-node=\"6\" data-index-in-node=\"0\">Verleihen Sie den besonderen Tagen Ihres Babys Eleganz: 4-teiliges Kleider-Set mit Spitzendetails<\/b><\/p>\n<p data-path-to-node=\"7\">Dieses Set, eines der sch\u00f6nsten St\u00fccke der Noynoy Baby Kollektion, vereint klassische Vintage-Elemente mit modernem Komfort. Gefertigt aus weichen, hautfreundlichen Stoffen, ist es die perfekte Wahl f\u00fcr Geburtstage, Babypartys und alle anderen besonderen Anl\u00e4sse.<\/p>\n<h3 data-path-to-node=\"8\"><b data-path-to-node=\"8\" data-index-in-node=\"0\">Inhalt des Sets:<\/b><\/h3>\n<ul data-path-to-node=\"9\">\n<li>\n<p data-path-to-node=\"9,0,0\"><b data-path-to-node=\"9,0,0\" data-index-in-node=\"0\">\u00c4rmelloses Spitzenkleid:<\/b> Mit seinem horizontalen Spitzenbesatz am Dekollet\u00e9 und der eleganten Schleife an der Taille verleiht es einen m\u00e4rchenhaften Look.<\/p>\n<\/li>\n<li>\n<p data-path-to-node=\"9,1,0\"><b data-path-to-node=\"9,1,0\" data-index-in-node=\"0\">Strickjacke mit Lochmuster:<\/b> Eine leichte und weiche Strickjacke, die im Fr\u00fchling wie im Winter einen stilvollen Look abrundet.<\/p>\n<\/li>\n<li>\n<p data-path-to-node=\"9,2,0\"><b data-path-to-node=\"9,2,0\" data-index-in-node=\"0\">Bandana mit Schleife:<\/b> Das Kleid ist perfekt darauf abgestimmt und hat eine flexible Struktur, die den Kopf Ihres Babys nicht einengt.<\/p>\n<\/li>\n<li>\n<p data-path-to-node=\"9,3,0\"><b data-path-to-node=\"9,3,0\" data-index-in-node=\"0\">Cremefarbene Babysocken:<\/b> Elegante und bequeme Socken, die das Outfit abrunden.<\/p>\n<\/li>\n<\/ul>\n<h3 data-path-to-node=\"10\"><b data-path-to-node=\"10\" data-index-in-node=\"0\">Hauptmerkmale:<\/b><\/h3>\n<ul data-path-to-node=\"11\">\n<li>\n<p data-path-to-node=\"11,0,0\"><b data-path-to-node=\"11,0,0\" data-index-in-node=\"0\">Farbe:<\/b> Ein zeitloser und eleganter Ecru-\/Creme-Ton.<\/p>\n<\/li>\n<li>\n<p data-path-to-node=\"11,1,0\"><b data-path-to-node=\"11,1,0\" data-index-in-node=\"0\">Stoffqualit\u00e4t:<\/b> Hergestellt aus babysicheren, atmungsaktiven und hautvertr\u00e4glichen Materialien.<\/p>\n<\/li>\n<li>\n<p data-path-to-node=\"11,2,0\"><b data-path-to-node=\"11,2,0\" data-index-in-node=\"0\">Benutzerfreundlichkeit:<\/b> Dank des Knopf-\/Rei\u00dfverschlusses auf der R\u00fcckseite l\u00e4sst es sich leicht anziehen.<\/p>\n<\/li>\n<li>\n<p data-path-to-node=\"11,3,0\"><b data-path-to-node=\"11,3,0\" data-index-in-node=\"0\">Geschenkoption:<\/b> Mit seinem eleganten Design ist es ein unvergessliches Geschenk zur Geburt oder zum Geburtstag.<\/p>\n<\/li>\n<\/ul>\n<p data-path-to-node=\"12\"><strong>Hinweis: Die Preise verstehen sich pro Einheit. Bei einer Bestellung erhalten Sie 1 Einheit (3-6 Monate).<\/strong>.<\/p>\n<p data-path-to-node=\"12\">","protected":false},"excerpt":{"rendered":"<p>Das Babykleid mit R\u00fcschenkragen und Spitzendetails besticht durch sein elegantes und s\u00fc\u00dfes Design und vervollst\u00e4ndigt mit seiner stilvollen Spitzenstickerei und dem R\u00fcschenkragen die Eleganz Ihres Babys. Dank seines weichen und atmungsaktiven Gewebes passt es sich der empfindlichen Haut an und bietet den ganzen Tag lang Komfort. Dieses Kleid ist die perfekte Wahl f\u00fcr besondere Anl\u00e4sse wie Geburtstage, Feiertage und Fotoshootings und sorgt auch im Alltag f\u00fcr ein stilvolles und bequemes Aussehen Ihres Babys. Bestellen Sie jetzt und verleihen Sie der Garderobe Ihres Babys einen Hauch von Eleganz!<\/p>","protected":false},"featured_media":30260,"comment_status":"closed","ping_status":"closed","template":"","meta":[],"product_brand":[126],"product_cat":[83,75,20,113],"product_tag":[],"class_list":{"0":"post-30259","1":"product","2":"type-product","3":"status-publish","4":"has-post-thumbnail","6":"product_brand-noy-noy-kutu","7":"product_cat-bebek-takimi","8":"product_cat-elbise","9":"product_cat-genel","10":"product_cat-kiz-cocuk","11":"pa_renk-beden","12":"pa_renk-bej","13":"pa_renk-beyaz","14":"pa_renk-ekru","15":"pa_renk-gri","16":"pa_renk-kahverengi","17":"pa_renk-kirmizi","18":"pa_renk-kot","19":"pa_renk-krem","20":"pa_renk-pembe","21":"pa_renk-pudra","22":"pa_renk-somon","24":"first","25":"outofstock","26":"taxable","27":"shipping-taxable","28":"purchasable","29":"product-type-simple"},"_links":{"self":[{"href":"https:\/\/www.noynoybaby.com\/de\/wp-json\/wp\/v2\/product\/30259","targetHints":{"allow":["GET"]}}],"collection":[{"href":"https:\/\/www.noynoybaby.com\/de\/wp-json\/wp\/v2\/product"}],"about":[{"href":"https:\/\/www.noynoybaby.com\/de\/wp-json\/wp\/v2\/types\/product"}],"replies":[{"embeddable":true,"href":"https:\/\/www.noynoybaby.com\/de\/wp-json\/wp\/v2\/comments?post=30259"}],"version-history":[{"count":1,"href":"https:\/\/www.noynoybaby.com\/de\/wp-json\/wp\/v2\/product\/30259\/revisions"}],"predecessor-version":[{"id":30262,"href":"https:\/\/www.noynoybaby.com\/de\/wp-json\/wp\/v2\/product\/30259\/revisions\/30262"}],"wp:featuredmedia":[{"embeddable":true,"href":"https:\/\/www.noynoybaby.com\/de\/wp-json\/wp\/v2\/media\/30260"}],"wp:attachment":[{"href":"https:\/\/www.noynoybaby.com\/de\/wp-json\/wp\/v2\/media?parent=30259"}],"wp:term":[{"taxonomy":"product_brand","embeddable":true,"href":"https:\/\/www.noynoybaby.com\/de\/wp-json\/wp\/v2\/product_brand?post=30259"},{"taxonomy":"product_cat","embeddable":true,"href":"https:\/\/www.noynoybaby.com\/de\/wp-json\/wp\/v2\/product_cat?post=30259"},{"taxonomy":"product_tag","embeddable":true,"href":"https:\/\/www.noynoybaby.com\/de\/wp-json\/wp\/v2\/product_tag?post=30259"}],"curies":[{"name":"wp","href":"https:\/\/api.w.org\/{rel}","templated":true}]}}