{"id":30255,"date":"2026-02-03T12:04:43","date_gmt":"2026-02-03T09:04:43","guid":{"rendered":"https:\/\/www.noynoybaby.com\/?post_type=product&#038;p=30255"},"modified":"2026-04-01T11:20:51","modified_gmt":"2026-04-01T08:20:51","slug":"muslin-nakisli-bebek-tulum-seti-krem-orgu-hirka-ve-sapkali-4lu-takim-3-6-ay","status":"publish","type":"product","link":"https:\/\/www.noynoybaby.com\/de\/produkt\/muslin-nakisli-bebek-tulum-seti-krem-orgu-hirka-ve-sapkali-4lu-takim-3-6-ay\/","title":{"rendered":"Baby-Strampler-Set aus Musselin mit Stickerei \u2013 cremefarbene Strickjacke und M\u00fctze, 4-teilig, 3-6 Monate"},"content":{"rendered":"<p data-path-to-node=\"7\"><b data-path-to-node=\"7\" data-index-in-node=\"0\">Der erste stylische Look f\u00fcr Ihr Baby: Noynoy Baby Vintage Kollektion<\/b><\/p>\n<p data-path-to-node=\"8\">Wir haben sanfteste Pflege f\u00fcr die zarte Haut Ihres Babys mit zeitlosem Design kombiniert. Dieses besondere 4-teilige Set von Noynoy Baby bietet Eleganz und Komfort zugleich. Ihr Baby wird damit im Alltag und bei besonderen Anl\u00e4ssen wie Taufen, Fotoshootings oder der Entlassung aus dem Krankenhaus strahlen.<\/p>\n<h3 data-path-to-node=\"9\">\u2728 Lieferumfang und Funktionen<\/h3>\n<ul data-path-to-node=\"10\">\n<li>\n<p data-path-to-node=\"10,0,0\"><b data-path-to-node=\"10,0,0\" data-index-in-node=\"0\">Bestickter Musselin-Overall:<\/b> Hergestellt aus atmungsaktivem 0 Baumwollmusselin. Elegante Blumenstickereien und Spitzendetails im Brustbereich verleihen dem Windelh\u00f6schen einen Vintage-Look. Druckkn\u00f6pfe im Schritt erleichtern das Windelwechseln.<\/p>\n<\/li>\n<li>\n<p data-path-to-node=\"10,1,0\"><b data-path-to-node=\"10,1,0\" data-index-in-node=\"0\">Strickjacke:<\/b> Eine stylische Strickjacke mit Knopfdetails und einem schicken Muster, perfekt, um Ihr Baby in den \u00dcbergangszeiten warm zu halten.<\/p>\n<\/li>\n<li>\n<p data-path-to-node=\"10,2,0\"><b data-path-to-node=\"10,2,0\" data-index-in-node=\"0\">R\u00fcschenhaube\/Hut aus Musselin:<\/b> Ein stilvolles Accessoire, das das Set abrundet, mit einem Schn\u00fcrdesign, das den Kopf Ihres Babys sanft umschlie\u00dft.<\/p>\n<\/li>\n<li>\n<p data-path-to-node=\"10,3,0\"><b data-path-to-node=\"10,3,0\" data-index-in-node=\"0\">Passende Babysocken:<\/b> Der Baumwollstoff umschlie\u00dft kleine F\u00fc\u00dfe angenehm.<\/p>\n<\/li>\n<\/ul>\n<h3 data-path-to-node=\"11\">\ud83c\udf1f Warum sollten Sie sich f\u00fcr dieses Team entscheiden?<\/h3>\n<ul data-path-to-node=\"12\">\n<li>\n<p data-path-to-node=\"12,0,0\"><b data-path-to-node=\"12,0,0\" data-index-in-node=\"0\">Nat\u00fcrliche Inhaltsstoffe:<\/b> Nat\u00fcrliche Stoffe, die die Haut Ihres Babys nicht sch\u00e4digen und kein Schwitzen verursachen.<\/p>\n<\/li>\n<li>\n<p data-path-to-node=\"12,1,0\"><b data-path-to-node=\"12,1,0\" data-index-in-node=\"0\">Elegantes Design:<\/b> Die Eleganz der Cremet\u00f6ne und die Details im Boh\u00e8me-Stil machen es zur perfekten Wahl f\u00fcr Fotos.<\/p>\n<\/li>\n<li>\n<p data-path-to-node=\"12,2,0\"><b data-path-to-node=\"12,2,0\" data-index-in-node=\"0\">Geschenkoption:<\/b> Eine tolle Geschenkidee f\u00fcr Neugeborenenbesuche und Babypartys.<\/p>\n<\/li>\n<\/ul>\n<p data-path-to-node=\"12\"><strong>Hinweis: Die Preise verstehen sich pro Einheit. Bei einer Bestellung erhalten Sie 1 Einheit (3-6 Monate).<\/strong>.<\/p>\n<p data-path-to-node=\"12\">","protected":false},"excerpt":{"rendered":"<p>Das Babykleid mit R\u00fcschenkragen und Spitzendetails besticht durch sein elegantes und s\u00fc\u00dfes Design und vervollst\u00e4ndigt mit seiner stilvollen Spitzenstickerei und dem R\u00fcschenkragen die Eleganz Ihres Babys. Dank seines weichen und atmungsaktiven Gewebes passt es sich der empfindlichen Haut an und bietet den ganzen Tag lang Komfort. Dieses Kleid ist die perfekte Wahl f\u00fcr besondere Anl\u00e4sse wie Geburtstage, Feiertage und Fotoshootings und sorgt auch im Alltag f\u00fcr ein stilvolles und bequemes Aussehen Ihres Babys. Bestellen Sie jetzt und verleihen Sie der Garderobe Ihres Babys einen Hauch von Eleganz!<\/p>","protected":false},"featured_media":30256,"comment_status":"closed","ping_status":"closed","template":"","meta":[],"product_brand":[126],"product_cat":[83,20,113,87],"product_tag":[],"class_list":{"0":"post-30255","1":"product","2":"type-product","3":"status-publish","4":"has-post-thumbnail","6":"product_brand-noy-noy-kutu","7":"product_cat-bebek-takimi","8":"product_cat-genel","9":"product_cat-kiz-cocuk","10":"product_cat-tulum","11":"pa_renk-beden","12":"pa_renk-bej","13":"pa_renk-beyaz","14":"pa_renk-ekru","15":"pa_renk-gri","16":"pa_renk-kahverengi","17":"pa_renk-kirmizi","18":"pa_renk-kot","19":"pa_renk-krem","20":"pa_renk-pembe","21":"pa_renk-pudra","22":"pa_renk-somon","24":"first","25":"outofstock","26":"taxable","27":"shipping-taxable","28":"purchasable","29":"product-type-simple"},"_links":{"self":[{"href":"https:\/\/www.noynoybaby.com\/de\/wp-json\/wp\/v2\/product\/30255","targetHints":{"allow":["GET"]}}],"collection":[{"href":"https:\/\/www.noynoybaby.com\/de\/wp-json\/wp\/v2\/product"}],"about":[{"href":"https:\/\/www.noynoybaby.com\/de\/wp-json\/wp\/v2\/types\/product"}],"replies":[{"embeddable":true,"href":"https:\/\/www.noynoybaby.com\/de\/wp-json\/wp\/v2\/comments?post=30255"}],"version-history":[{"count":1,"href":"https:\/\/www.noynoybaby.com\/de\/wp-json\/wp\/v2\/product\/30255\/revisions"}],"predecessor-version":[{"id":30258,"href":"https:\/\/www.noynoybaby.com\/de\/wp-json\/wp\/v2\/product\/30255\/revisions\/30258"}],"wp:featuredmedia":[{"embeddable":true,"href":"https:\/\/www.noynoybaby.com\/de\/wp-json\/wp\/v2\/media\/30256"}],"wp:attachment":[{"href":"https:\/\/www.noynoybaby.com\/de\/wp-json\/wp\/v2\/media?parent=30255"}],"wp:term":[{"taxonomy":"product_brand","embeddable":true,"href":"https:\/\/www.noynoybaby.com\/de\/wp-json\/wp\/v2\/product_brand?post=30255"},{"taxonomy":"product_cat","embeddable":true,"href":"https:\/\/www.noynoybaby.com\/de\/wp-json\/wp\/v2\/product_cat?post=30255"},{"taxonomy":"product_tag","embeddable":true,"href":"https:\/\/www.noynoybaby.com\/de\/wp-json\/wp\/v2\/product_tag?post=30255"}],"curies":[{"name":"wp","href":"https:\/\/api.w.org\/{rel}","templated":true}]}}