{"id":30246,"date":"2026-02-03T11:57:22","date_gmt":"2026-02-03T08:57:22","guid":{"rendered":"https:\/\/www.noynoybaby.com\/?post_type=product&#038;p=30246"},"modified":"2026-03-13T15:14:43","modified_gmt":"2026-03-13T12:14:43","slug":"erkek-bebek-denizci-yakali-keten-salopet-takim-3-6-ay","status":"publish","type":"product","link":"https:\/\/www.noynoybaby.com\/de\/produkt\/erkek-bebek-denizci-yakali-keten-salopet-takim-3-6-ay\/","title":{"rendered":"Leinen-Overall-Set f\u00fcr Jungen mit Matrosenkragen \u2013 3-6 Monate"},"content":{"rendered":"<p data-path-to-node=\"5\"><b data-path-to-node=\"5\" data-index-in-node=\"0\">Noynoy Baby Style: Lernen Sie das Leinen-Overall-Set mit Matrosenkragen kennen!<\/b><\/p>\n<p data-path-to-node=\"6\">Dies bietet Komfort und Eleganz f\u00fcr die sch\u00f6nsten Momente Ihres Babys. <b data-path-to-node=\"6\" data-index-in-node=\"77\">3-teiliges Baby-Set<\/b>, Dies ist eines der beliebtesten St\u00fccke aus der Noynoy Baby Kollektion. Mit seinem klassischen Matrosenkragen und der nat\u00fcrlichen Leinenstruktur verleiht es Ihrem Baby zeitlose Eleganz.<\/p>\n<h3 data-path-to-node=\"7\">Hauptmerkmale:<\/h3>\n<ul data-path-to-node=\"8\">\n<li>\n<p data-path-to-node=\"8,0,0\"><b data-path-to-node=\"8,0,0\" data-index-in-node=\"0\">Nat\u00fcrlich strukturierter Stoff:<\/b> Hergestellt aus hochwertigem, atmungsaktivem Leinenmischgewebe, sanft zur zarten Haut Ihres Babys.<\/p>\n<\/li>\n<li>\n<p data-path-to-node=\"8,1,0\"><b data-path-to-node=\"8,1,0\" data-index-in-node=\"0\">Komplettes Set:<\/b> Das Paket beinhaltet ein lang\u00e4rmeliges Oberteil mit Matrosenkragen, eine Latzhose mit Knopfdetails und einen stylischen Hut (oder Stiefeletten), um den Look abzurunden.<\/p>\n<\/li>\n<li>\n<p data-path-to-node=\"8,2,0\"><b data-path-to-node=\"8,2,0\" data-index-in-node=\"0\">Praktische Anwendung:<\/b> Die Druckkn\u00f6pfe am unteren Ende erleichtern das Windelwechseln; die Kn\u00f6pfe an den Schultern sorgen f\u00fcr einfaches An- und Ausziehen.<\/p>\n<\/li>\n<li>\n<p data-path-to-node=\"8,3,0\"><b data-path-to-node=\"8,3,0\" data-index-in-node=\"0\">F\u00fcr jeden Anlass geeignet:<\/b> Sie eignen sich perfekt f\u00fcr Baby-Namensgebungszeremonien, Geburtstagsfeiern, Hochzeiten oder Fotoshootings.<\/p>\n<\/li>\n<\/ul>\n<h3 data-path-to-node=\"9\">Produktinhalt:<\/h3>\n<ol start=\"1\" data-path-to-node=\"10\">\n<li>\n<p data-path-to-node=\"10,0,0\">Bluse mit Matrosenkragen<\/p>\n<\/li>\n<li>\n<p data-path-to-node=\"10,1,0\">Overall mit Leinenstruktur<\/p>\n<\/li>\n<li>\n<p data-path-to-node=\"10,2,0\">Passender Baby-Sonnenhut \/ Babyschuhe<\/p>\n<\/li>\n<\/ol>\n<p data-path-to-node=\"12\"><strong>Hinweis: Die Preise verstehen sich pro Einheit. Bei einer Bestellung erhalten Sie 1 Einheit (3-6 Monate).<\/strong>.<\/p>\n<p data-path-to-node=\"12\">","protected":false},"excerpt":{"rendered":"<p>Das Babykleid mit R\u00fcschenkragen und Spitzendetails besticht durch sein elegantes und s\u00fc\u00dfes Design und vervollst\u00e4ndigt mit seiner stilvollen Spitzenstickerei und dem R\u00fcschenkragen die Eleganz Ihres Babys. Dank seines weichen und atmungsaktiven Gewebes passt es sich der empfindlichen Haut an und bietet den ganzen Tag lang Komfort. Dieses Kleid ist die perfekte Wahl f\u00fcr besondere Anl\u00e4sse wie Geburtstage, Feiertage und Fotoshootings und sorgt auch im Alltag f\u00fcr ein stilvolles und bequemes Aussehen Ihres Babys. Bestellen Sie jetzt und verleihen Sie der Garderobe Ihres Babys einen Hauch von Eleganz!<\/p>","protected":false},"featured_media":30247,"comment_status":"closed","ping_status":"closed","template":"","meta":[],"product_brand":[126],"product_cat":[83,114,20,87],"product_tag":[],"class_list":{"0":"post-30246","1":"product","2":"type-product","3":"status-publish","4":"has-post-thumbnail","6":"product_brand-noy-noy-kutu","7":"product_cat-bebek-takimi","8":"product_cat-erkek-cocuk","9":"product_cat-genel","10":"product_cat-tulum","11":"pa_renk-beden","12":"pa_renk-bej","13":"pa_renk-beyaz","14":"pa_renk-ekru","15":"pa_renk-gri","16":"pa_renk-kahverengi","17":"pa_renk-kirmizi","18":"pa_renk-kot","19":"pa_renk-krem","20":"pa_renk-pembe","21":"pa_renk-pudra","22":"pa_renk-somon","24":"first","25":"instock","26":"taxable","27":"shipping-taxable","28":"purchasable","29":"product-type-simple"},"_links":{"self":[{"href":"https:\/\/www.noynoybaby.com\/de\/wp-json\/wp\/v2\/product\/30246","targetHints":{"allow":["GET"]}}],"collection":[{"href":"https:\/\/www.noynoybaby.com\/de\/wp-json\/wp\/v2\/product"}],"about":[{"href":"https:\/\/www.noynoybaby.com\/de\/wp-json\/wp\/v2\/types\/product"}],"replies":[{"embeddable":true,"href":"https:\/\/www.noynoybaby.com\/de\/wp-json\/wp\/v2\/comments?post=30246"}],"version-history":[{"count":2,"href":"https:\/\/www.noynoybaby.com\/de\/wp-json\/wp\/v2\/product\/30246\/revisions"}],"predecessor-version":[{"id":30250,"href":"https:\/\/www.noynoybaby.com\/de\/wp-json\/wp\/v2\/product\/30246\/revisions\/30250"}],"wp:featuredmedia":[{"embeddable":true,"href":"https:\/\/www.noynoybaby.com\/de\/wp-json\/wp\/v2\/media\/30247"}],"wp:attachment":[{"href":"https:\/\/www.noynoybaby.com\/de\/wp-json\/wp\/v2\/media?parent=30246"}],"wp:term":[{"taxonomy":"product_brand","embeddable":true,"href":"https:\/\/www.noynoybaby.com\/de\/wp-json\/wp\/v2\/product_brand?post=30246"},{"taxonomy":"product_cat","embeddable":true,"href":"https:\/\/www.noynoybaby.com\/de\/wp-json\/wp\/v2\/product_cat?post=30246"},{"taxonomy":"product_tag","embeddable":true,"href":"https:\/\/www.noynoybaby.com\/de\/wp-json\/wp\/v2\/product_tag?post=30246"}],"curies":[{"name":"wp","href":"https:\/\/api.w.org\/{rel}","templated":true}]}}