{"id":30195,"date":"2026-02-03T10:21:17","date_gmt":"2026-02-03T07:21:17","guid":{"rendered":"https:\/\/www.noynoybaby.com\/?post_type=product&#038;p=30195"},"modified":"2026-03-13T15:15:51","modified_gmt":"2026-03-13T12:15:51","slug":"bebek-mevlut-ve-ozel-gun-takimi-yelekli-nakisli-krem-romper-seti-3-6-ay","status":"publish","type":"product","link":"https:\/\/www.noynoybaby.com\/de\/produkt\/bebek-mevlut-ve-ozel-gun-takimi-yelekli-nakisli-krem-romper-seti-3-6-ay\/","title":{"rendered":"Outfit f\u00fcr Babypartys und besondere Anl\u00e4sse \u2013 Cremefarbener Strampler mit Weste, bestickt, 3-6 Monate"},"content":{"rendered":"<p data-path-to-node=\"6\"><b data-path-to-node=\"6\" data-index-in-node=\"0\">Eleganz f\u00fcr die ersten besonderen Momente Ihres Babys: Noynoy Babyweste und Baby-Set<\/b><\/p>\n<p data-path-to-node=\"7\">M\u00f6chten Sie, dass das Outfit Ihres Babys an seinen besonderen Tagen (Taufzeremonie, Hochzeit, Urlaub oder Fotoshooting) sowohl stilvoll als auch bequem ist? <b data-path-to-node=\"7\" data-index-in-node=\"135\">Noynoy Baby<\/b> Dieses signierte, exklusive Design-Set vereint klassische Eleganz mit einer weichen Textur, die sanft zur Babyhaut ist.<\/p>\n<p data-path-to-node=\"8\"><b data-path-to-node=\"8\" data-index-in-node=\"0\">Warum sollten Sie sich f\u00fcr dieses Set entscheiden?<\/b><\/p>\n<ul data-path-to-node=\"9\">\n<li>\n<p data-path-to-node=\"9,0,0\"><b data-path-to-node=\"9,0,0\" data-index-in-node=\"0\">Vollst\u00e4ndiger Setinhalt:<\/b> Ein stylisches dreiteiliges Set bestehend aus einem Strampler mit Fliege, einer Weste in Strickoptik mit Struktur, einem Pl\u00fcschhut und passenden Socken (inklusive Accessoires).<\/p>\n<\/li>\n<li>\n<p data-path-to-node=\"9,1,0\"><b data-path-to-node=\"9,1,0\" data-index-in-node=\"0\">\u00dcberragender Komfort:<\/b> Hergestellt aus hochwertigen, atmungsaktiven, nicht schwei\u00dftreibenden und nicht juckenden Stoffen, wobei die empfindliche Haut Ihres Babys ber\u00fccksichtigt wurde.<\/p>\n<\/li>\n<li>\n<p data-path-to-node=\"9,2,0\"><b data-path-to-node=\"9,2,0\" data-index-in-node=\"0\">Praktische Anwendung:<\/b> Dank der Druckkn\u00f6pfe im Schritt ist das Windelwechseln kinderleicht. Die Weste verleiht dem Set das gewisse Etwas, und die Fliege sorgt f\u00fcr einen wahrhaft gentlemanhaften Look.<\/p>\n<\/li>\n<li>\n<p data-path-to-node=\"9,3,0\"><b data-path-to-node=\"9,3,0\" data-index-in-node=\"0\">Zeitlose Farbe:<\/b> \u201cDurch seinen Farbton \u201dOff-White\/Creme\u201c passt es perfekt zu jeder Jahreszeit und jedem Konzept.<\/p>\n<\/li>\n<\/ul>\n<p data-path-to-node=\"10\"><b data-path-to-node=\"10\" data-index-in-node=\"0\">Produktdetails:<\/b><\/p>\n<ul data-path-to-node=\"11\">\n<li>\n<p data-path-to-node=\"11,0,0\"><b data-path-to-node=\"11,0,0\" data-index-in-node=\"0\">Farbe:<\/b> Cremewei\u00df<\/p>\n<\/li>\n<li>\n<p data-path-to-node=\"11,1,0\"><b data-path-to-node=\"11,1,0\" data-index-in-node=\"0\">Anzahl der Teile:<\/b> Overall (mit Weste und Fliege), Hut, Socken.<\/p>\n<\/li>\n<li>\n<p data-path-to-node=\"11,2,0\"><b data-path-to-node=\"11,2,0\" data-index-in-node=\"0\">Anwendungsbereich:<\/b> Babyparty, besondere Anl\u00e4sse nach der Entlassung aus dem Krankenhaus, Festtagsoutfit.<\/p>\n<\/li>\n<li>\n<p data-path-to-node=\"11,3,0\"><b data-path-to-node=\"11,3,0\" data-index-in-node=\"0\">Waschanleitung:<\/b> Schonendes Waschen bei 30 Grad wird empfohlen.<\/p>\n<\/li>\n<\/ul>\n<p data-path-to-node=\"12\"><strong>Hinweis: Die Preise verstehen sich pro Einheit. Bei einer Bestellung erhalten Sie 1 Einheit (3-6 Monate).<\/strong>.<\/p>\n<p data-path-to-node=\"12\">","protected":false},"excerpt":{"rendered":"<p>Das Babykleid mit R\u00fcschenkragen und Spitzendetails besticht durch sein elegantes und s\u00fc\u00dfes Design und vervollst\u00e4ndigt mit seiner stilvollen Spitzenstickerei und dem R\u00fcschenkragen die Eleganz Ihres Babys. Dank seines weichen und atmungsaktiven Gewebes passt es sich der empfindlichen Haut an und bietet den ganzen Tag lang Komfort. Dieses Kleid ist die perfekte Wahl f\u00fcr besondere Anl\u00e4sse wie Geburtstage, Feiertage und Fotoshootings und sorgt auch im Alltag f\u00fcr ein stilvolles und bequemes Aussehen Ihres Babys. Bestellen Sie jetzt und verleihen Sie der Garderobe Ihres Babys einen Hauch von Eleganz!<\/p>","protected":false},"featured_media":30196,"comment_status":"closed","ping_status":"closed","template":"","meta":[],"product_brand":[126],"product_cat":[83,114,20,113,87],"product_tag":[],"class_list":{"0":"post-30195","1":"product","2":"type-product","3":"status-publish","4":"has-post-thumbnail","6":"product_brand-noy-noy-kutu","7":"product_cat-bebek-takimi","8":"product_cat-erkek-cocuk","9":"product_cat-genel","10":"product_cat-kiz-cocuk","11":"product_cat-tulum","12":"pa_renk-beden","13":"pa_renk-bej","14":"pa_renk-beyaz","15":"pa_renk-ekru","16":"pa_renk-gri","17":"pa_renk-kahverengi","18":"pa_renk-kirmizi","19":"pa_renk-kot","20":"pa_renk-krem","21":"pa_renk-pembe","22":"pa_renk-pudra","23":"pa_renk-somon","25":"first","26":"instock","27":"taxable","28":"shipping-taxable","29":"purchasable","30":"product-type-simple"},"_links":{"self":[{"href":"https:\/\/www.noynoybaby.com\/de\/wp-json\/wp\/v2\/product\/30195","targetHints":{"allow":["GET"]}}],"collection":[{"href":"https:\/\/www.noynoybaby.com\/de\/wp-json\/wp\/v2\/product"}],"about":[{"href":"https:\/\/www.noynoybaby.com\/de\/wp-json\/wp\/v2\/types\/product"}],"replies":[{"embeddable":true,"href":"https:\/\/www.noynoybaby.com\/de\/wp-json\/wp\/v2\/comments?post=30195"}],"version-history":[{"count":1,"href":"https:\/\/www.noynoybaby.com\/de\/wp-json\/wp\/v2\/product\/30195\/revisions"}],"predecessor-version":[{"id":30198,"href":"https:\/\/www.noynoybaby.com\/de\/wp-json\/wp\/v2\/product\/30195\/revisions\/30198"}],"wp:featuredmedia":[{"embeddable":true,"href":"https:\/\/www.noynoybaby.com\/de\/wp-json\/wp\/v2\/media\/30196"}],"wp:attachment":[{"href":"https:\/\/www.noynoybaby.com\/de\/wp-json\/wp\/v2\/media?parent=30195"}],"wp:term":[{"taxonomy":"product_brand","embeddable":true,"href":"https:\/\/www.noynoybaby.com\/de\/wp-json\/wp\/v2\/product_brand?post=30195"},{"taxonomy":"product_cat","embeddable":true,"href":"https:\/\/www.noynoybaby.com\/de\/wp-json\/wp\/v2\/product_cat?post=30195"},{"taxonomy":"product_tag","embeddable":true,"href":"https:\/\/www.noynoybaby.com\/de\/wp-json\/wp\/v2\/product_tag?post=30195"}],"curies":[{"name":"wp","href":"https:\/\/api.w.org\/{rel}","templated":true}]}}