{"id":30170,"date":"2026-02-03T09:26:00","date_gmt":"2026-02-03T06:26:00","guid":{"rendered":"https:\/\/www.noynoybaby.com\/?post_type=product&#038;p=30170"},"modified":"2026-03-26T16:46:24","modified_gmt":"2026-03-26T13:46:24","slug":"bebek-muslin-salopet-takim-denizci-yakali-4lu-kombin-sapka-tisort-salopet-patik-3-6-ay","status":"publish","type":"product","link":"https:\/\/www.noynoybaby.com\/de\/produkt\/bebek-muslin-salopet-takim-denizci-yakali-4lu-kombin-sapka-tisort-salopet-patik-3-6-ay\/","title":{"rendered":"Baby-Mullover-Set \u2013 Matrosenkragen, 4-teiliges Set (M\u00fctze, T-Shirt, Overall, Sch\u00fchchen), 3-6 Monate"},"content":{"rendered":"<p data-path-to-node=\"7\"><b data-path-to-node=\"7\" data-index-in-node=\"0\">Ein Hauch von nat\u00fcrlichem Stil f\u00fcr Ihr Baby: Noynoy Baby 4-teiliges Musselin-Set<\/b><\/p>\n<p data-path-to-node=\"8\">Wir haben die sanfteste Textur f\u00fcr die zarte Haut Ihres Babys mit einem zeitlosen Design kombiniert! <b data-path-to-node=\"8\" data-index-in-node=\"85\">Noynoy Baby<\/b> Dieses besondere St\u00fcck aus der Kollektion wird Ihr Lieblingsaccessoire f\u00fcr besondere Anl\u00e4sse und elegante Momente im Alltag.<\/p>\n<p data-path-to-node=\"9\"><b data-path-to-node=\"9\" data-index-in-node=\"0\">Lieferumfang:<\/b><\/p>\n<ul data-path-to-node=\"10\">\n<li>\n<p data-path-to-node=\"10,0,0\"><b data-path-to-node=\"10,0,0\" data-index-in-node=\"0\">Latzhose aus Musselin mit Struktur:<\/b> Dank der Knopfdetails und der lockeren Passform bietet es optimale Bewegungsfreiheit.<\/p>\n<\/li>\n<li>\n<p data-path-to-node=\"10,1,0\"><b data-path-to-node=\"10,1,0\" data-index-in-node=\"0\">Matrosenkragen-T-Shirt:<\/b> Es besticht durch seinen klassischen Stil mit elegantem Kragendetail und kleinen Stickereien.<\/p>\n<\/li>\n<li>\n<p data-path-to-node=\"10,2,0\"><b data-path-to-node=\"10,2,0\" data-index-in-node=\"0\">Sonnenschutzhut:<\/b> Passend zum Team: stilvoll und sch\u00fctzend.<\/p>\n<\/li>\n<li>\n<p data-path-to-node=\"10,3,0\"><b data-path-to-node=\"10,3,0\" data-index-in-node=\"0\">Weiche, strukturierte Babyschuhe:<\/b> Eine komfortable Struktur, die Ihr Baby bei seinen ersten Schritten begleitet.<\/p>\n<\/li>\n<\/ul>\n<p data-path-to-node=\"11\"><b data-path-to-node=\"11\" data-index-in-node=\"0\">Warum sollten Sie sich f\u00fcr dieses Team entscheiden?<\/b><\/p>\n<ul data-path-to-node=\"12\">\n<li>\n<p data-path-to-node=\"12,0,0\"><b data-path-to-node=\"12,0,0\" data-index-in-node=\"0\">0 Baumwollgewebe:<\/b> Dank des atmungsaktiven Musselin-\/Knittergewebes verursacht es kein Schwitzen und reizt die Haut Ihres Babys nicht.<\/p>\n<\/li>\n<li>\n<p data-path-to-node=\"12,1,0\"><b data-path-to-node=\"12,1,0\" data-index-in-node=\"0\">Bohemian &amp; Modern Design:<\/b> Mit seinen nat\u00fcrlichen Beige- und Cremewei\u00dft\u00f6nen passt es zu jeder Jahreszeit und jedem Stil.<\/p>\n<\/li>\n<li>\n<p data-path-to-node=\"12,2,0\"><b data-path-to-node=\"12,2,0\" data-index-in-node=\"0\">Geschenkoption:<\/b> F\u00fcr alle, die ein Geschenk f\u00fcr ein Neugeborenes oder Baby suchen, ist dies eine sowohl praktische als auch \u00e4sthetisch ansprechende Option.<\/p>\n<\/li>\n<\/ul>\n<p data-path-to-node=\"12\"><strong>Hinweis: Die Preise verstehen sich pro Einheit. Bei einer Bestellung erhalten Sie 1 Einheit (3-6 Monate).<\/strong>.<\/p>\n<p data-path-to-node=\"12\">","protected":false},"excerpt":{"rendered":"<p>Das Babykleid mit R\u00fcschenkragen und Spitzendetails besticht durch sein elegantes und s\u00fc\u00dfes Design und vervollst\u00e4ndigt mit seiner stilvollen Spitzenstickerei und dem R\u00fcschenkragen die Eleganz Ihres Babys. Dank seines weichen und atmungsaktiven Gewebes passt es sich der empfindlichen Haut an und bietet den ganzen Tag lang Komfort. Dieses Kleid ist die perfekte Wahl f\u00fcr besondere Anl\u00e4sse wie Geburtstage, Feiertage und Fotoshootings und sorgt auch im Alltag f\u00fcr ein stilvolles und bequemes Aussehen Ihres Babys. Bestellen Sie jetzt und verleihen Sie der Garderobe Ihres Babys einen Hauch von Eleganz!<\/p>","protected":false},"featured_media":30171,"comment_status":"closed","ping_status":"closed","template":"","meta":[],"product_brand":[126],"product_cat":[79,83,20,113,87],"product_tag":[],"class_list":{"0":"post-30170","1":"product","2":"type-product","3":"status-publish","4":"has-post-thumbnail","6":"product_brand-noy-noy-kutu","7":"product_cat-alt-ust-takim","8":"product_cat-bebek-takimi","9":"product_cat-genel","10":"product_cat-kiz-cocuk","11":"product_cat-tulum","12":"pa_renk-beden","13":"pa_renk-bej","14":"pa_renk-beyaz","15":"pa_renk-ekru","16":"pa_renk-gri","17":"pa_renk-kahverengi","18":"pa_renk-kirmizi","19":"pa_renk-kot","20":"pa_renk-krem","21":"pa_renk-pembe","22":"pa_renk-pudra","23":"pa_renk-somon","25":"first","26":"instock","27":"taxable","28":"shipping-taxable","29":"purchasable","30":"product-type-simple"},"_links":{"self":[{"href":"https:\/\/www.noynoybaby.com\/de\/wp-json\/wp\/v2\/product\/30170","targetHints":{"allow":["GET"]}}],"collection":[{"href":"https:\/\/www.noynoybaby.com\/de\/wp-json\/wp\/v2\/product"}],"about":[{"href":"https:\/\/www.noynoybaby.com\/de\/wp-json\/wp\/v2\/types\/product"}],"replies":[{"embeddable":true,"href":"https:\/\/www.noynoybaby.com\/de\/wp-json\/wp\/v2\/comments?post=30170"}],"version-history":[{"count":3,"href":"https:\/\/www.noynoybaby.com\/de\/wp-json\/wp\/v2\/product\/30170\/revisions"}],"predecessor-version":[{"id":30712,"href":"https:\/\/www.noynoybaby.com\/de\/wp-json\/wp\/v2\/product\/30170\/revisions\/30712"}],"wp:featuredmedia":[{"embeddable":true,"href":"https:\/\/www.noynoybaby.com\/de\/wp-json\/wp\/v2\/media\/30171"}],"wp:attachment":[{"href":"https:\/\/www.noynoybaby.com\/de\/wp-json\/wp\/v2\/media?parent=30170"}],"wp:term":[{"taxonomy":"product_brand","embeddable":true,"href":"https:\/\/www.noynoybaby.com\/de\/wp-json\/wp\/v2\/product_brand?post=30170"},{"taxonomy":"product_cat","embeddable":true,"href":"https:\/\/www.noynoybaby.com\/de\/wp-json\/wp\/v2\/product_cat?post=30170"},{"taxonomy":"product_tag","embeddable":true,"href":"https:\/\/www.noynoybaby.com\/de\/wp-json\/wp\/v2\/product_tag?post=30170"}],"curies":[{"name":"wp","href":"https:\/\/api.w.org\/{rel}","templated":true}]}}