{"id":30142,"date":"2026-02-03T08:29:42","date_gmt":"2026-02-03T05:29:42","guid":{"rendered":"https:\/\/www.noynoybaby.com\/?post_type=product&#038;p=30142"},"modified":"2026-04-01T11:30:46","modified_gmt":"2026-04-01T08:30:46","slug":"kiz-bebek-krem-dantelli-dogum-gunu-ve-mevlut-elbisesi-bandana-hediyeli-9-24-ayfiyat","status":"publish","type":"product","link":"https:\/\/www.noynoybaby.com\/de\/produkt\/kiz-bebek-krem-dantelli-dogum-gunu-ve-mevlut-elbisesi-bandana-hediyeli-9-24-ayfiyat\/","title":{"rendered":"Cremefarbenes Spitzenkleid f\u00fcr M\u00e4dchen \u2013 ideal f\u00fcr Geburtstag und Taufe \u2013 inklusive kostenlosem Halstuch (9\u201324 Monate)"},"content":{"rendered":"<h3 data-path-to-node=\"8\"><b data-path-to-node=\"8\" data-index-in-node=\"0\">Noynoy Baby Style: Bandana-Babykleid f\u00fcr besondere Anl\u00e4sse<\/b><\/h3>\n<p data-path-to-node=\"9\">Wir bieten Eleganz und Komfort f\u00fcr die sch\u00f6nsten Momente Ihres Babys (Geburtstag, Namensgebungsfeier, Hochzeit oder Feiertage). Dieses cremefarbene Kleid aus der Noynoy Baby Kollektion sorgt daf\u00fcr, dass Ihre kleine Prinzessin stilvoll aussieht und sich dank des hautfreundlichen Materials den ganzen Tag wohlf\u00fchlt.<\/p>\n<p data-path-to-node=\"10\"><b data-path-to-node=\"10\" data-index-in-node=\"0\">Produktspezifikationen:<\/b><\/p>\n<ul data-path-to-node=\"11\">\n<li>\n<p data-path-to-node=\"11,0,0\"><b data-path-to-node=\"11,0,0\" data-index-in-node=\"0\">Elegante Details:<\/b> Das Oberteil ist vorne mit eleganten Blumenstickereien und Perlmuttkn\u00f6pfen verziert.<\/p>\n<\/li>\n<li>\n<p data-path-to-node=\"11,1,0\"><b data-path-to-node=\"11,1,0\" data-index-in-node=\"0\">T\u00fcllrock-Design:<\/b> Die mit Spitze bestickten T\u00fclldetails am Rock verleihen dem Kleid einen m\u00e4rchenhaften Charakter.<\/p>\n<\/li>\n<li>\n<p data-path-to-node=\"11,2,0\"><b data-path-to-node=\"11,2,0\" data-index-in-node=\"0\">Komfortables Innenfutter:<\/b> Ein weiches Innenfutter aus 0-Baumwolle verhindert Hautreizungen bei Ihrem Baby.<\/p>\n<\/li>\n<li>\n<p data-path-to-node=\"11,3,0\"><b data-path-to-node=\"11,3,0\" data-index-in-node=\"0\">Passendes Zubeh\u00f6r:<\/b> Es hat die gleichen Spitzendetails wie das Kleid, ist dehnbar und engt den Kopf nicht ein. <b data-path-to-node=\"11,3,0\" data-index-in-node=\"87\">Geschenk-Bandana<\/b> Es ist zusammen mit.<\/p>\n<\/li>\n<li>\n<p data-path-to-node=\"11,4,0\"><b data-path-to-node=\"11,4,0\" data-index-in-node=\"0\">Einfache Bedienung:<\/b> Dank des verdeckten Rei\u00dfverschluss-\/Knopfmechanismus auf der R\u00fcckseite l\u00e4sst es sich leicht an- und ausziehen.<\/p>\n<\/li>\n<\/ul>\n<p data-path-to-node=\"12\"><b data-path-to-node=\"12\" data-index-in-node=\"0\">Anwendungsgebiete:<\/b> Es ist die perfekte Wahl f\u00fcr Geburtstagsfeiern, Familienfotoshootings, Baby-Namensgebungszeremonien und alle Arten von besonderen Anl\u00e4ssen.<\/p>\n<p data-path-to-node=\"12\"><strong>Hinweis: Die Preise verstehen sich pro Einheit. Bei Ihrer Bestellung erhalten Sie 4 Einheiten (9 Monate, 12 Monate, 18 Monate, 24 Monate).<\/strong>.<\/p>\n<p data-path-to-node=\"12\">","protected":false},"excerpt":{"rendered":"<p>Das Babykleid mit R\u00fcschenkragen und Spitzendetails besticht durch sein elegantes und s\u00fc\u00dfes Design und vervollst\u00e4ndigt mit seiner stilvollen Spitzenstickerei und dem R\u00fcschenkragen die Eleganz Ihres Babys. Dank seines weichen und atmungsaktiven Gewebes passt es sich der empfindlichen Haut an und bietet den ganzen Tag lang Komfort. Dieses Kleid ist die perfekte Wahl f\u00fcr besondere Anl\u00e4sse wie Geburtstage, Feiertage und Fotoshootings und sorgt auch im Alltag f\u00fcr ein stilvolles und bequemes Aussehen Ihres Babys. Bestellen Sie jetzt und verleihen Sie der Garderobe Ihres Babys einen Hauch von Eleganz!<\/p>","protected":false},"featured_media":30145,"comment_status":"closed","ping_status":"closed","template":"","meta":[],"product_brand":[74],"product_cat":[75,20,113],"product_tag":[],"class_list":{"0":"post-30142","1":"product","2":"type-product","3":"status-publish","4":"has-post-thumbnail","6":"product_brand-noy-noy","7":"product_cat-elbise","8":"product_cat-genel","9":"product_cat-kiz-cocuk","10":"pa_renk-beden","11":"pa_renk-bej","12":"pa_renk-beyaz","13":"pa_renk-ekru","14":"pa_renk-gri","15":"pa_renk-kahverengi","16":"pa_renk-kirmizi","17":"pa_renk-kot","18":"pa_renk-krem","19":"pa_renk-pembe","20":"pa_renk-pudra","21":"pa_renk-somon","23":"first","24":"outofstock","25":"taxable","26":"shipping-taxable","27":"purchasable","28":"product-type-simple"},"_links":{"self":[{"href":"https:\/\/www.noynoybaby.com\/de\/wp-json\/wp\/v2\/product\/30142","targetHints":{"allow":["GET"]}}],"collection":[{"href":"https:\/\/www.noynoybaby.com\/de\/wp-json\/wp\/v2\/product"}],"about":[{"href":"https:\/\/www.noynoybaby.com\/de\/wp-json\/wp\/v2\/types\/product"}],"replies":[{"embeddable":true,"href":"https:\/\/www.noynoybaby.com\/de\/wp-json\/wp\/v2\/comments?post=30142"}],"version-history":[{"count":2,"href":"https:\/\/www.noynoybaby.com\/de\/wp-json\/wp\/v2\/product\/30142\/revisions"}],"predecessor-version":[{"id":30513,"href":"https:\/\/www.noynoybaby.com\/de\/wp-json\/wp\/v2\/product\/30142\/revisions\/30513"}],"wp:featuredmedia":[{"embeddable":true,"href":"https:\/\/www.noynoybaby.com\/de\/wp-json\/wp\/v2\/media\/30145"}],"wp:attachment":[{"href":"https:\/\/www.noynoybaby.com\/de\/wp-json\/wp\/v2\/media?parent=30142"}],"wp:term":[{"taxonomy":"product_brand","embeddable":true,"href":"https:\/\/www.noynoybaby.com\/de\/wp-json\/wp\/v2\/product_brand?post=30142"},{"taxonomy":"product_cat","embeddable":true,"href":"https:\/\/www.noynoybaby.com\/de\/wp-json\/wp\/v2\/product_cat?post=30142"},{"taxonomy":"product_tag","embeddable":true,"href":"https:\/\/www.noynoybaby.com\/de\/wp-json\/wp\/v2\/product_tag?post=30142"}],"curies":[{"name":"wp","href":"https:\/\/api.w.org\/{rel}","templated":true}]}}