{"id":29612,"date":"2026-01-28T09:46:19","date_gmt":"2026-01-28T06:46:19","guid":{"rendered":"http:\/\/www.noynoybaby.com\/?post_type=product&#038;p=29612"},"modified":"2026-04-01T11:21:38","modified_gmt":"2026-04-01T08:21:38","slug":"yaprak-desenli-kiz-bebek-elbise-krem-renk","status":"publish","type":"product","link":"https:\/\/www.noynoybaby.com\/de\/produkt\/yaprak-desenli-kiz-bebek-elbise-krem-renk\/","title":{"rendered":"Kleid mit R\u00fcschen\u00e4rmeln und Knopfdetails, Gr\u00f6\u00dfe 9-24 Monate"},"content":{"rendered":"<p data-path-to-node=\"6\"><b data-path-to-node=\"6\" data-index-in-node=\"0\">Sommerbrise mit NoyNoy Baby: Elegantes, besticktes und ger\u00fcschtes Babykleid<\/b><\/p>\n<p data-path-to-node=\"7\">Dieses besondere Kleidchen, mit viel Liebe zum Detail gefertigt, um die Eleganz Ihres Babys zu unterstreichen, vereint klassischen Stil mit modernem Tragekomfort. Dank seiner nat\u00fcrlichen Textur und des flie\u00dfenden Schnitts wird es mit Sicherheit zu einem Lieblingsst\u00fcck im Kleiderschrank kleiner M\u00e4dchen.<\/p>\n<h3 data-path-to-node=\"8\"><b data-path-to-node=\"8\" data-index-in-node=\"0\">Wichtigste Designdetails:<\/b><\/h3>\n<ul data-path-to-node=\"9\">\n<li>\n<p data-path-to-node=\"9,0,0\"><b data-path-to-node=\"9,0,0\" data-index-in-node=\"0\">Pr\u00e4chtiger R\u00fcschenkragen:<\/b> Der weite, ger\u00fcschte Ausschnitt, der sich von den Schultern bis zur Brust erstreckt, verleiht dem Kleid eine nostalgische und elegante Note.<\/p>\n<\/li>\n<li>\n<p data-path-to-node=\"9,1,0\"><b data-path-to-node=\"9,1,0\" data-index-in-node=\"0\">Elegante Blumenstickerei:<\/b> Die fein gearbeiteten Ton-in-Ton-Stickereien auf dem Stoff verleihen dem Kleid Tiefe und einen eleganten Look.<\/p>\n<\/li>\n<li>\n<p data-path-to-node=\"9,2,0\"><b data-path-to-node=\"9,2,0\" data-index-in-node=\"0\">Flie\u00dfende R\u00f6cke:<\/b> Die R\u00fcschen am Saum sorgen f\u00fcr ein stilvolles Mitschwingen bei jeder Bewegung Ihres Babys.<\/p>\n<\/li>\n<li>\n<p data-path-to-node=\"9,3,0\"><b data-path-to-node=\"9,3,0\" data-index-in-node=\"0\">Details zum Perlmuttknopf:<\/b> Die eleganten Kn\u00f6pfe am Kragen bieten sowohl eine \u00e4sthetische Note als auch Komfort beim Anziehen.<\/p>\n<\/li>\n<li>\n<p data-path-to-node=\"9,4,0\"><b data-path-to-node=\"9,4,0\" data-index-in-node=\"0\">Passendes Bandana:<\/b> Zum Set geh\u00f6rt auch ein Spitzen-Bandana mit Schleifendetail, das farblich zum Kleid passt.<\/p>\n<\/li>\n<\/ul>\n<h3 data-path-to-node=\"10\"><b data-path-to-node=\"10\" data-index-in-node=\"0\">Anwendungsgebiete:<\/b><\/h3>\n<p data-path-to-node=\"11\">Es ist die perfekte Wahl f\u00fcr Geburtstage, Familienessen, Urlaubsbesuche oder stilvolle Sommerausfl\u00fcge. Dank des atmungsaktiven Materials f\u00fchlt sich Ihr Baby den ganzen Tag wohl.<\/p>\n<h5>Hinweis: Die Preise verstehen sich pro Einheit. Bei Ihrer Bestellung erhalten Sie 4 Einheiten (9 Monate, 12 Monate, 18 Monate, 24 Monate).<\/h5>","protected":false},"excerpt":{"rendered":"<p>Dieses elegante und bezaubernde Babykleid mit R\u00fcschen\u00e4rmeln, stilvollen Spitzenkn\u00f6pfen und R\u00fcschenkragen rundet den Look Ihres Babys perfekt ab. Der weiche und atmungsaktive Stoff ist sanft zur empfindlichen Haut und sorgt f\u00fcr ganzt\u00e4gigen Tragekomfort. Ob f\u00fcr besondere Anl\u00e4sse wie Geburtstage, Feiertage oder Fotoshootings \u2013 dieses Kleid ist die ideale Wahl und garantiert Ihrem Baby auch im Alltag einen stilvollen und bequemen Look. Bestellen Sie jetzt und verleihen Sie der Garderobe Ihres Babys einen Hauch von Eleganz! Ein Halstuch ist inklusive.<\/p>\n<p>Hinweis: Die Preise verstehen sich pro Einheit. Bei Ihrer Bestellung erhalten Sie 4 Einheiten (9 Monate, 12 Monate, 18 Monate, 24 Monate).<\/p>","protected":false},"featured_media":29613,"comment_status":"closed","ping_status":"closed","template":"","meta":[],"product_brand":[74],"product_cat":[75,20,113],"product_tag":[],"class_list":{"0":"post-29612","1":"product","2":"type-product","3":"status-publish","4":"has-post-thumbnail","6":"product_brand-noy-noy","7":"product_cat-elbise","8":"product_cat-genel","9":"product_cat-kiz-cocuk","11":"first","12":"outofstock","13":"taxable","14":"shipping-taxable","15":"purchasable","16":"product-type-simple"},"_links":{"self":[{"href":"https:\/\/www.noynoybaby.com\/de\/wp-json\/wp\/v2\/product\/29612","targetHints":{"allow":["GET"]}}],"collection":[{"href":"https:\/\/www.noynoybaby.com\/de\/wp-json\/wp\/v2\/product"}],"about":[{"href":"https:\/\/www.noynoybaby.com\/de\/wp-json\/wp\/v2\/types\/product"}],"replies":[{"embeddable":true,"href":"https:\/\/www.noynoybaby.com\/de\/wp-json\/wp\/v2\/comments?post=29612"}],"version-history":[{"count":7,"href":"https:\/\/www.noynoybaby.com\/de\/wp-json\/wp\/v2\/product\/29612\/revisions"}],"predecessor-version":[{"id":29713,"href":"https:\/\/www.noynoybaby.com\/de\/wp-json\/wp\/v2\/product\/29612\/revisions\/29713"}],"wp:featuredmedia":[{"embeddable":true,"href":"https:\/\/www.noynoybaby.com\/de\/wp-json\/wp\/v2\/media\/29613"}],"wp:attachment":[{"href":"https:\/\/www.noynoybaby.com\/de\/wp-json\/wp\/v2\/media?parent=29612"}],"wp:term":[{"taxonomy":"product_brand","embeddable":true,"href":"https:\/\/www.noynoybaby.com\/de\/wp-json\/wp\/v2\/product_brand?post=29612"},{"taxonomy":"product_cat","embeddable":true,"href":"https:\/\/www.noynoybaby.com\/de\/wp-json\/wp\/v2\/product_cat?post=29612"},{"taxonomy":"product_tag","embeddable":true,"href":"https:\/\/www.noynoybaby.com\/de\/wp-json\/wp\/v2\/product_tag?post=29612"}],"curies":[{"name":"wp","href":"https:\/\/api.w.org\/{rel}","templated":true}]}}