{"id":29608,"date":"2026-01-28T09:28:49","date_gmt":"2026-01-28T06:28:49","guid":{"rendered":"http:\/\/www.noynoybaby.com\/?post_type=product&#038;p=29608"},"modified":"2026-04-01T11:21:49","modified_gmt":"2026-04-01T08:21:49","slug":"cicek-dokumali-kiz-bebek-elbise","status":"publish","type":"product","link":"https:\/\/www.noynoybaby.com\/de\/produkt\/cicek-dokumali-kiz-bebek-elbise\/","title":{"rendered":"Kleid aus Stoff mit Blumenstickerei, Gr\u00f6\u00dfe 9-24 Monate"},"content":{"rendered":"<p data-path-to-node=\"6\"><b data-path-to-node=\"6\" data-index-in-node=\"0\">Die reinste Form der Eleganz: NoyNoy Baby-Kleid im exklusiven Design mit floraler Stickerei.<\/b><\/p>\n<p data-path-to-node=\"7\">Dieses mit viel Liebe zum Detail entworfene Kleidchen soll die sch\u00f6nsten Tage Ihres Babys unvergesslich machen und vereint klassische Eleganz mit modernen Akzenten. Es besticht durch seinen schicken Stil und seine weiche Textur.<\/p>\n<h3 data-path-to-node=\"8\"><b data-path-to-node=\"8\" data-index-in-node=\"0\">Produktdetails und Highlights:<\/b><\/h3>\n<ul data-path-to-node=\"9\">\n<li>\n<p data-path-to-node=\"9,0,0\"><b data-path-to-node=\"9,0,0\" data-index-in-node=\"0\">Wundersch\u00f6nes Babyhalsband:<\/b> Mit seinen R\u00fcschenkanten und dem breiten Peter-Pan-Kragen verleiht es dem Gesicht einen fr\u00f6hlichen und unschuldigen Ausdruck.<\/p>\n<\/li>\n<li>\n<p data-path-to-node=\"9,1,0\"><b data-path-to-node=\"9,1,0\" data-index-in-node=\"0\">Gestickte Blumenmuster:<\/b> Die gepr\u00e4gten wei\u00dfen Bl\u00fcten am Saum und am Oberteil verleihen dem Kleid zusammen mit der dazugeh\u00f6rigen goldfarbenen Zweigstickerei Tiefe und einen luxuri\u00f6sen Look.<\/p>\n<\/li>\n<li>\n<p data-path-to-node=\"9,2,0\"><b data-path-to-node=\"9,2,0\" data-index-in-node=\"0\">Eleganter Saum:<\/b> Der gewellte Spitzensaum erzeugt in Kombination mit einer T\u00fcllschicht ein m\u00e4rchenhaftes Volumen.<\/p>\n<\/li>\n<li>\n<p data-path-to-node=\"9,3,0\"><b data-path-to-node=\"9,3,0\" data-index-in-node=\"0\">Komfort und Qualit\u00e4t:<\/b> Das Innenfutter besteht aus weichem Material, um Hautreizungen bei Ihrem Baby zu vermeiden. Dank des Rei\u00dfverschlusses am R\u00fccken l\u00e4sst es sich leicht anziehen.<\/p>\n<\/li>\n<li>\n<p data-path-to-node=\"9,4,0\"><b data-path-to-node=\"9,4,0\" data-index-in-node=\"0\">Stilvolles Accessoire:<\/b> Im Set enthalten ist ein speziell angefertigtes Bandana mit einer Spitzenschleife, die farblich zum Kleid passt.<\/p>\n<\/li>\n<\/ul>\n<h3 data-path-to-node=\"10\"><b data-path-to-node=\"10\" data-index-in-node=\"0\">Anwendungsgebiete:<\/b><\/h3>\n<p data-path-to-node=\"11\">Es ist die perfekte Wahl f\u00fcr Familienfeiern wie Verlobungen, Hochzeiten, Feiern zum ersten Geburtstag und religi\u00f6se Zusammenk\u00fcnfte.<\/p>\n<h5>Hinweis: Die Preise verstehen sich pro Einheit. Bei Ihrer Bestellung erhalten Sie 4 Einheiten (9 Monate, 12 Monate, 18 Monate, 24 Monate).<\/h5>\n<p>&nbsp;<\/p>","protected":false},"excerpt":{"rendered":"<p>Das Babykleid mit R\u00fcschenkragen und Spitzendetails besticht durch sein elegantes und s\u00fc\u00dfes Design und vervollst\u00e4ndigt mit seiner stilvollen Spitzenstickerei und dem R\u00fcschenkragen die Eleganz Ihres Babys. Dank seines weichen und atmungsaktiven Gewebes passt es sich der empfindlichen Haut an und bietet den ganzen Tag lang Komfort. Dieses Kleid ist die perfekte Wahl f\u00fcr besondere Anl\u00e4sse wie Geburtstage, Feiertage und Fotoshootings und sorgt auch im Alltag f\u00fcr ein stilvolles und bequemes Aussehen Ihres Babys. Bestellen Sie jetzt und verleihen Sie der Garderobe Ihres Babys einen Hauch von Eleganz!<\/p>","protected":false},"featured_media":29609,"comment_status":"closed","ping_status":"closed","template":"","meta":[],"product_brand":[74],"product_cat":[75,20,113],"product_tag":[],"class_list":{"0":"post-29608","1":"product","2":"type-product","3":"status-publish","4":"has-post-thumbnail","6":"product_brand-noy-noy","7":"product_cat-elbise","8":"product_cat-genel","9":"product_cat-kiz-cocuk","11":"first","12":"outofstock","13":"taxable","14":"shipping-taxable","15":"purchasable","16":"product-type-simple"},"_links":{"self":[{"href":"https:\/\/www.noynoybaby.com\/de\/wp-json\/wp\/v2\/product\/29608","targetHints":{"allow":["GET"]}}],"collection":[{"href":"https:\/\/www.noynoybaby.com\/de\/wp-json\/wp\/v2\/product"}],"about":[{"href":"https:\/\/www.noynoybaby.com\/de\/wp-json\/wp\/v2\/types\/product"}],"replies":[{"embeddable":true,"href":"https:\/\/www.noynoybaby.com\/de\/wp-json\/wp\/v2\/comments?post=29608"}],"version-history":[{"count":9,"href":"https:\/\/www.noynoybaby.com\/de\/wp-json\/wp\/v2\/product\/29608\/revisions"}],"predecessor-version":[{"id":30075,"href":"https:\/\/www.noynoybaby.com\/de\/wp-json\/wp\/v2\/product\/29608\/revisions\/30075"}],"wp:featuredmedia":[{"embeddable":true,"href":"https:\/\/www.noynoybaby.com\/de\/wp-json\/wp\/v2\/media\/29609"}],"wp:attachment":[{"href":"https:\/\/www.noynoybaby.com\/de\/wp-json\/wp\/v2\/media?parent=29608"}],"wp:term":[{"taxonomy":"product_brand","embeddable":true,"href":"https:\/\/www.noynoybaby.com\/de\/wp-json\/wp\/v2\/product_brand?post=29608"},{"taxonomy":"product_cat","embeddable":true,"href":"https:\/\/www.noynoybaby.com\/de\/wp-json\/wp\/v2\/product_cat?post=29608"},{"taxonomy":"product_tag","embeddable":true,"href":"https:\/\/www.noynoybaby.com\/de\/wp-json\/wp\/v2\/product_tag?post=29608"}],"curies":[{"name":"wp","href":"https:\/\/api.w.org\/{rel}","templated":true}]}}