{"id":29604,"date":"2026-01-28T09:20:23","date_gmt":"2026-01-28T06:20:23","guid":{"rendered":"http:\/\/www.noynoybaby.com\/?post_type=product&#038;p=29604"},"modified":"2026-04-01T11:23:40","modified_gmt":"2026-04-01T08:23:40","slug":"kurdele-takili-kiz-bebek-elbise","status":"publish","type":"product","link":"https:\/\/www.noynoybaby.com\/de\/produkt\/kurdele-takili-kiz-bebek-elbise\/","title":{"rendered":"Babykleid f\u00fcr M\u00e4dchen mit Schleife und Strassverzierungen, 9-24 Monate"},"content":{"rendered":"<p data-path-to-node=\"6\"><b data-path-to-node=\"6\" data-index-in-node=\"0\">M\u00e4rchenhafte Eleganz: Das funkelnde Baby-Kleiderset von NoyNoy mit Schleifendetail<\/b><\/p>\n<p data-path-to-node=\"7\">Wie w\u00e4re es, die kostbarsten Momente Ihres Babys in ein M\u00e4rchen zu verwandeln? Dieses bezaubernde Kleid, entworfen von NoyNoy Baby f\u00fcr besondere Anl\u00e4sse, vereint Eleganz und Unschuld in einem einzigen Design.<\/p>\n<h3 data-path-to-node=\"8\"><b data-path-to-node=\"8\" data-index-in-node=\"0\">Produktdetails und Designmerkmale:<\/b><\/h3>\n<ul data-path-to-node=\"9\">\n<li>\n<p data-path-to-node=\"9,0,0\"><b data-path-to-node=\"9,0,0\" data-index-in-node=\"0\">Auff\u00e4llige Schleife:<\/b> Die gro\u00dfe, satinartige Schleife an der Taille verleiht dem Kleid einen ikonischen Prinzessinnen-Look.<\/p>\n<\/li>\n<li>\n<p data-path-to-node=\"9,1,0\"><b data-path-to-node=\"9,1,0\" data-index-in-node=\"0\">Funkelnde Stickmuster:<\/b> Die florale Stickerei, verziert mit winzigen Kristalldetails und \u00fcber die T\u00fcllschicht des Rocks verstreut, sorgt bei jeder Bewegung f\u00fcr ein elegantes Funkeln.<\/p>\n<\/li>\n<li>\n<p data-path-to-node=\"9,2,0\"><b data-path-to-node=\"9,2,0\" data-index-in-node=\"0\">Wassermelonen-H\u00fcllendesign:<\/b> Das leicht gepuffte Schulterdesign (Puff\u00e4rmel) verleiht der Schulterlinie Ihres Babys ein zartes Volumen.<\/p>\n<\/li>\n<li>\n<p data-path-to-node=\"9,3,0\"><b data-path-to-node=\"9,3,0\" data-index-in-node=\"0\">Premium-Stoffqualit\u00e4t:<\/b> Das Innenfutter besteht aus Baumwolle, die sanft zur zarten Haut Ihres Babys ist. Die Organza-T\u00fcll-Details an der Au\u00dfenseite sorgen daf\u00fcr, dass das Kleidungsst\u00fcck lange formstabil bleibt.<\/p>\n<\/li>\n<li>\n<p data-path-to-node=\"9,4,0\"><b data-path-to-node=\"9,4,0\" data-index-in-node=\"0\">Passendes Bandana:<\/b> Zum Set geh\u00f6rt ein flexibles, elegantes Bandana mit Spitzenschleife, das die Eleganz des Kleides unterstreicht.<\/p>\n<\/li>\n<\/ul>\n<h3 data-path-to-node=\"10\"><b data-path-to-node=\"10\" data-index-in-node=\"0\">Anwendungsgebiete:<\/b><\/h3>\n<p data-path-to-node=\"11\">Es ist die perfekte Wahl f\u00fcr Geburtstagsfeiern, Hochzeiten, religi\u00f6se Zeremonien und professionelle Fotoshootings.<\/p>\n<h5 data-path-to-node=\"11\">Hinweis: Die Preise verstehen sich pro Einheit. Bei Ihrer Bestellung erhalten Sie 4 Einheiten (9 Monate, 12 Monate, 18 Monate, 24 Monate).<\/h5>","protected":false},"excerpt":{"rendered":"<p>Dieses elegante und bezaubernde Babykleidchen mit Pailletten und besonderen Stoffdetails rundet den stilvollen Look Ihres Babys mit einer schicken Schleife perfekt ab. Der weiche und atmungsaktive Stoff ist sanft zur empfindlichen Haut und sorgt f\u00fcr ganzt\u00e4gigen Tragekomfort. Ob f\u00fcr besondere Anl\u00e4sse wie Geburtstage, Feiertage oder Fotoshootings \u2013 dieses Kleidchen ist die ideale Wahl und garantiert, dass Ihr Baby auch im Alltag stilvoll und bequem gekleidet ist. Bestellen Sie jetzt und verleihen Sie der Garderobe Ihres Babys einen eleganten Touch! Ein kostenloses Halstuch ist inklusive.<\/p>","protected":false},"featured_media":29605,"comment_status":"closed","ping_status":"closed","template":"","meta":[],"product_brand":[74],"product_cat":[75,20,113],"product_tag":[],"class_list":{"0":"post-29604","1":"product","2":"type-product","3":"status-publish","4":"has-post-thumbnail","6":"product_brand-noy-noy","7":"product_cat-elbise","8":"product_cat-genel","9":"product_cat-kiz-cocuk","11":"first","12":"outofstock","13":"taxable","14":"shipping-taxable","15":"purchasable","16":"product-type-simple"},"_links":{"self":[{"href":"https:\/\/www.noynoybaby.com\/de\/wp-json\/wp\/v2\/product\/29604","targetHints":{"allow":["GET"]}}],"collection":[{"href":"https:\/\/www.noynoybaby.com\/de\/wp-json\/wp\/v2\/product"}],"about":[{"href":"https:\/\/www.noynoybaby.com\/de\/wp-json\/wp\/v2\/types\/product"}],"replies":[{"embeddable":true,"href":"https:\/\/www.noynoybaby.com\/de\/wp-json\/wp\/v2\/comments?post=29604"}],"version-history":[{"count":11,"href":"https:\/\/www.noynoybaby.com\/de\/wp-json\/wp\/v2\/product\/29604\/revisions"}],"predecessor-version":[{"id":30080,"href":"https:\/\/www.noynoybaby.com\/de\/wp-json\/wp\/v2\/product\/29604\/revisions\/30080"}],"wp:featuredmedia":[{"embeddable":true,"href":"https:\/\/www.noynoybaby.com\/de\/wp-json\/wp\/v2\/media\/29605"}],"wp:attachment":[{"href":"https:\/\/www.noynoybaby.com\/de\/wp-json\/wp\/v2\/media?parent=29604"}],"wp:term":[{"taxonomy":"product_brand","embeddable":true,"href":"https:\/\/www.noynoybaby.com\/de\/wp-json\/wp\/v2\/product_brand?post=29604"},{"taxonomy":"product_cat","embeddable":true,"href":"https:\/\/www.noynoybaby.com\/de\/wp-json\/wp\/v2\/product_cat?post=29604"},{"taxonomy":"product_tag","embeddable":true,"href":"https:\/\/www.noynoybaby.com\/de\/wp-json\/wp\/v2\/product_tag?post=29604"}],"curies":[{"name":"wp","href":"https:\/\/api.w.org\/{rel}","templated":true}]}}