{"id":29593,"date":"2026-01-28T09:07:51","date_gmt":"2026-01-28T06:07:51","guid":{"rendered":"http:\/\/www.noynoybaby.com\/?post_type=product&#038;p=29593"},"modified":"2026-04-01T11:23:55","modified_gmt":"2026-04-01T08:23:55","slug":"cizgi-desenli-kiz-bebek-elbise-kopya","status":"publish","type":"product","link":"https:\/\/www.noynoybaby.com\/de\/produkt\/cizgi-desenli-kiz-bebek-elbise-kopya\/","title":{"rendered":"Baby-Set aus Baumwollstrick (Oberteil und Unterteil) 9-24 Monate"},"content":{"rendered":"<p data-path-to-node=\"6\"><b data-path-to-node=\"6\" data-index-in-node=\"0\">Nat\u00fcrliches Gef\u00fchl, maximaler Komfort: NoyNoy Baby 3-teiliges Kombi-Set<\/b><\/p>\n<p data-path-to-node=\"7\">Wie w\u00e4re es, dem Alltagsstil Ihres Babys eine nat\u00fcrliche Note zu verleihen? Dieses 3-teilige Set aus einem speziellen, strukturierten Stoff und mit handgefertigt wirkenden Stickereien ist eines der charakteristischen St\u00fccke von Noynoy Baby, das Komfort und \u00c4sthetik vereint.<\/p>\n<h3 data-path-to-node=\"8\"><b data-path-to-node=\"8\" data-index-in-node=\"0\">Produktinhalt und Merkmale:<\/b><\/h3>\n<ul data-path-to-node=\"9\">\n<li>\n<p data-path-to-node=\"9,0,0\"><b data-path-to-node=\"9,0,0\" data-index-in-node=\"0\">Strukturierte Oberfl\u00e4che:<\/b> Dieses T-Shirt, das sich durch seinen leicht volumin\u00f6sen Stoff auszeichnet, l\u00e4sst sich dank der Holzkn\u00f6pfe an der Schulter besonders einfach anziehen. Eine kleine Tasche auf der Vorderseite rundet das Design ab.<\/p>\n<\/li>\n<li>\n<p data-path-to-node=\"9,1,0\"><b data-path-to-node=\"9,1,0\" data-index-in-node=\"0\">Bestickte Shorts:<\/b> Die gesamte Shorts ist mit zarten Blumenmustern bestickt. Dank des flexiblen Bundes und der bequemen Passform ist sie ideal f\u00fcr aktive Babys.<\/p>\n<\/li>\n<li>\n<p data-path-to-node=\"9,2,0\"><b data-path-to-node=\"9,2,0\" data-index-in-node=\"0\">Passender Schal:<\/b> Der dreieckige Schal, der die gleiche Textur wie die Kleidung des Teams aufweist, kann sowohl als modisches Accessoire als auch als praktisches Sabberl\u00e4tzchen verwendet werden.<\/p>\n<\/li>\n<li>\n<p data-path-to-node=\"9,3,0\"><b data-path-to-node=\"9,3,0\" data-index-in-node=\"0\">Nat\u00fcrliches Material:<\/b> Hergestellt aus hochwertigen, atmungsaktiven und weichen Stoffen, die die Haut Ihres Babys nicht reizen.<\/p>\n<\/li>\n<\/ul>\n<h3 data-path-to-node=\"10\"><b data-path-to-node=\"10\" data-index-in-node=\"0\">Anwendungsgebiete:<\/b><\/h3>\n<p data-path-to-node=\"11\">Ob beim Parkbesuch oder Familienausflug \u2013 Ihr Baby ist damit in jeder Situation stilvoll und komfortabel gekleidet. Die sanfte ecrufarbene Optik macht es f\u00fcr jede Jahreszeit und jeden Stil geeignet.<\/p>\n<h5>Hinweis: Die Preise verstehen sich pro Einheit. Bei Ihrer Bestellung erhalten Sie 4 Einheiten (9 Monate, 12 Monate, 18 Monate, 24 Monate).<\/h5>\n<p>&nbsp;<\/p>","protected":false},"excerpt":{"rendered":"<p>Dieses Set aus gestrickten Shorts aus Baumwolle mit zarten Spitzendetails und Futter rundet den stilvollen Look Ihres Babys perfekt ab. Der weiche und atmungsaktive Stoff ist sanft zur empfindlichen Haut und sorgt f\u00fcr ganzt\u00e4gigen Tragekomfort. Ob f\u00fcr besondere Anl\u00e4sse wie Geburtstage, Feiertage oder Fotoshootings \u2013 dieses Set garantiert Ihrem Baby auch im Alltag einen stilvollen und bequemen Auftritt. Bestellen Sie jetzt und verleihen Sie der Garderobe Ihres Babys einen Hauch von Eleganz! Ein passender Schal\/Stola ist im Lieferumfang enthalten.<\/p>","protected":false},"featured_media":29596,"comment_status":"closed","ping_status":"closed","template":"","meta":[],"product_brand":[74],"product_cat":[79,114,20,113],"product_tag":[],"class_list":{"0":"post-29593","1":"product","2":"type-product","3":"status-publish","4":"has-post-thumbnail","6":"product_brand-noy-noy","7":"product_cat-alt-ust-takim","8":"product_cat-erkek-cocuk","9":"product_cat-genel","10":"product_cat-kiz-cocuk","12":"first","13":"outofstock","14":"taxable","15":"shipping-taxable","16":"purchasable","17":"product-type-simple"},"_links":{"self":[{"href":"https:\/\/www.noynoybaby.com\/de\/wp-json\/wp\/v2\/product\/29593","targetHints":{"allow":["GET"]}}],"collection":[{"href":"https:\/\/www.noynoybaby.com\/de\/wp-json\/wp\/v2\/product"}],"about":[{"href":"https:\/\/www.noynoybaby.com\/de\/wp-json\/wp\/v2\/types\/product"}],"replies":[{"embeddable":true,"href":"https:\/\/www.noynoybaby.com\/de\/wp-json\/wp\/v2\/comments?post=29593"}],"version-history":[{"count":11,"href":"https:\/\/www.noynoybaby.com\/de\/wp-json\/wp\/v2\/product\/29593\/revisions"}],"predecessor-version":[{"id":30057,"href":"https:\/\/www.noynoybaby.com\/de\/wp-json\/wp\/v2\/product\/29593\/revisions\/30057"}],"wp:featuredmedia":[{"embeddable":true,"href":"https:\/\/www.noynoybaby.com\/de\/wp-json\/wp\/v2\/media\/29596"}],"wp:attachment":[{"href":"https:\/\/www.noynoybaby.com\/de\/wp-json\/wp\/v2\/media?parent=29593"}],"wp:term":[{"taxonomy":"product_brand","embeddable":true,"href":"https:\/\/www.noynoybaby.com\/de\/wp-json\/wp\/v2\/product_brand?post=29593"},{"taxonomy":"product_cat","embeddable":true,"href":"https:\/\/www.noynoybaby.com\/de\/wp-json\/wp\/v2\/product_cat?post=29593"},{"taxonomy":"product_tag","embeddable":true,"href":"https:\/\/www.noynoybaby.com\/de\/wp-json\/wp\/v2\/product_tag?post=29593"}],"curies":[{"name":"wp","href":"https:\/\/api.w.org\/{rel}","templated":true}]}}